
{"id":9964,"date":"2022-03-25T22:38:37","date_gmt":"2022-03-26T02:38:37","guid":{"rendered":"https:\/\/cebem.org\/?page_id=9964"},"modified":"2022-06-09T11:00:55","modified_gmt":"2022-06-09T15:00:55","slug":"material-del-taller-de-capacitacion-sobre-datos-censales","status":"publish","type":"page","link":"https:\/\/cebem.org\/?page_id=9964","title":{"rendered":"Material del Taller de Capacitaci\u00f3n sobre Datos Censales"},"content":{"rendered":"\n<h3 class=\"wp-block-heading\">Archivos a descargar<\/h3>\n\n\n\n<div class=\"wp-block-file\"><a id=\"wp-block-file--media-52426f8c-04b9-4cea-8c5d-6bf23ae3ceb9\" href=\"https:\/\/cebem.org\/wp-content\/uploads\/2022\/03\/Manual-de-Censos.pdf\" target=\"_blank\" rel=\"noreferrer noopener\">Manual de Censos<\/a><a href=\"https:\/\/cebem.org\/wp-content\/uploads\/2022\/03\/Manual-de-Censos.pdf\" class=\"wp-block-file__button\" download aria-describedby=\"wp-block-file--media-52426f8c-04b9-4cea-8c5d-6bf23ae3ceb9\">Descarga<\/a><\/div>\n\n\n\n<div class=\"wp-block-file\"><a id=\"wp-block-file--media-04b64588-03fd-489a-80ab-9adadee06a25\" href=\"https:\/\/cebem.org\/wp-content\/uploads\/2022\/03\/Principios-de-Censos.pdf\" target=\"_blank\" rel=\"noreferrer noopener\">Principios y recomendaciones para los censos de poblaci\u00f3n y habitaci\u00f3n<\/a><a href=\"https:\/\/cebem.org\/wp-content\/uploads\/2022\/03\/Principios-de-Censos.pdf\" class=\"wp-block-file__button\" download aria-describedby=\"wp-block-file--media-04b64588-03fd-489a-80ab-9adadee06a25\">Descarga<\/a><\/div>\n\n\n\n<h3 class=\"wp-block-heading\">Boletas Censales por pa\u00edses<\/h3>\n\n\n\n<div class=\"wp-block-file\"><a id=\"wp-block-file--media-d8224887-40bb-4a64-b8f0-2c08487a9052\" href=\"https:\/\/cebem.org\/wp-content\/uploads\/2022\/03\/8-BOLETA-CENSAL-VMR_2012.pdf\" target=\"_blank\" rel=\"noreferrer noopener\">Boleta de Bolivia de 2012<\/a><a href=\"https:\/\/cebem.org\/wp-content\/uploads\/2022\/03\/8-BOLETA-CENSAL-VMR_2012.pdf\" class=\"wp-block-file__button\" download aria-describedby=\"wp-block-file--media-d8224887-40bb-4a64-b8f0-2c08487a9052\">Descarga<\/a><\/div>\n\n\n\n<div class=\"wp-block-file\"><a id=\"wp-block-file--media-38a93c51-2ea0-432c-8d9e-936123d2c6cc\" href=\"https:\/\/cebem.org\/wp-content\/uploads\/2022\/04\/BOLETA-CENSO-ARGENTINO-2022.pdf\" target=\"_blank\" rel=\"noreferrer noopener\">Boleta Censo Argentina 2022<\/a><a href=\"https:\/\/cebem.org\/wp-content\/uploads\/2022\/04\/BOLETA-CENSO-ARGENTINO-2022.pdf\" class=\"wp-block-file__button\" download aria-describedby=\"wp-block-file--media-38a93c51-2ea0-432c-8d9e-936123d2c6cc\">Descarga<\/a><\/div>\n\n\n\n<div class=\"wp-block-file\"><a id=\"wp-block-file--media-6c5024ef-278c-415f-9230-314161cc5112\" href=\"https:\/\/cebem.org\/wp-content\/uploads\/2022\/04\/BOLETA-CENSO-BRASIL-2010.pdf\" target=\"_blank\" rel=\"noreferrer noopener\">Boleta Censo Brasil 2010<\/a><a href=\"https:\/\/cebem.org\/wp-content\/uploads\/2022\/04\/BOLETA-CENSO-BRASIL-2010.pdf\" class=\"wp-block-file__button\" download aria-describedby=\"wp-block-file--media-6c5024ef-278c-415f-9230-314161cc5112\">Descarga<\/a><\/div>\n\n\n\n<div class=\"wp-block-file\"><a id=\"wp-block-file--media-7c85ce58-e6a0-4152-8549-0cfdef3c1068\" href=\"https:\/\/cebem.org\/wp-content\/uploads\/2022\/04\/BOLETA-CENSO-CHILE-2017.pdf\" target=\"_blank\" rel=\"noreferrer noopener\">Boleta Censo Chile 2017<\/a><a href=\"https:\/\/cebem.org\/wp-content\/uploads\/2022\/04\/BOLETA-CENSO-CHILE-2017.pdf\" class=\"wp-block-file__button\" download aria-describedby=\"wp-block-file--media-7c85ce58-e6a0-4152-8549-0cfdef3c1068\">Descarga<\/a><\/div>\n\n\n\n<div class=\"wp-block-file\"><a id=\"wp-block-file--media-106f37fa-999b-46d9-a762-8daccd1fb5f5\" href=\"https:\/\/cebem.org\/wp-content\/uploads\/2022\/04\/BOLETA-CENSO-COLOMBIA.pdf\" target=\"_blank\" rel=\"noreferrer noopener\">Boleta Censo Colombia<\/a><a href=\"https:\/\/cebem.org\/wp-content\/uploads\/2022\/04\/BOLETA-CENSO-COLOMBIA.pdf\" class=\"wp-block-file__button\" download aria-describedby=\"wp-block-file--media-106f37fa-999b-46d9-a762-8daccd1fb5f5\">Descarga<\/a><\/div>\n\n\n\n<div class=\"wp-block-file\"><a id=\"wp-block-file--media-dcbd7040-ad17-444c-b970-d140e94ac73d\" href=\"https:\/\/cebem.org\/wp-content\/uploads\/2022\/04\/BOLETA-CENSO-COSTA-RICA-2011.pdf\" target=\"_blank\" rel=\"noreferrer noopener\">Boleta Censo Costa Rica 2011<\/a><a href=\"https:\/\/cebem.org\/wp-content\/uploads\/2022\/04\/BOLETA-CENSO-COSTA-RICA-2011.pdf\" class=\"wp-block-file__button\" download aria-describedby=\"wp-block-file--media-dcbd7040-ad17-444c-b970-d140e94ac73d\">Descarga<\/a><\/div>\n\n\n\n<div class=\"wp-block-file\"><a id=\"wp-block-file--media-acfaf8c5-f602-4042-b6b3-c10a7e6e448b\" href=\"https:\/\/cebem.org\/wp-content\/uploads\/2022\/04\/BOLETA-CENSO-CUBA-2012-A.pdf\" target=\"_blank\" rel=\"noreferrer noopener\">Boleta Censo Cuba 2012<\/a><a href=\"https:\/\/cebem.org\/wp-content\/uploads\/2022\/04\/BOLETA-CENSO-CUBA-2012-A.pdf\" class=\"wp-block-file__button\" download aria-describedby=\"wp-block-file--media-acfaf8c5-f602-4042-b6b3-c10a7e6e448b\">Descarga<\/a><\/div>\n\n\n\n<div class=\"wp-block-file\"><a id=\"wp-block-file--media-1f41bf07-736e-4811-ab66-fc4ebd08f4b5\" href=\"https:\/\/cebem.org\/wp-content\/uploads\/2022\/04\/BOLETA-CENSO-PANAMA-2010.pdf\" target=\"_blank\" rel=\"noreferrer noopener\">Boleta Censo Panama 2010<\/a><a href=\"https:\/\/cebem.org\/wp-content\/uploads\/2022\/04\/BOLETA-CENSO-PANAMA-2010.pdf\" class=\"wp-block-file__button\" download aria-describedby=\"wp-block-file--media-1f41bf07-736e-4811-ab66-fc4ebd08f4b5\">Descarga<\/a><\/div>\n\n\n\n<div class=\"wp-block-file\"><a id=\"wp-block-file--media-dcacda95-5b67-4398-bfd8-c9a5f997e1fa\" href=\"https:\/\/cebem.org\/wp-content\/uploads\/2022\/04\/BOLETA-CENSO-VENEZUELA-2011.pdf\" target=\"_blank\" rel=\"noreferrer noopener\">Boleta Censo Venezuela 2011<\/a><a href=\"https:\/\/cebem.org\/wp-content\/uploads\/2022\/04\/BOLETA-CENSO-VENEZUELA-2011.pdf\" class=\"wp-block-file__button\" download aria-describedby=\"wp-block-file--media-dcacda95-5b67-4398-bfd8-c9a5f997e1fa\">Descarga<\/a><\/div>\n\n\n\n<div class=\"wp-block-file\"><a id=\"wp-block-file--media-f5e9f788-30c2-486d-93cd-0b465f0a10ab\" href=\"https:\/\/cebem.org\/wp-content\/uploads\/2022\/04\/BOLETAS-CENSO-NICARAGUA-2005.pdf\" target=\"_blank\" rel=\"noreferrer noopener\">Boleta Censo Nicaragua 2005<\/a><a href=\"https:\/\/cebem.org\/wp-content\/uploads\/2022\/04\/BOLETAS-CENSO-NICARAGUA-2005.pdf\" class=\"wp-block-file__button\" download aria-describedby=\"wp-block-file--media-f5e9f788-30c2-486d-93cd-0b465f0a10ab\">Descarga<\/a><\/div>\n\n\n\n<h3 class=\"wp-block-heading\">Direcciones web<\/h3>\n\n\n\n<p><a href=\"https:\/\/digitallibrary.un.org\/record\/204185?ln=es\" target=\"_blank\" rel=\"noreferrer noopener\">2000 World Population and Housing Census Programme<\/a><\/p>\n\n\n\n<p><a href=\"https:\/\/www.unfpa.org\/es\/cambio-clim%C3%A1tico#readmore-expand\" target=\"_blank\" rel=\"noreferrer noopener\">Poblaci\u00f3n y Cambio Clim\u00e1tico<\/a><\/p>\n\n\n\n<h3 class=\"wp-block-heading\">Diapositivas de las sesiones de junio<\/h3>\n\n\n\n<div class=\"wp-block-file\"><a id=\"wp-block-file--media-993c3f85-f1a1-4eca-908b-28b2d98a964a\" href=\"https:\/\/cebem.org\/wp-content\/uploads\/2022\/06\/CURSO-JUNIO-2022-VMR.pdf\" target=\"_blank\" rel=\"noreferrer noopener\">Diapositiva de la 1era sesi\u00f3n &#8211; 7 de junio<\/a><a href=\"https:\/\/cebem.org\/wp-content\/uploads\/2022\/06\/CURSO-JUNIO-2022-VMR.pdf\" class=\"wp-block-file__button\" download aria-describedby=\"wp-block-file--media-993c3f85-f1a1-4eca-908b-28b2d98a964a\">Descarga<\/a><\/div>\n\n\n\n<div class=\"wp-block-file\"><a id=\"wp-block-file--media-fde5e691-2f75-4c4c-9502-fed0b46fb407\" href=\"https:\/\/cebem.org\/wp-content\/uploads\/2022\/06\/CURSO-JUNIO-2022-SEGUNDA-PARTE-VMR-final.pdf\" target=\"_blank\" rel=\"noreferrer noopener\">Diapositiva de la 2da sesi\u00f3n &#8211; 9 de junio<\/a><a href=\"https:\/\/cebem.org\/wp-content\/uploads\/2022\/06\/CURSO-JUNIO-2022-SEGUNDA-PARTE-VMR-final.pdf\" class=\"wp-block-file__button\" download aria-describedby=\"wp-block-file--media-fde5e691-2f75-4c4c-9502-fed0b46fb407\">Descarga<\/a><\/div>\n\n\n\n<h3 class=\"wp-block-heading\">Diapositivas de las sesiones de marzo<\/h3>\n\n\n\n<div class=\"wp-block-file\"><a id=\"wp-block-file--media-dbdf6c35-27a9-43c1-a7d7-c19337239bc1\" href=\"https:\/\/cebem.org\/wp-content\/uploads\/2022\/04\/RUTA-DEL-CENSO-2022-VMR-2.pdf\" target=\"_blank\" rel=\"noreferrer noopener\">Diapositiva 1 de la sesi\u00f3n, 26 de marzo<\/a><a href=\"https:\/\/cebem.org\/wp-content\/uploads\/2022\/04\/RUTA-DEL-CENSO-2022-VMR-2.pdf\" class=\"wp-block-file__button\" download aria-describedby=\"wp-block-file--media-dbdf6c35-27a9-43c1-a7d7-c19337239bc1\">Descargar<\/a><\/div>\n\n\n\n<div class=\"wp-block-file\"><a id=\"wp-block-file--media-e7ce6b53-37a8-4a0e-ae57-4a053b58de9a\" href=\"https:\/\/cebem.org\/wp-content\/uploads\/2022\/04\/RUTA-DEL-CENSO-2022-VMR-3.pdf\" target=\"_blank\" rel=\"noreferrer noopener\">Diapositiva 2  de la sesi\u00f3n, 26 de marzo<\/a><a href=\"https:\/\/cebem.org\/wp-content\/uploads\/2022\/04\/RUTA-DEL-CENSO-2022-VMR-3.pdf\" class=\"wp-block-file__button\" download aria-describedby=\"wp-block-file--media-e7ce6b53-37a8-4a0e-ae57-4a053b58de9a\">Descarga<\/a><\/div>\n\n\n\n<div class=\"wp-block-file\"><a id=\"wp-block-file--media-73dd3789-1699-4aed-862b-775bd0dc1d47\" href=\"https:\/\/cebem.org\/wp-content\/uploads\/2022\/04\/RUTA-DEL-CENSO-2022-VMR-4.pdf\" target=\"_blank\" rel=\"noreferrer noopener\">Diapositiva 3 de la sesi\u00f3n, 2 de abril<\/a><a href=\"https:\/\/cebem.org\/wp-content\/uploads\/2022\/04\/RUTA-DEL-CENSO-2022-VMR-4.pdf\" class=\"wp-block-file__button\" download aria-describedby=\"wp-block-file--media-73dd3789-1699-4aed-862b-775bd0dc1d47\">Descarga<\/a><\/div>\n","protected":false},"excerpt":{"rendered":"<p>Archivos a descargar Boletas Censales por pa\u00edses Direcciones web 2000 World Population and Housing Census Programme Poblaci\u00f3n y Cambio Clim\u00e1tico Diapositivas de las sesiones de junio Diapositivas de las sesiones de marzo<\/p>\n","protected":false},"author":2,"featured_media":0,"parent":0,"menu_order":0,"comment_status":"closed","ping_status":"closed","template":"","meta":{"footnotes":""},"class_list":["post-9964","page","type-page","status-publish","hentry","nodate","item-wrap"],"jetpack_sharing_enabled":true,"_links":{"self":[{"href":"https:\/\/cebem.org\/index.php?rest_route=\/wp\/v2\/pages\/9964","targetHints":{"allow":["GET"]}}],"collection":[{"href":"https:\/\/cebem.org\/index.php?rest_route=\/wp\/v2\/pages"}],"about":[{"href":"https:\/\/cebem.org\/index.php?rest_route=\/wp\/v2\/types\/page"}],"author":[{"embeddable":true,"href":"https:\/\/cebem.org\/index.php?rest_route=\/wp\/v2\/users\/2"}],"replies":[{"embeddable":true,"href":"https:\/\/cebem.org\/index.php?rest_route=%2Fwp%2Fv2%2Fcomments&post=9964"}],"version-history":[{"count":8,"href":"https:\/\/cebem.org\/index.php?rest_route=\/wp\/v2\/pages\/9964\/revisions"}],"predecessor-version":[{"id":10795,"href":"https:\/\/cebem.org\/index.php?rest_route=\/wp\/v2\/pages\/9964\/revisions\/10795"}],"wp:attachment":[{"href":"https:\/\/cebem.org\/index.php?rest_route=%2Fwp%2Fv2%2Fmedia&parent=9964"}],"curies":[{"name":"wp","href":"https:\/\/api.w.org\/{rel}","templated":true}]}}