
{"id":9664,"date":"2022-03-03T22:23:56","date_gmt":"2022-03-04T02:23:56","guid":{"rendered":"https:\/\/cebem.org\/?page_id=9664"},"modified":"2022-03-03T22:23:57","modified_gmt":"2022-03-04T02:23:57","slug":"politica-anti-spam","status":"publish","type":"page","link":"https:\/\/cebem.org\/?page_id=9664","title":{"rendered":"Pol\u00edtica Anti-SPAM"},"content":{"rendered":"\n<p><strong>Cebem<\/strong>,\u00a0de acuerdo con las mejores pr\u00e1cticas del email marketing y de internet, siempre respetando la privacidad e integridad de sus clientes, manifiesta p\u00fablicamente su compromiso anti-spam. En concordancia con su pol\u00edtica de lucha contra los emails no solicitados (spam),\u00a0<strong>Cebem<\/strong>\u00a0acuerda dificultar, por todos los medios posibles, la pr\u00e1ctica de propagaci\u00f3n de spam. Dentro de las medidas adoptadas, monitoreamos constantemente nuestra lista de suscriptores para verificar si estan activas o no y asi evitar los rebotes. Todo mensaje enviado a trav\u00e9s de nuestro sistema de distribuci\u00f3n cuenta con un link para que los usuarios puedan desuscribirse (opt-out) de forma autom\u00e1tica y con un solo clic. Para aplicar como usuario de\u00a0<strong>Cebem<\/strong> y nuestra lista de suscripci\u00f3n, se tiene un formulario de suscripci\u00f3n http:\/\/lists.cebem.org\/cgi-bin\/mailman\/listinfo\/boletinredesma donde solo la instituci\u00f3n tiene el acceso a la base de datos.<\/p>\n\n\n\n<p>Combatimos al SPAM:<\/p>\n\n\n\n<ul class=\"wp-block-list\"><li><strong>Informando:\u00a0<\/strong>\u00a0informamos y capacitamos a todos los administradorres de nuestra lista en las mejores pr\u00e1cticas del email marketing para evitar el uso intencionado de sus herramientas para env\u00edos de Spam;\u00a0<\/li><li><strong>Con tecnolog\u00eda:<\/strong>\u00a0ponemos a disposici\u00f3n de los administradres de listas una serie de herramientas con el solo prop\u00f3sito de analizar sus bases y env\u00edos para evitar el env\u00edo de emails no solicitados o que pueden ser considerados como Spam.<\/li><\/ul>\n\n\n\n<p>A continuaci\u00f3n detallamos algunas de las pr\u00e1cticas adoptadas por\u00a0<strong>Cebem<\/strong>\u00a0en el compromiso de lucha contra el spam:<\/p>\n\n\n\n<h2 class=\"wp-block-heading\">Comunicaci\u00f3n clara<\/h2>\n\n\n\n<p>En el registro de\u00a0<strong>Cebem<\/strong>\u00a0todos los administradores informan como suscribir y dar de baja, y asi tambien una asistencia a los usuarios cuando tienen problemas con las bajas o altas de suscripci\u00f3n.<\/p>\n\n\n\n<h2 class=\"wp-block-heading\">Verificaci\u00f3n<\/h2>\n\n\n\n<p><strong>Cebem<\/strong>\u00a0enviar\u00e1 autom\u00e1ticamente a todos sus contactos nuevos, un email de confirmaci\u00f3n de su inter\u00e9s de recibir e-mails de su empresa \/ instituci\u00f3n.\u00a0Si su contacto cambia de opini\u00f3n y pierden inter\u00e9s en unirse a la lista, no se confirmar\u00e1 esta autorizaci\u00f3n.\u00a0Y si este contacto realmente quiere recibir sus mensajes, confirmar\u00e1 la autorizaci\u00f3n.\u00a0As\u00ed, los mensajes llegar\u00e1n solo a las personas que realmente est\u00e1n interesados en recibirlos.<\/p>\n\n\n\n<h2 class=\"wp-block-heading\">Desuscripci\u00f3n segura<\/h2>\n\n\n\n<p>Todos los correos electr\u00f3nicos enviados a trav\u00e9s de\u00a0<strong>Cebem<\/strong>\u00a0contiene un enace de desuscipci\u00f3n para darse de baja, permitiendo a sus contactos solicitar la eliminaci\u00f3n de su email.<\/p>\n\n\n\n<h2 class=\"wp-block-heading\">Identificaci\u00f3n<\/h2>\n\n\n\n<p>La informaci\u00f3n en todos los boletines sobre los responsables, siempre se encuentra presente en todas las publicaciones  enel pie de p\u00e1gina. El pie de p\u00e1gina identifica a su compa\u00f1\u00eda como el remitente y el responsable por el contenido del mensaje. <\/p>\n\n\n\n<h2 class=\"wp-block-heading\">Informaci\u00f3n de contacto<\/h2>\n\n\n\n<p>Todos los correos electr\u00f3nicos enviados desde\u00a0<strong>Cebem<\/strong>\u00a0contienen informaci\u00f3n de contacto de su organizaci\u00f3n, incluyendo el dominio y la direcci\u00f3n f\u00edsica.<\/p>\n","protected":false},"excerpt":{"rendered":"<p>Cebem,\u00a0de acuerdo con las mejores pr\u00e1cticas del email marketing y de internet, siempre respetando la privacidad e integridad de sus clientes, manifiesta p\u00fablicamente su compromiso anti-spam. En concordancia con su pol\u00edtica de lucha contra los emails no solicitados (spam),\u00a0Cebem\u00a0acuerda dificultar, por todos los medios posibles, la pr\u00e1ctica de propagaci\u00f3n de spam. Dentro de las medidas &hellip; <\/p>\n<p><a class=\"more-link btn\" href=\"https:\/\/cebem.org\/?page_id=9664\">Seguir leyendo<\/a><\/p>\n","protected":false},"author":2,"featured_media":0,"parent":0,"menu_order":0,"comment_status":"closed","ping_status":"closed","template":"","meta":{"footnotes":""},"class_list":["post-9664","page","type-page","status-publish","hentry","nodate","item-wrap"],"jetpack_sharing_enabled":false,"_links":{"self":[{"href":"https:\/\/cebem.org\/index.php?rest_route=\/wp\/v2\/pages\/9664","targetHints":{"allow":["GET"]}}],"collection":[{"href":"https:\/\/cebem.org\/index.php?rest_route=\/wp\/v2\/pages"}],"about":[{"href":"https:\/\/cebem.org\/index.php?rest_route=\/wp\/v2\/types\/page"}],"author":[{"embeddable":true,"href":"https:\/\/cebem.org\/index.php?rest_route=\/wp\/v2\/users\/2"}],"replies":[{"embeddable":true,"href":"https:\/\/cebem.org\/index.php?rest_route=%2Fwp%2Fv2%2Fcomments&post=9664"}],"version-history":[{"count":1,"href":"https:\/\/cebem.org\/index.php?rest_route=\/wp\/v2\/pages\/9664\/revisions"}],"predecessor-version":[{"id":9665,"href":"https:\/\/cebem.org\/index.php?rest_route=\/wp\/v2\/pages\/9664\/revisions\/9665"}],"wp:attachment":[{"href":"https:\/\/cebem.org\/index.php?rest_route=%2Fwp%2Fv2%2Fmedia&parent=9664"}],"curies":[{"name":"wp","href":"https:\/\/api.w.org\/{rel}","templated":true}]}}