
{"id":8,"date":"2016-01-11T10:23:45","date_gmt":"2016-01-11T14:23:45","guid":{"rendered":"http:\/\/cebem.org\/?page_id=8"},"modified":"2025-12-15T12:03:57","modified_gmt":"2025-12-15T16:03:57","slug":"que-es-cebem","status":"publish","type":"page","link":"https:\/\/cebem.org\/","title":{"rendered":"Bienvenido"},"content":{"rendered":"\n<p>El <strong>Cebem<\/strong> (Centro Boliviano de Estudios Multidisciplinarios) es una asociaci\u00f3n sin fines de lucro con sede en La Paz (Bolivia) que se dedica a la investigaci\u00f3n y a la docencia a nivel de postgrado en el campo de las ciencias sociales, como centro privado y aut\u00f3nomo. <em>Disfrute de la informaci\u00f3n y servicios que le brindamos.<\/em><\/p>\n\n\n\n<p><\/p>\n","protected":false},"excerpt":{"rendered":"<p>El Cebem (Centro Boliviano de Estudios Multidisciplinarios) es una asociaci\u00f3n sin fines de lucro con sede en La Paz (Bolivia) que se dedica a la investigaci\u00f3n y a la docencia a nivel de postgrado en el campo de las ciencias sociales, como centro privado y aut\u00f3nomo. Disfrute de la informaci\u00f3n y servicios que le brindamos.<\/p>\n","protected":false},"author":13,"featured_media":0,"parent":0,"menu_order":0,"comment_status":"closed","ping_status":"closed","template":"","meta":{"footnotes":""},"class_list":["post-8","page","type-page","status-publish","hentry","nodate","item-wrap"],"jetpack_sharing_enabled":false,"_links":{"self":[{"href":"https:\/\/cebem.org\/index.php?rest_route=\/wp\/v2\/pages\/8","targetHints":{"allow":["GET"]}}],"collection":[{"href":"https:\/\/cebem.org\/index.php?rest_route=\/wp\/v2\/pages"}],"about":[{"href":"https:\/\/cebem.org\/index.php?rest_route=\/wp\/v2\/types\/page"}],"author":[{"embeddable":true,"href":"https:\/\/cebem.org\/index.php?rest_route=\/wp\/v2\/users\/13"}],"replies":[{"embeddable":true,"href":"https:\/\/cebem.org\/index.php?rest_route=%2Fwp%2Fv2%2Fcomments&post=8"}],"version-history":[{"count":25,"href":"https:\/\/cebem.org\/index.php?rest_route=\/wp\/v2\/pages\/8\/revisions"}],"predecessor-version":[{"id":15903,"href":"https:\/\/cebem.org\/index.php?rest_route=\/wp\/v2\/pages\/8\/revisions\/15903"}],"wp:attachment":[{"href":"https:\/\/cebem.org\/index.php?rest_route=%2Fwp%2Fv2%2Fmedia&parent=8"}],"curies":[{"name":"wp","href":"https:\/\/api.w.org\/{rel}","templated":true}]}}