
{"id":690,"date":"2016-04-20T11:37:46","date_gmt":"2016-04-20T15:37:46","guid":{"rendered":"http:\/\/cebem.org\/?page_id=690"},"modified":"2016-06-27T11:44:33","modified_gmt":"2016-06-27T15:44:33","slug":"enlaces","status":"publish","type":"page","link":"https:\/\/cebem.org\/?page_id=690","title":{"rendered":"Enlaces"},"content":{"rendered":"<p><strong>Asociaci\u00f3n Mexicana de Ciencias para el Desarrollo Regional<\/strong><\/p>\n<table border=\"0\" width=\"100%\" cellspacing=\"0\" cellpadding=\"0\" align=\"center\">\n<tbody>\n<tr>\n<td>\n<div align=\"center\"><img data-recalc-dims=\"1\" decoding=\"async\" src=\"https:\/\/i0.wp.com\/cebem.org\/wp-content\/uploads\/2016\/04\/amecider.jpg?resize=187%2C183\" alt=\"amecider\" width=\"187\" height=\"183\" \/><\/div>\n<\/td>\n<td>La Asociaci\u00f3n Mexicana de Ciencias para el Desarrollo Regional A. C., (AMECIDER) es una Asociaci\u00f3n con domicilio en la ciudad de M\u00e9xico, Distrito Federal, cuyos objetivos y alcances tienen un car\u00e1cter cient\u00edfico centrado en el avance del an\u00e1lisis y el desarrollo regionales. Su campo de estudio son los espacios relativamente homog\u00e9neos definidos como regiones.<\/td>\n<\/tr>\n<\/tbody>\n<\/table>\n<p><a href=\"http:\/\/www.amecider.org.mx\/\" target=\"_blank\">Asociaci\u00f3n Mexicana de Ciencias para el Desarrollo Regional<\/a><\/p>\n<hr \/>\n<p><strong>Asociaci\u00f3n Mexicana de Estudios del Trabajo<\/strong><\/p>\n<table border=\"0\" width=\"100%\" cellspacing=\"0\" cellpadding=\"0\" align=\"center\">\n<tbody>\n<tr>\n<td>\n<div align=\"center\"><img data-recalc-dims=\"1\" decoding=\"async\" src=\"https:\/\/i0.wp.com\/cebem.org\/wp-content\/uploads\/2016\/04\/amet.jpg?resize=130%2C40\" alt=\"amet\" width=\"130\" height=\"40\" \/><\/div>\n<\/td>\n<td>La Asociaci\u00f3n Mexicana de Estudios del Trabajo A.C. (AMET) se fund\u00f3 en la Ciudad de M\u00e9xico, D.F., en Mayo de 1996 y tiene como antecedente el Primer Congreso Mexicano de Sociolog\u00eda del Trabajo.<\/td>\n<\/tr>\n<\/tbody>\n<\/table>\n<p><a href=\"http:\/\/www.izt.uam.mx\/amet\" target=\"_blank\">Asociaci\u00f3n Mexicana de Estudios del Trabajo<\/a><\/p>\n<hr \/>\n<p><strong>Association of Collegiate Schools of Planning<\/strong><\/p>\n<table border=\"0\" width=\"100%\" cellspacing=\"0\" cellpadding=\"0\" align=\"center\">\n<tbody>\n<tr>\n<td>\n<div align=\"center\"><img data-recalc-dims=\"1\" decoding=\"async\" class=\"aligncenter size-full wp-image-693\" src=\"https:\/\/i0.wp.com\/cebem.org\/wp-content\/uploads\/2016\/04\/acsp.jpg?resize=104%2C105\" alt=\"acsp\" width=\"104\" height=\"105\" \/><\/div>\n<\/td>\n<td>The Association of Collegiate Schools of Planning (ACSP) is a consortium of university-based programs offering credentials in urban and regional planning. Acting together, the ACSP member school faculty are able to express their shared commitments to understanding the dynamics of urban and regional development, enhancing planning practices, and improving the education of both novice and experienced planners.<\/td>\n<\/tr>\n<\/tbody>\n<\/table>\n<p><a href=\"http:\/\/www.acsp.org\/\" target=\"_blank\">Association of Collegiate Schools of Planning<\/a><\/p>\n<hr \/>\n<p><strong>Centro de Estudios en Relaciones Internacionales de Rosario<\/strong><\/p>\n<table border=\"0\" width=\"100%\" cellspacing=\"0\" cellpadding=\"0\" align=\"center\">\n<tbody>\n<tr>\n<td>\n<div align=\"center\"><img data-recalc-dims=\"1\" loading=\"lazy\" decoding=\"async\" class=\"aligncenter size-full wp-image-694\" src=\"https:\/\/i0.wp.com\/cebem.org\/wp-content\/uploads\/2016\/04\/23_48_32_en-img_n-2.jpg?resize=90%2C88\" alt=\"23_48_32_en-img_n-2\" width=\"90\" height=\"88\" \/><\/div>\n<\/td>\n<td>El CERIR es una instituci\u00f3n sin fines de lucro dedicada al campo de la investigaci\u00f3n y docencia en Relaciones Internacionales.<\/td>\n<\/tr>\n<\/tbody>\n<\/table>\n<p><a href=\"http:\/\/www.cerir.com.ar\/\" target=\"_blank\">Centro de Estudios en Relaciones Internacionales de Rosario<\/a><\/p>\n<hr \/>\n<p><strong>Centro Interdisciplinario de Estudios Sobre Desarrollo (CIDER)<\/strong><\/p>\n<table border=\"0\" width=\"100%\" cellspacing=\"0\" cellpadding=\"0\" align=\"center\">\n<tbody>\n<tr>\n<td>\n<div align=\"center\"><img data-recalc-dims=\"1\" loading=\"lazy\" decoding=\"async\" class=\"aligncenter wp-image-695\" src=\"https:\/\/i0.wp.com\/cebem.org\/wp-content\/uploads\/2016\/04\/23_48_273_en-img_n-2.jpg?resize=251%2C69\" alt=\"23_48_273_en-img_n-2\" width=\"251\" height=\"69\" \/><\/div>\n<\/td>\n<td>El CIDER es un centro interdisciplinario de investigaci\u00f3n sobre desarrollo, con una trayectoria de 30 a\u00f1os en docencia, investigaci\u00f3n, asesor\u00eda y consultor\u00eda y extensi\u00f3n universitaria (consultor\u00eda, asesor\u00eda y educaci\u00f3n continuada). El CIDER busca contribuir a un entendimiento de los procesos de desarrollo a nivel local, regional, nacional y global, con el objeto de cualificar la pr\u00e1ctica y gesti\u00f3n del desarrollo, ya sea a trav\u00e9s de las pol\u00edticas p\u00fablicas, la gesti\u00f3n territorial, la intervenci\u00f3n privada o desde las organizaciones y la sociedad.<\/td>\n<\/tr>\n<\/tbody>\n<\/table>\n<p><a href=\"http:\/\/cider.uniandes.edu.co\/\" target=\"_blank\">Centro Interdisciplinario de Estudios Sobre Desarrollo (CIDER)<\/a><\/p>\n<hr \/>\n<p><strong>Foro Iberoamericano sobre Estrat\u00e9gias de Comunicaci\u00f3n<\/strong><\/p>\n<table border=\"0\" width=\"100%\" cellspacing=\"0\" cellpadding=\"0\" align=\"center\">\n<tbody>\n<tr>\n<td>\n<div align=\"center\"><img data-recalc-dims=\"1\" loading=\"lazy\" decoding=\"async\" class=\"aligncenter size-full wp-image-696\" src=\"https:\/\/i0.wp.com\/cebem.org\/wp-content\/uploads\/2016\/04\/fisec.jpg?resize=104%2C71\" alt=\"fisec\" width=\"104\" height=\"71\" \/><\/div>\n<\/td>\n<td>El Foro Iberoamericano Sobre Estrategias de Comunicaci\u00f3n (FISEC) es una asociaci\u00f3n sin \u00e1nimo de lucro constituida en 2003 por un reducido grupo de acad\u00e9micos y expertos del mundo profesional de la Comunicaci\u00f3n, con la intenci\u00f3n de favorecer el intercambio m\u00e1s rico y productivo posible entre sus miembros, estudiosos, acad\u00e9micos y profesionales de la Comunicaci\u00f3n Estrat\u00e9gica dentro del \u00e1mbito Iberoamericano.<\/td>\n<\/tr>\n<\/tbody>\n<\/table>\n<p><a href=\"http:\/\/www.fisecinternacional.com\/\" target=\"_blank\">Foro Iberoamericano sobre Estrat\u00e9gias de Comunicaci\u00f3n<\/a><\/p>\n<hr \/>\n<p><strong>Fundaci\u00f3n Oficina de Investigaciones Sociales y del Desarrollo<\/strong><\/p>\n<table border=\"0\" width=\"100%\" cellspacing=\"0\" cellpadding=\"0\" align=\"center\">\n<tbody>\n<tr>\n<td>\n<div align=\"center\"><img data-recalc-dims=\"1\" loading=\"lazy\" decoding=\"async\" class=\"aligncenter size-full wp-image-697\" src=\"https:\/\/i0.wp.com\/cebem.org\/wp-content\/uploads\/2016\/04\/fundi.jpg?resize=104%2C72\" alt=\"fundi\" width=\"104\" height=\"72\" \/><\/div>\n<\/td>\n<td>La Fundaci\u00f3n OFIS (Oficina de Investigaciones Sociales y del Desarrollo) es una Organizaci\u00f3n No Gubernamental que, desde hace 15 a\u00f1os, apuesta por el Desarrollo Local de aquellos sectores con menor posibilidad de protagonismo social, econ\u00f3mico y pol\u00edtico del Ecuador.<\/td>\n<\/tr>\n<\/tbody>\n<\/table>\n<p><a href=\"http:\/\/www.fundacionofis.org.ec\/\" target=\"_blank\">Fundaci\u00f3n Oficina de Investigaciones Sociales y del Desarrollo <\/a><\/p>\n<hr \/>\n<p><strong>Geo Cr\u00edtica<\/strong><\/p>\n<table border=\"0\" width=\"100%\" cellspacing=\"0\" cellpadding=\"0\" align=\"center\">\n<tbody>\n<tr>\n<td>\n<div align=\"center\"><img data-recalc-dims=\"1\" loading=\"lazy\" decoding=\"async\" class=\"aligncenter size-full wp-image-698\" src=\"https:\/\/i0.wp.com\/cebem.org\/wp-content\/uploads\/2016\/04\/23_48_1412_en-img_n-2.gif?resize=81%2C63\" alt=\"23_48_1412_en-img_n-2\" width=\"81\" height=\"63\" \/><\/div>\n<\/td>\n<td>Con el nombre de GEO CR\u00cdTICA. CUADERNOS CR\u00cdTICOS DE GEOGRAF\u00cdA HUMANAs e inici\u00f3, en 1976, una publicaci\u00f3n bimestral que edit\u00f3l a C\u00e1tedra de Geograf\u00eda Humana de la Universidad de Barcelona, bajo la direcci\u00f3n de Horacio Capel. Los objetivos de esta publicaci\u00f3n peri\u00f3dica, expl\u00edcitos desde el primer n\u00famero, fueron la cr\u00edtica de las concepciones te\u00f3ricas dominantes en la geograf\u00eda, la utilizaci\u00f3n de la ciencia geogr\u00e1fica como herramienta cr\u00edtica frente a la realidad social y el desarrollo de \u00abotra\u00bb geograf\u00eda fruto de la creaci\u00f3n colectiva y de la discusi\u00f3n rigurosa.<\/td>\n<\/tr>\n<\/tbody>\n<\/table>\n<p><a href=\"http:\/\/www.ub.es\/geocrit\/menu.htm\" target=\"_blank\">Geo Cr\u00edtica<\/a><\/p>\n<hr \/>\n<p><strong>Instituto de Altos Estudios Universitarios. Universidad de Barcelona \/Universidad de Alcal\u00e1 \/Universidad de Granada\/ Universidad de Le\u00f3n<\/strong><\/p>\n<table border=\"0\" width=\"100%\" cellspacing=\"0\" cellpadding=\"0\" align=\"center\">\n<tbody>\n<tr>\n<td>\n<div align=\"center\"><img data-recalc-dims=\"1\" loading=\"lazy\" decoding=\"async\" class=\"aligncenter size-full wp-image-699\" src=\"https:\/\/i0.wp.com\/cebem.org\/wp-content\/uploads\/2016\/04\/23_48_856_en-img_n-2.jpg?resize=90%2C62\" alt=\"23_48_856_en-img_n-2\" width=\"90\" height=\"62\" \/><\/div>\n<\/td>\n<td>Los Programas de Altos Estudios Universitarios est\u00e1n integrados por cursos de especializaci\u00f3n, postgrados y m\u00e1sters que se realizan a trav\u00e9s de un Campus Virtual de perfil acad\u00e9mico. Han sido dise\u00f1ados por un equipo internacional y multidisciplinar, formado por profesores de universidad, investigadores y profesionales expertos en cada una de las \u00e1reas tem\u00e1ticas de los cursos, por especialistas en formaci\u00f3n no presencial y en tecnolog\u00edas inform\u00e1ticas y multimedia.<\/td>\n<\/tr>\n<\/tbody>\n<\/table>\n<p><a href=\"http:\/\/www.insmb.com.es\/\" target=\"_blank\">Instituto de Altos Estudios Universitarios. Universidad de Barcelona \/Universidad de Alcal\u00e1 \/Universidad de Granada\/ Universidad de Le\u00f3n<\/a><\/p>\n<hr \/>\n<p><strong>Instituto Mora<\/strong><\/p>\n<table border=\"0\" width=\"100%\" cellspacing=\"0\" cellpadding=\"0\" align=\"center\">\n<tbody>\n<tr>\n<td>\n<div align=\"center\"><img data-recalc-dims=\"1\" loading=\"lazy\" decoding=\"async\" class=\"aligncenter size-full wp-image-700\" src=\"https:\/\/i0.wp.com\/cebem.org\/wp-content\/uploads\/2016\/04\/mora-1.jpg?resize=80%2C80\" alt=\"mora\" width=\"80\" height=\"80\" \/><\/div>\n<\/td>\n<td>El Instituto de Investigaciones Dr. Jos\u00e9 Mar\u00eda Luis Mora es reconocido en el mundo acad\u00e9mico nacional e internacional por la excelencia en la investigaci\u00f3n en historia y ciencias sociales y por la calidad de las maestr\u00edas que imparte. Asimismo, por la riqueza de su biblioteca y por la diversidad e inter\u00e9s de sus publicaciones.<\/td>\n<\/tr>\n<\/tbody>\n<\/table>\n<p><a href=\"http:\/\/www.institutomora.edu.mx\/\" target=\"_blank\">Instituto Mora<\/a><\/p>\n<hr \/>\n<p><strong>Institutos Multidisciplinarios &#8211; Universidad Nacional de Cuyo<\/strong><\/p>\n<table border=\"0\" width=\"100%\" cellspacing=\"0\" cellpadding=\"0\" align=\"center\">\n<tbody>\n<tr>\n<td>\n<div align=\"center\"><img data-recalc-dims=\"1\" loading=\"lazy\" decoding=\"async\" class=\"aligncenter size-full wp-image-701\" src=\"https:\/\/i0.wp.com\/cebem.org\/wp-content\/uploads\/2016\/04\/23_48_1123_en-img_n-2.jpg?resize=80%2C57\" alt=\"23_48_1123_en-img_n-2\" width=\"80\" height=\"57\" \/><\/div>\n<\/td>\n<td>La Universidad Nacional de Cuyo ha creado los Institutos Multidisciplinarios, con el objetivo de impulsar la multidisciplinariedad y el abordaje de tem\u00e1ticas estrat\u00e9gicas para el contexto, proporcionando espacios para la investigaci\u00f3n, desarrollo de proyectos y actividades relacionadas con la Energ\u00eda, las Ciencias Ambientales, la Producci\u00f3n y el Trabajo.<\/td>\n<\/tr>\n<\/tbody>\n<\/table>\n<p><a href=\"http:\/\/www.imd.uncu.edu.ar\/\" target=\"_blank\">Institutos Multidisciplinarios &#8211; Universidad Nacional de Cuyo <\/a><\/p>\n<hr \/>\n<p><strong>Latin American Real Estate Society<\/strong><\/p>\n<table border=\"0\" width=\"100%\" cellspacing=\"0\" cellpadding=\"0\" align=\"center\">\n<tbody>\n<tr>\n<td>\n<div align=\"center\"><img data-recalc-dims=\"1\" loading=\"lazy\" decoding=\"async\" class=\"aligncenter size-full wp-image-702\" src=\"https:\/\/i0.wp.com\/cebem.org\/wp-content\/uploads\/2016\/04\/lares.jpg?resize=103%2C60\" alt=\"lares\" width=\"103\" height=\"60\" \/><\/div>\n<\/td>\n<td>A Sociedade Latino Americana de Estudos Imobili\u00e1rios &#8211; LARES &#8211; tem como objetivo incentivar o desenvolvimento de estudos nas \u00e1reas de: an\u00e1lise de investimentos, an\u00e1lise de mercado, aspectos jur\u00eddicos, assuntos corporativos, avalia\u00e7\u00e3o imobili\u00e1ria, desenvolvimento urbano, finan\u00e7as, gest\u00e3o de empreendimentos, intermedia\u00e7\u00e3o de neg\u00f3cios imobili\u00e1rios, meio ambiente e m\u00e9todos de pesquisa. Nossos associados s\u00e3o profissionais, acad\u00eamicos e pesquisadores que atrav\u00e9s dessa sociedade participam de interc\u00e2mbios com sociedades afins. Somos afiliados \u00e0 IRES &#8211; Internacional Real Estate Society.<\/td>\n<\/tr>\n<\/tbody>\n<\/table>\n<p><a href=\"http:\/\/www.lares.org.br\/\" target=\"_blank\">Latin American Real Estate Society <\/a><\/p>\n<hr \/>\n<p><strong>Red de Investigaci\u00f3n sobre \u00c1reas Metropolitanas de Europa y Am\u00e9rica Latina Revista Cuadernos de Geograf\u00eda<\/strong><\/p>\n<table border=\"0\" width=\"100%\" cellspacing=\"0\" cellpadding=\"0\" align=\"center\">\n<tbody>\n<tr>\n<td>\n<div align=\"center\"><img data-recalc-dims=\"1\" loading=\"lazy\" decoding=\"async\" class=\"aligncenter size-full wp-image-703\" src=\"https:\/\/i0.wp.com\/cebem.org\/wp-content\/uploads\/2016\/04\/rideal.jpg?resize=102%2C83\" alt=\"rideal\" width=\"102\" height=\"83\" \/><\/div>\n<\/td>\n<td>El Instituto de Investigaciones Dr. Jos\u00e9 Mar\u00eda Luis Mora es reconocido en el mundo acad\u00e9mico nacional e internacional por la excelencia en la investigaci\u00f3n en historia y ciencias sociales y por la calidad de las maestr\u00edas que imparte. Asimismo, por la riqueza de su biblioteca y por la diversidad e inter\u00e9s de sus publicaciones.<\/td>\n<\/tr>\n<\/tbody>\n<\/table>\n<p><a href=\"http:\/\/www.rideal.net\/\" target=\"_blank\">Red de Investigaci\u00f3n sobre \u00c1reas Metropolitanas de Europa y Am\u00e9rica Latina Revista Cuadernos de Geograf\u00eda<\/a><\/p>\n<hr \/>\n<p><strong>Revista Investigaciones Regionales<\/strong><\/p>\n<table border=\"0\" width=\"100%\" cellspacing=\"0\" cellpadding=\"0\" align=\"center\">\n<tbody>\n<tr>\n<td>\n<div align=\"center\"><img data-recalc-dims=\"1\" loading=\"lazy\" decoding=\"async\" class=\"aligncenter size-full wp-image-704\" src=\"https:\/\/i0.wp.com\/cebem.org\/wp-content\/uploads\/2016\/04\/investigaciones.jpg?resize=103%2C33\" alt=\"investigaciones\" width=\"103\" height=\"33\" \/><\/div>\n<\/td>\n<td>La revista Investigaciones Regionales nace con el objeto de abrir un nuevo cauce a la publicaci\u00f3n de los resultados de los estudios relativos a los temas regionales, tanto en Espa\u00f1a como en otros pa\u00edses europeos y latinoamericanos<\/td>\n<\/tr>\n<\/tbody>\n<\/table>\n<p><a href=\"http:\/\/www.investigacionesregionales.org\/view\/index.php\" target=\"_blank\">Revista Investigaciones Regionales<\/a><\/p>\n<hr \/>\n<p><strong>Revista Mundo Urbano<\/strong><\/p>\n<table border=\"0\" width=\"100%\" cellspacing=\"0\" cellpadding=\"0\" align=\"center\">\n<tbody>\n<tr>\n<td>\n<div align=\"center\"><img data-recalc-dims=\"1\" loading=\"lazy\" decoding=\"async\" class=\"aligncenter size-full wp-image-705\" src=\"https:\/\/i0.wp.com\/cebem.org\/wp-content\/uploads\/2016\/04\/mundo.jpg?resize=102%2C64\" alt=\"mundo\" width=\"102\" height=\"64\" \/><\/div>\n<\/td>\n<td>MUNDO URBANO es una revista virtual que tiene el prop\u00f3sito de generar un espacio de reflexi\u00f3n e intercambio de ideas y avances de investigaciones y estudios de la tem\u00e1tica urbana. Para ello edita trabajos resultantes del proceso de investigaci\u00f3n, de gesti\u00f3n y de la pr\u00e1ctica concreta enfocados a distintos temas de la ciudad.<\/td>\n<\/tr>\n<\/tbody>\n<\/table>\n<p><a href=\"http:\/\/www.mundourbano.unq.edu.ar\/\" target=\"_blank\">Revista Mundo Urbano <\/a><\/p>\n<hr \/>\n<p><strong>Revista Pol\u00edtica y Cultura<\/strong><\/p>\n<table border=\"0\" width=\"100%\" cellspacing=\"0\" cellpadding=\"0\" align=\"center\">\n<tbody>\n<tr>\n<td>\n<div align=\"center\"><img data-recalc-dims=\"1\" loading=\"lazy\" decoding=\"async\" class=\"aligncenter size-full wp-image-706\" src=\"https:\/\/i0.wp.com\/cebem.org\/wp-content\/uploads\/2016\/04\/politica.jpg?resize=85%2C71\" alt=\"politica\" width=\"85\" height=\"71\" \/><\/div>\n<\/td>\n<td>Pol\u00edtica y Cultura es una publicaci\u00f3n semestral del Departamento de Pol\u00edtica y Cultura de la Divisi\u00f3n de Ciencias Sociales de la Universidad Aut\u00f3noma Metropolitana, Unidad Xochimilco, M\u00e9xico, y forma parte de un proyecto acad\u00e9mico departamental<\/td>\n<\/tr>\n<\/tbody>\n<\/table>\n<p><a href=\"http:\/\/polcul.xoc.uam.mx\/\" target=\"_blank\">Revista Pol\u00edtica y Cultura<\/a><\/p>\n<hr \/>\n<p><strong>Universidad Complutense Madrid<\/strong><\/p>\n<table border=\"0\" width=\"100%\" cellspacing=\"0\" cellpadding=\"0\" align=\"center\">\n<tbody>\n<tr>\n<td>\n<div align=\"center\"><img data-recalc-dims=\"1\" loading=\"lazy\" decoding=\"async\" class=\"aligncenter size-full wp-image-707\" src=\"https:\/\/i0.wp.com\/cebem.org\/wp-content\/uploads\/2016\/04\/complutence.jpg?resize=103%2C50\" alt=\"complutence\" width=\"103\" height=\"50\" \/><\/div>\n<\/td>\n<td>Por su tradici\u00f3n e historia, la Universidad Complutense de Madrid (UCM) es la universidad de referencia en el Estado espa\u00f1ol. En sus aulas se han formado decenas de miles de titulados universitarios que han dirigido desde los puestos de responsabilidades en la Administraci\u00f3n y las empresas el desarrollo econ\u00f3mico, social y pol\u00edtico de Espa\u00f1a.<\/td>\n<\/tr>\n<\/tbody>\n<\/table>\n<p><a href=\"http:\/\/www.ucm.es\/\" target=\"_blank\">Universidad Complutense Madrid<\/a><\/p>\n<hr \/>\n<p><strong>Universidad de B\u00edo-B\u00edo<\/strong><\/p>\n<table border=\"0\" width=\"100%\" cellspacing=\"0\" cellpadding=\"0\" align=\"center\">\n<tbody>\n<tr>\n<td>\n<div align=\"center\"><img data-recalc-dims=\"1\" loading=\"lazy\" decoding=\"async\" class=\"aligncenter size-full wp-image-708\" src=\"https:\/\/i0.wp.com\/cebem.org\/wp-content\/uploads\/2016\/04\/biobio.jpg?resize=60%2C72\" alt=\"biobio\" width=\"60\" height=\"72\" \/><\/div>\n<\/td>\n<td>La preocupaci\u00f3n por el desarrollo de la Universidad del B\u00edo-B\u00edo en el contexto regional y nacional, donde la demanda por conocimiento es cada vez mayor, ha impulsado a adoptar un proceso de planificaci\u00f3n a partir de un enfoque sist\u00e9mico para enfrentar la diversidad de necesidades que afecta a la instituci\u00f3n.<\/td>\n<\/tr>\n<\/tbody>\n<\/table>\n<p><a href=\"http:\/\/www.ubiobio.cl\/\" target=\"_blank\">Universidad de B\u00edo-B\u00edo<\/a><\/p>\n<hr \/>\n<p><strong>Universidad Nacional de Cuyo<\/strong><\/p>\n<table border=\"0\" width=\"100%\" cellspacing=\"0\" cellpadding=\"0\" align=\"center\">\n<tbody>\n<tr>\n<td>\n<div align=\"center\"><img data-recalc-dims=\"1\" loading=\"lazy\" decoding=\"async\" class=\"aligncenter size-full wp-image-709\" src=\"https:\/\/i0.wp.com\/cebem.org\/wp-content\/uploads\/2016\/04\/cuyo.jpg?resize=104%2C18\" alt=\"cuyo\" width=\"104\" height=\"18\" \/><\/div>\n<\/td>\n<td>Actualmente, la UNCuyo cuenta con m\u00e1s de 40.000 alumnos, 4.500 docentes, m\u00e1s de 1.300 personas que cumplen funciones de apoyo acad\u00e9mico en m\u00faltiples y diversos \u00e1mbitos de las ciencias experimentales, la salud, la vida, las ciencias sociales, las artes y el dise\u00f1o y las ingenier\u00edas. En el campo de la investigaci\u00f3n, m\u00e1s de 800 proyectos propios y varios m\u00e1s en colaboraci\u00f3n hablan de nuestro inter\u00e9s y trabajo en el \u00e1rea.<\/td>\n<\/tr>\n<\/tbody>\n<\/table>\n<p><a href=\"http:\/\/www.uncuyo.edu.ar\/\" target=\"_blank\">Universidad Nacional de Cuyo<\/a><\/p>\n<hr \/>\n<p><strong>Universidad para la Cooperaci\u00f3n Internacional<\/strong><\/p>\n<table border=\"0\" width=\"100%\" cellspacing=\"0\" cellpadding=\"0\" align=\"center\">\n<tbody>\n<tr>\n<td>\n<div align=\"center\"><img data-recalc-dims=\"1\" loading=\"lazy\" decoding=\"async\" class=\"aligncenter size-full wp-image-710\" src=\"https:\/\/i0.wp.com\/cebem.org\/wp-content\/uploads\/2016\/04\/uci.jpg?resize=104%2C38\" alt=\"uci\" width=\"104\" height=\"38\" \/><\/div>\n<\/td>\n<td>La Universidad para la Cooperaci\u00f3n Internacional -UCI- es una Universidad Privada debidamente acreditada en Costa Rica por el Consejo Superior de Educaci\u00f3n de las Universidades Privadas. Surge como respuesta a la necesidad de contar con profesionales con una formaci\u00f3n inter y multidisciplinaria, poseedores de los conocimientos, herramientas y valores para liderar los procesos de cambio requeridos, bajo los conceptos de sostenibilidad y globalizaci\u00f3n.<\/td>\n<\/tr>\n<\/tbody>\n<\/table>\n<p><a href=\"http:\/\/www.uci.ac.cr\/\" target=\"_blank\">Universidad para la Cooperaci\u00f3n Internacional <\/a><\/p>\n<hr \/>\n<p><strong>Universidad Piloto de Colombia<\/strong><\/p>\n<table border=\"0\" width=\"100%\" cellspacing=\"0\" cellpadding=\"0\" align=\"center\">\n<tbody>\n<tr>\n<td>\n<div align=\"center\"><img data-recalc-dims=\"1\" loading=\"lazy\" decoding=\"async\" class=\"aligncenter size-full wp-image-711\" src=\"https:\/\/i0.wp.com\/cebem.org\/wp-content\/uploads\/2016\/04\/piloto.jpg?resize=92%2C69\" alt=\"piloto\" width=\"92\" height=\"69\" \/><\/div>\n<\/td>\n<td>La Universidad Piloto de Colombia busca la formaci\u00f3n de profesionales con conocimiento cient\u00edfico y cr\u00edtico, con mentalidad abierta a todos los aspectos de la vida y del desarrollo nacional, considerados dentro de una visi\u00f3n global y en particular, de los que caracterizan el contexto de la comunidad colombiana; mediante la investigaci\u00f3n cient\u00edfica y la formaci\u00f3n integral del hombre como instrumento de cambio, que garantice el bien com\u00fan, la estabilidad de la sociedad, el bienestar del ciudadano y el manejo adecuado del medio ambiente.<\/td>\n<\/tr>\n<\/tbody>\n<\/table>\n<p><a href=\"http:\/\/www.unipiloto.edu.co\/\" target=\"_blank\">Universidad Piloto de Colombia<\/a><\/p>\n<hr \/>\n<p><strong>York University<\/strong><\/p>\n<table border=\"0\" width=\"100%\" cellspacing=\"0\" cellpadding=\"0\" align=\"center\">\n<tbody>\n<tr>\n<td>\n<div align=\"center\"><img data-recalc-dims=\"1\" loading=\"lazy\" decoding=\"async\" class=\"aligncenter size-full wp-image-713\" src=\"https:\/\/i0.wp.com\/cebem.org\/wp-content\/uploads\/2016\/04\/23_48_28_en-img_n-2.jpg?resize=119%2C59\" alt=\"23_48_28_en-img_n-2\" width=\"119\" height=\"59\" \/><\/div>\n<\/td>\n<td>Don Newgren is spearheading the York Faculty of Fine Arts \u2019 proposed Design Research Institute (DRI), which is being established to facilitate corporate and institutional-sponsored research examining the roles that new technology and design play in everyday life. In collaboration with design institutions around the globe, the DRI will undertake three distinct activities: thematic based research, interactive database projects, and an examination of new media and infrastructure delivery.<\/td>\n<\/tr>\n<\/tbody>\n<\/table>\n<p><a href=\"http:\/\/www.yorku.ca\/web\/index.htm\" target=\"_blank\">York University<\/a><\/p>\n","protected":false},"excerpt":{"rendered":"<p>Asociaci\u00f3n Mexicana de Ciencias para el Desarrollo Regional La Asociaci\u00f3n Mexicana de Ciencias para el Desarrollo Regional A. C., (AMECIDER) es una Asociaci\u00f3n con domicilio en la ciudad de M\u00e9xico, Distrito Federal, cuyos objetivos y alcances tienen un car\u00e1cter cient\u00edfico centrado en el avance del an\u00e1lisis y el desarrollo regionales. Su campo de estudio son &hellip; <\/p>\n<p><a class=\"more-link btn\" href=\"https:\/\/cebem.org\/?page_id=690\">Seguir leyendo<\/a><\/p>\n","protected":false},"author":2,"featured_media":0,"parent":670,"menu_order":0,"comment_status":"closed","ping_status":"closed","template":"","meta":{"footnotes":""},"class_list":["post-690","page","type-page","status-publish","hentry","nodate","item-wrap"],"jetpack_sharing_enabled":true,"_links":{"self":[{"href":"https:\/\/cebem.org\/index.php?rest_route=\/wp\/v2\/pages\/690","targetHints":{"allow":["GET"]}}],"collection":[{"href":"https:\/\/cebem.org\/index.php?rest_route=\/wp\/v2\/pages"}],"about":[{"href":"https:\/\/cebem.org\/index.php?rest_route=\/wp\/v2\/types\/page"}],"author":[{"embeddable":true,"href":"https:\/\/cebem.org\/index.php?rest_route=\/wp\/v2\/users\/2"}],"replies":[{"embeddable":true,"href":"https:\/\/cebem.org\/index.php?rest_route=%2Fwp%2Fv2%2Fcomments&post=690"}],"version-history":[{"count":7,"href":"https:\/\/cebem.org\/index.php?rest_route=\/wp\/v2\/pages\/690\/revisions"}],"predecessor-version":[{"id":1082,"href":"https:\/\/cebem.org\/index.php?rest_route=\/wp\/v2\/pages\/690\/revisions\/1082"}],"up":[{"embeddable":true,"href":"https:\/\/cebem.org\/index.php?rest_route=\/wp\/v2\/pages\/670"}],"wp:attachment":[{"href":"https:\/\/cebem.org\/index.php?rest_route=%2Fwp%2Fv2%2Fmedia&parent=690"}],"curies":[{"name":"wp","href":"https:\/\/api.w.org\/{rel}","templated":true}]}}