
{"id":683,"date":"2016-04-20T11:06:41","date_gmt":"2016-04-20T15:06:41","guid":{"rendered":"http:\/\/cebem.org\/?page_id=683"},"modified":"2018-07-31T10:59:03","modified_gmt":"2018-07-31T14:59:03","slug":"encuentros-2","status":"publish","type":"page","link":"https:\/\/cebem.org\/?page_id=683","title":{"rendered":"Encuentros"},"content":{"rendered":"<p><strong>XII Encuentro de Posgrados Iberoamericanos sobre Desarrollo y Pol\u00edticas Territoriales<\/strong><\/p>\n<p>Cuenca Ecuador, del 15 al 16 de octubre de 2018<\/p>\n<ul>\n<li><a href=\"http:\/\/cebem.org\/wp-content\/uploads\/2018\/07\/Convocatoria_XI_SNDU_y_X_Congreso_OT.pdf\" target=\"_blank\" rel=\"noopener\">Convocatoria<\/a><\/li>\n<li><a href=\"http:\/\/cebem.org\/wp-content\/uploads\/2018\/07\/fiche_inscripcion_RIPPET_lvc_2018.docx\" target=\"_blank\" rel=\"noopener\">Ficha de inscripci\u00f3n<\/a><\/li>\n<li><a href=\"http:\/\/cebem.org\/wp-content\/uploads\/2018\/07\/TEMAS-PARA-EL-XI-SIMPOSIO-NACIONAL-URBANISMO.pdf\" target=\"_blank\" rel=\"noopener\">Temas del simposio<\/a><\/li>\n<\/ul>\n<hr \/>\n<p><strong>XI Encuentro de Posgrados Iberoamericanos sobre Desarrollo y Pol\u00edticas Territoriales (Rippet) \u00abResponsabilidad Social de los Posgrados en el Desarrollo Local (Conocimiento, Ciudadan\u00eda y Sustentabilidad)\u00bb<\/strong><\/p>\n<p>Mendoza, Argentina, 6 al 8 de abril de 2016<\/p>\n<ul>\n<li><a href=\"http:\/\/cebem.org\/wp-content\/uploads\/2016\/04\/Asistentes-al-Encuentro.pdf\" target=\"_blank\" rel=\"noopener\">Asistentes al Encuentro<\/a><\/li>\n<li><a href=\"http:\/\/cebem.org\/wp-content\/uploads\/2016\/04\/RIPPET-Carta-Intenci\u00f3n-160408-2.pdf\" target=\"_blank\" rel=\"noopener\">Carta de Intenci\u00f3n<\/a><\/li>\n<li><a href=\"http:\/\/cebem.org\/wp-content\/uploads\/2016\/04\/Acuerdo-XI-ENCUENTRO-DE-POSGRADOS.docx\" target=\"_blank\" rel=\"noopener\">Acuerdo del Encuentro<\/a><\/li>\n<\/ul>\n<hr \/>\n<p><strong>X Encuentro de Postgrados Iberoamericanos Sobre Desarrollo y Pol\u00edticas Territoriales \u00abPlataforma para el Fortalecimiento de Programas de Postgrado\u00bb<\/strong><\/p>\n<p>Monterrey, Nuevo Le\u00f3n, M\u00e9xico, 3 y 4 de octubre de 2013<\/p>\n<ul>\n<li><a href=\"http:\/\/cebem.org\/wp-content\/uploads\/2016\/04\/Workshop_Acuerdos_130924.pdf\" target=\"_blank\" rel=\"noopener\">Workshop Acuerdos<\/a><\/li>\n<li><a href=\"http:\/\/cebem.org\/wp-content\/uploads\/2016\/04\/RIPPET-Acuerdos-131004.pdf\" target=\"_blank\" rel=\"noopener\">Acuerdos<\/a><\/li>\n<li><a href=\"http:\/\/cebem.org\/wp-content\/uploads\/2016\/04\/RIPPET-Convocatoria-X-Monterrey-130615.pdf\" target=\"_blank\" rel=\"noopener\">Convocatoria<\/a><\/li>\n<li><a href=\"http:\/\/cebem.org\/wp-content\/uploads\/2016\/04\/Workshop-2013-Programa-130913.docx\" target=\"_blank\" rel=\"noopener\">Programa<\/a><\/li>\n<\/ul>\n<hr \/>\n<p class=\"body\"><strong>IX Encuentro de Postgrados Iberoamericanos Sobre Desarrollo y Pol\u00edticas Territoriales<\/strong><\/p>\n<p class=\"body\">Toluca, M\u00e9xico, 19 y 20 de septiembre de 2011<\/p>\n<ul>\n<li class=\"body\"><a href=\"http:\/\/cebem.org\/wp-content\/uploads\/2016\/04\/declaracion-toluca.pdf\" target=\"_blank\" rel=\"noopener\">Declaraci\u00f3n del Encuentro<\/a><\/li>\n<li class=\"body\"><a href=\"http:\/\/cebem.org\/wp-content\/uploads\/2016\/04\/grupo_2.pdf\" target=\"_blank\" rel=\"noopener\">Conclusiones grupo 2<\/a><\/li>\n<li class=\"body\"><a href=\"http:\/\/cebem.org\/wp-content\/uploads\/2016\/04\/grupo_4.pdf\" target=\"_blank\" rel=\"noopener\">Conclusiones grupo 4<\/a><\/li>\n<\/ul>\n<hr \/>\n<p class=\"body\"><strong>Encuentro extraordinario de Postgrados en Pol\u00edticas y Estudios Territoriales RIPPET<\/strong><\/p>\n<p class=\"body\">27 de octubre de 2010. Mendoza \u2013 Argentina.<\/p>\n<ul>\n<li><a href=\"http:\/\/cebem.org\/wp-content\/uploads\/2016\/04\/Cronograma_encuentro_mendoza.pdf\" target=\"_blank\" rel=\"noopener\">Documento<\/a><\/li>\n<\/ul>\n<hr \/>\n<p class=\"body\"><strong>VIII Encuentro de Postgrados Iberoamericanos sobre Desarrollo y Pol\u00edticas Territoriales<\/strong><\/p>\n<p class=\"body\">6, 7 y 8 de agosto de 2009. Manizales &#8211; Colombia<\/p>\n<ul>\n<li><a href=\"http:\/\/cebem.org\/wp-content\/uploads\/2016\/04\/Encuentro_RIPPET_act.pdf\" target=\"_blank\" rel=\"noopener\">Documento<\/a><\/li>\n<\/ul>\n<hr \/>\n<p class=\"body\"><strong>VII Encuentro de Postgrados Iberoamericanos sobre Desarrollo y Pol\u00edticas Territoriales<\/strong><\/p>\n<p class=\"body\">6 y 7 de septiembre de 2007. R\u00edo Cuarto, Provincia de C\u00f3rdoba \u2013 Argentina.<\/p>\n<ul>\n<li><a href=\"http:\/\/cebem.org\/wp-content\/uploads\/2016\/04\/VII_Encuentro_-_2007.pdf\" target=\"_blank\" rel=\"noopener\">Documento<\/a><\/li>\n<\/ul>\n<hr \/>\n<p class=\"body\"><strong>VI Encuentro de Postgrados Iberoamericanos sobre Desarrollo y Pol\u00edticas Territoriales<\/strong><\/p>\n<p class=\"body\">19 al 21 de septiembre de 2005. Toluca &#8211; M\u00e9xico<\/p>\n<ul>\n<li><a href=\"http:\/\/cebem.org\/wp-content\/uploads\/2016\/04\/enc6_rel.pdf\" target=\"_blank\" rel=\"noopener\">Documento<\/a><\/li>\n<\/ul>\n<hr \/>\n<p class=\"body\"><strong>V Encuentro de Postgrados Iberoamericanos sobre Desarrollo y Pol\u00edticas Territoriales<\/strong><\/p>\n<p class=\"body\">16 y 17 de octubre de 2003. Osorno &#8211; Chile<\/p>\n<ul>\n<li><a href=\"http:\/\/cebem.org\/wp-content\/uploads\/2016\/04\/enc5_act.ppt\" target=\"_blank\" rel=\"noopener\">Documento<\/a><\/li>\n<\/ul>\n<hr \/>\n<p class=\"body\"><strong>IV Encuentro de Postgrados Iberoamericanos sobre Desarrollo y Pol\u00edticas Territoriales<\/strong><\/p>\n<p class=\"body\">Mayo de 2001. R\u00edo de Janeiro &#8211; Brasil.<\/p>\n<hr \/>\n<p class=\"body\"><strong>III Encuentro de Postgrados Iberoamericanos sobre Desarrollo y Pol\u00edticas Territoriales<\/strong><\/p>\n<p class=\"body\">Abril de 2000. Bah\u00eda Blanca &#8211; Argentina<\/p>\n<hr \/>\n<p class=\"body\"><strong>II Encuentro de Postgrados Iberoamericanos sobre Desarrollo y Pol\u00edticas Territoriales<\/strong><\/p>\n<p class=\"body\">Agosto de 1998. Uruguay<\/p>\n<hr \/>\n<p class=\"body\"><strong>I Encuentro de Postgrados Iberoamericanos sobre Desarrollo y Pol\u00edticas Territoriales<\/strong><\/p>\n<p class=\"body\">Agosto de 1996. Ciudad de La Plata &#8211; Argentina.<\/p>\n","protected":false},"excerpt":{"rendered":"<p>XII Encuentro de Posgrados Iberoamericanos sobre Desarrollo y Pol\u00edticas Territoriales Cuenca Ecuador, del 15 al 16 de octubre de 2018 Convocatoria Ficha de inscripci\u00f3n Temas del simposio XI Encuentro de Posgrados Iberoamericanos sobre Desarrollo y Pol\u00edticas Territoriales (Rippet) \u00abResponsabilidad Social de los Posgrados en el Desarrollo Local (Conocimiento, Ciudadan\u00eda y Sustentabilidad)\u00bb Mendoza, Argentina, 6 al &hellip; <\/p>\n<p><a class=\"more-link btn\" href=\"https:\/\/cebem.org\/?page_id=683\">Seguir leyendo<\/a><\/p>\n","protected":false},"author":2,"featured_media":0,"parent":670,"menu_order":0,"comment_status":"closed","ping_status":"closed","template":"","meta":{"footnotes":""},"class_list":["post-683","page","type-page","status-publish","hentry","nodate","item-wrap"],"jetpack_sharing_enabled":true,"_links":{"self":[{"href":"https:\/\/cebem.org\/index.php?rest_route=\/wp\/v2\/pages\/683","targetHints":{"allow":["GET"]}}],"collection":[{"href":"https:\/\/cebem.org\/index.php?rest_route=\/wp\/v2\/pages"}],"about":[{"href":"https:\/\/cebem.org\/index.php?rest_route=\/wp\/v2\/types\/page"}],"author":[{"embeddable":true,"href":"https:\/\/cebem.org\/index.php?rest_route=\/wp\/v2\/users\/2"}],"replies":[{"embeddable":true,"href":"https:\/\/cebem.org\/index.php?rest_route=%2Fwp%2Fv2%2Fcomments&post=683"}],"version-history":[{"count":5,"href":"https:\/\/cebem.org\/index.php?rest_route=\/wp\/v2\/pages\/683\/revisions"}],"predecessor-version":[{"id":3755,"href":"https:\/\/cebem.org\/index.php?rest_route=\/wp\/v2\/pages\/683\/revisions\/3755"}],"up":[{"embeddable":true,"href":"https:\/\/cebem.org\/index.php?rest_route=\/wp\/v2\/pages\/670"}],"wp:attachment":[{"href":"https:\/\/cebem.org\/index.php?rest_route=%2Fwp%2Fv2%2Fmedia&parent=683"}],"curies":[{"name":"wp","href":"https:\/\/api.w.org\/{rel}","templated":true}]}}