
{"id":653,"date":"2016-04-18T11:48:13","date_gmt":"2016-04-18T15:48:13","guid":{"rendered":"http:\/\/cebem.org\/?page_id=653"},"modified":"2016-04-18T11:48:13","modified_gmt":"2016-04-18T15:48:13","slug":"ribei","status":"publish","type":"page","link":"https:\/\/cebem.org\/?page_id=653","title":{"rendered":"RIBEI"},"content":{"rendered":"<p><img data-recalc-dims=\"1\" decoding=\"async\" class=\"aligncenter size-full wp-image-654\" src=\"https:\/\/i0.wp.com\/cebem.org\/wp-content\/uploads\/2016\/04\/RIBEI_ban.jpg?resize=550%2C48\" alt=\"RIBEI_ban\" width=\"550\" height=\"48\" srcset=\"https:\/\/i0.wp.com\/cebem.org\/wp-content\/uploads\/2016\/04\/RIBEI_ban.jpg?w=550&amp;ssl=1 550w, https:\/\/i0.wp.com\/cebem.org\/wp-content\/uploads\/2016\/04\/RIBEI_ban.jpg?resize=300%2C26&amp;ssl=1 300w\" sizes=\"(max-width: 550px) 100vw, 550px\" \/><\/p>\n<p>El CEBEM es miembro de la <strong>RED IBEROAMERICANA DE ESTUDIOS INTERNACIONALES, <\/strong>\u00a0iniciativa conjunta de diversas instituciones p\u00fablicas y privadas que comparten ra\u00edces, fines y objetivos comunes en el \u00e1mbito de las relaciones internacionales desde el punto de vista de la comunidad Iberoamericana.\u00a0 Su integraci\u00f3n en una organizaci\u00f3n estable contribuir\u00e1 al mejor cumplimiento de tales objetivos, as\u00ed como a fortalecer sus v\u00ednculos y el permanente intercambio de experiencias en el an\u00e1lisis de la realidad internacional.<\/p>\n<p>En el cumplimiento de su misi\u00f3n, la\u00a0RIBEI encuentra su fundamento en el compromiso y la colaboraci\u00f3n de sus miembros sobre unos valores compartidos, valores orientados a promover la cooperaci\u00f3n internacional, la consolidaci\u00f3n y el respeto de los derechos humanos y los principios democr\u00e1ticos y, en definitiva, la concordia entre Estados y pueblos.<\/p>\n<h4 style=\"text-align: center;\"><strong><a href=\"http:\/\/www.ribei.org\/\" target=\"_blank\">Sitio web de RIBEI<\/a><\/strong><\/h4>\n","protected":false},"excerpt":{"rendered":"<p>El CEBEM es miembro de la RED IBEROAMERICANA DE ESTUDIOS INTERNACIONALES, \u00a0iniciativa conjunta de diversas instituciones p\u00fablicas y privadas que comparten ra\u00edces, fines y objetivos comunes en el \u00e1mbito de las relaciones internacionales desde el punto de vista de la comunidad Iberoamericana.\u00a0 Su integraci\u00f3n en una organizaci\u00f3n estable contribuir\u00e1 al mejor cumplimiento de tales objetivos, &hellip; <\/p>\n<p><a class=\"more-link btn\" href=\"https:\/\/cebem.org\/?page_id=653\">Seguir leyendo<\/a><\/p>\n","protected":false},"author":2,"featured_media":656,"parent":97,"menu_order":0,"comment_status":"closed","ping_status":"closed","template":"","meta":{"footnotes":""},"class_list":["post-653","page","type-page","status-publish","has-post-thumbnail","hentry","nodate","item-wrap"],"jetpack_sharing_enabled":true,"_links":{"self":[{"href":"https:\/\/cebem.org\/index.php?rest_route=\/wp\/v2\/pages\/653","targetHints":{"allow":["GET"]}}],"collection":[{"href":"https:\/\/cebem.org\/index.php?rest_route=\/wp\/v2\/pages"}],"about":[{"href":"https:\/\/cebem.org\/index.php?rest_route=\/wp\/v2\/types\/page"}],"author":[{"embeddable":true,"href":"https:\/\/cebem.org\/index.php?rest_route=\/wp\/v2\/users\/2"}],"replies":[{"embeddable":true,"href":"https:\/\/cebem.org\/index.php?rest_route=%2Fwp%2Fv2%2Fcomments&post=653"}],"version-history":[{"count":1,"href":"https:\/\/cebem.org\/index.php?rest_route=\/wp\/v2\/pages\/653\/revisions"}],"predecessor-version":[{"id":657,"href":"https:\/\/cebem.org\/index.php?rest_route=\/wp\/v2\/pages\/653\/revisions\/657"}],"up":[{"embeddable":true,"href":"https:\/\/cebem.org\/index.php?rest_route=\/wp\/v2\/pages\/97"}],"wp:featuredmedia":[{"embeddable":true,"href":"https:\/\/cebem.org\/index.php?rest_route=\/wp\/v2\/media\/656"}],"wp:attachment":[{"href":"https:\/\/cebem.org\/index.php?rest_route=%2Fwp%2Fv2%2Fmedia&parent=653"}],"curies":[{"name":"wp","href":"https:\/\/api.w.org\/{rel}","templated":true}]}}