
{"id":614,"date":"2016-04-12T16:47:46","date_gmt":"2016-04-12T20:47:46","guid":{"rendered":"http:\/\/cebem.org\/?page_id=614"},"modified":"2020-08-21T17:30:59","modified_gmt":"2020-08-21T21:30:59","slug":"historia","status":"publish","type":"page","link":"https:\/\/cebem.org\/?page_id=614","title":{"rendered":"Quienes somos"},"content":{"rendered":"\n<p><strong>Cebem<\/strong> (Centro Boliviano de Estudios Multidisciplinarios) es una asociaci\u00f3n sin fines de lucro con sede en La Paz (Bolivia) que se dedica a la investigaci\u00f3n y a la docencia a nivel de postgrado en el campo de las ciencias sociales, como centro privado y aut\u00f3nomo dedicado a:<\/p>\n\n\n\n<ul class=\"wp-block-list\"><li>La investigaci\u00f3n, la reflexi\u00f3n y la discusi\u00f3n de problem\u00e1ticas significativas para la sociedad boliviana y de Am\u00e9rica Latina, a partir de perspectivas y enfoques multidisciplinarios.<\/li><li>La difusi\u00f3n de producci\u00f3n intelectual a trav\u00e9s de publicaciones, seminarios, talleres y redes de conocimiento nacionales e internacionales.<\/li><li>La realizaci\u00f3n de cursos de actualizaci\u00f3n profesional a trav\u00e9s de su plataforma educativa en l\u00ednea.<\/li><\/ul>\n\n\n\n<p>Como instituci\u00f3n, <strong>Cebem<\/strong> estimula la elaboraci\u00f3n de proyectos interinstitucionales para aprovechar recursos humanos valiosos y evitar improvisaciones y duplicidades. <strong>Cebem<\/strong> alienta la colaboraci\u00f3n en \u00e1reas como la democracia, el desarrollo regional y urbano, y la gesti\u00f3n ambiental. <strong>Cebem<\/strong> concentra sus esfuerzos en el estudio de los alcances y el impacto de las pol\u00edticas actuales del Estado que transforman sus relaciones con la sociedad, alteran los modos tradicionales del funcionamiento de la econom\u00eda, e impactan en la composici\u00f3n de los sectores populares y la pr\u00e1ctica de los movimientos sociales, ind\u00edgenas y sindicales.<\/p>\n\n\n\n<p>Para el desarrollo de sus actividades, <strong>Cebem<\/strong> ha desarrollado relaciones con instituciones acad\u00e9micas y de cooperaci\u00f3n en Bolivia, Am\u00e9rica Latina y el resto del mundo.<\/p>\n\n\n\n<h4 class=\"wp-block-heading\"><strong>Historia<\/strong><\/h4>\n\n\n\n<p>La labor del Centro Boliviano de Estudios Multidisciplinarios se inicia en la Calle Batall\u00f3n Colorados, Edificio el C\u00f3ndor (Piso 6, Oficina 604), bajo la idea de crear un espacio institucional que permita realizar investigaciones dentro del \u00e1rea de ciencias sociales con autonom\u00eda en relaci\u00f3n a instituciones educativas y gubernamentales.<\/p>\n\n\n\n<p>Este tipo de instituciones surgen durante las dictaduras de Am\u00e9rica Latina en los a\u00f1os 70, \u00e9poca en que la mayor\u00eda de las universidades estatales y las ciencias sociales en particular no tuvieron un espacio de desarrollo. Fue entonces cuando la cooperaci\u00f3n internacional dedicada a la investigaci\u00f3n cient\u00edfica apoy\u00f3 la formaci\u00f3n de centros independientes donde los cientistas sociales pueden ejercer su labor.&nbsp; En los 80, dentro de ese contexto, el CEBEM recibe apoyo institucional del SAREC de Suecia con un subsidio para el fortalecimiento de la investigaci\u00f3n en Ciencias Sociales.<\/p>\n\n\n\n<p>Los Fundadores del CEBEM fueron Ren\u00e9 Antonio Mayorga y Jos\u00e9 Blanes entre otras personas que adquirieron un compromiso con la instituci\u00f3n.&nbsp; Luego ingresan otros investigadores que son invitados a ser socios, entre los que destacan&nbsp; Ramiro Molina Barrios,&nbsp; Mario Galindo Soza,&nbsp; Edgar Antonio Pab\u00f3n, Cecilia Gonz\u00e1lez, Jorge T\u00e9llez y Mario Torres Adri\u00e1n.&nbsp; A distancia el CEBEM mantiene estrecha relaci\u00f3n con un investigador asociado, Sim\u00f3n Pachano, investigador de FLACSO, Ecuador.<\/p>\n\n\n\n<p>Fue fundamental el apoyo log\u00edstico y el invalorable aporte administrativo de Mateo Limache y Elizabeth Carpio, en un principio.&nbsp; Posteriormente siguieron la misma l\u00ednea Selva Escalera, Beatriz Herrera,&nbsp; Alvaro Quispe,&nbsp; Diego de la Quintana, Juan Coronel, Manuel Rebollo, Vitaliano Huanca y Marcelo Pinto.<\/p>\n\n\n\n<h4 class=\"wp-block-heading\"><strong>Objetivos<\/strong><\/h4>\n\n\n\n<p>Sus objetivos fundamentales son:<\/p>\n\n\n\n<ul class=\"wp-block-list\"><li>Realizar estudios acad\u00e9micos sobre la realidad social, econ\u00f3mica, pol\u00edtica y cultural de Bolivia, poniendo de relieve aspectos comparativos relacionados con los problemas fundamentales de Am\u00e9rica Latina. <\/li><li>Difundir mediante publicaciones y seminarios los resultados de las investigaciones. <\/li><li>Establecer relaciones de di\u00e1logo permanente con los diferentes actores sociales del pa\u00eds con el objetivo de comprender las orientaciones colectivas y plantear conjuntamente alternativas de cambio social. <\/li><li>Desarrollar las actividades de investigaci\u00f3n en un contexto acad\u00e9mico de permanente de di\u00e1logo y discusi\u00f3n con la comunidad cient\u00edfica internacional, especialmente en Am\u00e9rica Latina. <\/li><li><div>Desarrollar actividades de apoyo a los sectores m\u00e1s necesitados del pa\u00eds en la formulaci\u00f3n, monitoreo y administraci\u00f3n de sus proyectos de desarrollo, como una aplicaci\u00f3n pr\u00e1ctica de la investigaci\u00f3n a los fines del desarrollo social. <\/div><\/li><\/ul>\n\n\n\n<h4 class=\"wp-block-heading\"><strong>Estructura Institucional<\/strong><\/h4>\n\n\n\n<div class=\"wp-block-image\"><figure class=\"aligncenter size-large\"><img data-recalc-dims=\"1\" fetchpriority=\"high\" decoding=\"async\" width=\"750\" height=\"554\" src=\"https:\/\/i0.wp.com\/cebem.org\/wp-content\/uploads\/2020\/08\/organigrama2020v2.png?resize=750%2C554&#038;ssl=1\" alt=\"\" class=\"wp-image-7656\" srcset=\"https:\/\/i0.wp.com\/cebem.org\/wp-content\/uploads\/2020\/08\/organigrama2020v2.png?w=917&amp;ssl=1 917w, https:\/\/i0.wp.com\/cebem.org\/wp-content\/uploads\/2020\/08\/organigrama2020v2.png?resize=300%2C221&amp;ssl=1 300w, https:\/\/i0.wp.com\/cebem.org\/wp-content\/uploads\/2020\/08\/organigrama2020v2.png?resize=768%2C567&amp;ssl=1 768w, https:\/\/i0.wp.com\/cebem.org\/wp-content\/uploads\/2020\/08\/organigrama2020v2.png?resize=600%2C443&amp;ssl=1 600w, https:\/\/i0.wp.com\/cebem.org\/wp-content\/uploads\/2020\/08\/organigrama2020v2.png?resize=750%2C554&amp;ssl=1 750w\" sizes=\"(max-width: 750px) 100vw, 750px\" \/><\/figure><\/div>\n","protected":false},"excerpt":{"rendered":"<p>Cebem (Centro Boliviano de Estudios Multidisciplinarios) es una asociaci\u00f3n sin fines de lucro con sede en La Paz (Bolivia) que se dedica a la investigaci\u00f3n y a la docencia a nivel de postgrado en el campo de las ciencias sociales, como centro privado y aut\u00f3nomo dedicado a: La investigaci\u00f3n, la reflexi\u00f3n y la discusi\u00f3n de &hellip; <\/p>\n<p><a class=\"more-link btn\" href=\"https:\/\/cebem.org\/?page_id=614\">Seguir leyendo<\/a><\/p>\n","protected":false},"author":2,"featured_media":0,"parent":0,"menu_order":0,"comment_status":"closed","ping_status":"closed","template":"","meta":{"footnotes":""},"class_list":["post-614","page","type-page","status-publish","hentry","nodate","item-wrap"],"jetpack_sharing_enabled":true,"_links":{"self":[{"href":"https:\/\/cebem.org\/index.php?rest_route=\/wp\/v2\/pages\/614","targetHints":{"allow":["GET"]}}],"collection":[{"href":"https:\/\/cebem.org\/index.php?rest_route=\/wp\/v2\/pages"}],"about":[{"href":"https:\/\/cebem.org\/index.php?rest_route=\/wp\/v2\/types\/page"}],"author":[{"embeddable":true,"href":"https:\/\/cebem.org\/index.php?rest_route=\/wp\/v2\/users\/2"}],"replies":[{"embeddable":true,"href":"https:\/\/cebem.org\/index.php?rest_route=%2Fwp%2Fv2%2Fcomments&post=614"}],"version-history":[{"count":9,"href":"https:\/\/cebem.org\/index.php?rest_route=\/wp\/v2\/pages\/614\/revisions"}],"predecessor-version":[{"id":7657,"href":"https:\/\/cebem.org\/index.php?rest_route=\/wp\/v2\/pages\/614\/revisions\/7657"}],"wp:attachment":[{"href":"https:\/\/cebem.org\/index.php?rest_route=%2Fwp%2Fv2%2Fmedia&parent=614"}],"curies":[{"name":"wp","href":"https:\/\/api.w.org\/{rel}","templated":true}]}}