
{"id":6,"date":"2014-12-19T14:21:06","date_gmt":"2014-12-19T14:21:06","guid":{"rendered":"http:\/\/www.redesma.org\/helvetas\/?page_id=6"},"modified":"2019-07-12T11:18:30","modified_gmt":"2019-07-12T15:18:30","slug":"instrumentos","status":"publish","type":"page","link":"https:\/\/cebem.org\/?page_id=6","title":{"rendered":"Instrumentos"},"content":{"rendered":"\n<ol class=\"espacio wp-block-list\"><li>Ecuaci\u00f3n general del riesgo: Una experiencia para construir mapas de riesgos. <a rel=\"noopener noreferrer\" href=\"http:\/\/cebem.org\/wp-content\/uploads\/2014\/12\/3-7-ecuacion_riesgoh4.pdf\" target=\"_blank\"><strong>DESCARGAR<\/strong><\/a><\/li><li>Gu\u00eda orientativa de incorporaci\u00f3n de la Reducci\u00f3n del Riesgo de Desastres (RRD) y la Adaptaci\u00f3nal Cambio Clim\u00e1tico (ACC) en Planes de Desarrollo Municipales y Departamentales. <a rel=\"noopener noreferrer\" href=\"http:\/\/cebem.org\/wp-content\/uploads\/2014\/12\/3-11-guia_orientativah1.pdf\" target=\"_blank\"><strong>DESCARGAR<\/strong><\/a><\/li><li>Orientaciones para la zonificacion del riesgo climatico. <a rel=\"noopener noreferrer\" href=\"http:\/\/cebem.org\/wp-content\/uploads\/2014\/12\/3-15-orientacionesh1.pdf\" target=\"_blank\"><strong>DESCARGAR<\/strong><\/a><\/li><li>Tipolog\u00eda de obras de infraestructura para aumentar la resiliencia del sector agropecuario. <a rel=\"noopener noreferrer\" href=\"http:\/\/cebem.org\/wp-content\/uploads\/2014\/12\/3-21-tipologiah1.pdf\" target=\"_blank\"><strong>DESCARGAR<\/strong><\/a><\/li><li>Manual pr\u00e1ctico de gesti\u00f3n de suelos en el Altiplano Sur de Potos\u00ed. <a rel=\"noopener noreferrer\" href=\"http:\/\/cebem.org\/wp-content\/uploads\/2014\/12\/3-27-m_suelos_acra_prosucobr.pdf\" target=\"_blank\"><strong>DESCARGAR<\/strong><\/a><\/li><li>Manual de capacitaci\u00f3n de actores de locales en gesti\u00f3n de riesgos. <a rel=\"noopener noreferrer\" href=\"http:\/\/cebem.org\/wp-content\/uploads\/2014\/12\/1-3-eje03.pdf\" target=\"_blank\"><strong>DESCARGAR<\/strong><\/a><\/li><li>Gu\u00eda metodol\u00f3gica para la gesti\u00f3n de proyectos productivos aplicando los enfoques de la Demanda calificada y Gesti\u00f3n de Riesgos. <a rel=\"noopener noreferrer\" href=\"http:\/\/cebem.org\/wp-content\/uploads\/2014\/12\/1-4-eje04.pdf\" target=\"_blank\"><strong>DESCARGAR<\/strong><\/a><\/li><li>Metodol\u00f3gica de desarrollo y formulaci\u00f3n de un plan estrat\u00e9gico de gesti\u00f3n de riesgos en la gesti\u00f3n Municipal. <a rel=\"noopener noreferrer\" href=\"http:\/\/cebem.org\/wp-content\/uploads\/2014\/12\/1-5-eje05.pdf\" target=\"_blank\"><strong>DESCARGAR<\/strong><\/a><\/li><li>Metodolog\u00eda para la elaboraci\u00f3n de una l\u00ednea de base, generaci\u00f3n de mapas tem\u00e1ticos y an\u00e1lisis de riesgos. <a rel=\"noopener noreferrer\" href=\"http:\/\/cebem.org\/wp-content\/uploads\/2014\/12\/1-6-eje06.pdf\" target=\"_blank\"><strong>DESCARGAR<\/strong><\/a><\/li><li>Guia de capacitaci\u00f3n sobre prevenci\u00f3n de desastres naturales. <a rel=\"noopener noreferrer\" href=\"http:\/\/cebem.org\/wp-content\/uploads\/2014\/12\/1-7-eje07.pdf\" target=\"_blank\"><strong>DESCARGAR<\/strong><\/a><\/li><li>Guia de capacitaci\u00f3n en conservaci\u00f3n de Recursos Naturales, Biodiversidad y manejo de Residuos S\u00f3lidos. <a rel=\"noopener noreferrer\" href=\"http:\/\/cebem.org\/wp-content\/uploads\/2014\/12\/1-8-eje08.pdf\" target=\"_blank\"><strong>DESCARGAR<\/strong><\/a><\/li><li>ATICA, Manual de capacitaci\u00f3n de actores locales en gesti\u00f3n de riesgos. <a rel=\"noopener noreferrer\" href=\"http:\/\/cebem.org\/wp-content\/uploads\/2014\/12\/p-3-doc_atica_02.pdf\" target=\"_blank\"><strong>DESCARGAR<\/strong><\/a><\/li><li>ATICA, Guia metodol\u00f3gica para la gesti\u00f3n de proyectos productivos aplicando los enfoques de Demanda Calificada y Gesti\u00f3n de Riesgos. <a rel=\"noopener noreferrer\" href=\"http:\/\/cebem.org\/wp-content\/uploads\/2014\/12\/p-4-doc_atica_03.pdf\" target=\"_blank\"><strong>DESCARGAR<\/strong><\/a><\/li><li>PROINPA, Guia de capacitaci\u00f3n sobre prevenci\u00f3n de desastres naturales. <a rel=\"noopener noreferrer\" href=\"http:\/\/cebem.org\/wp-content\/uploads\/2014\/12\/p-5-doc_proinpa_01.pdf\" target=\"_blank\"><strong>DESCARGAR<\/strong><\/a><\/li><li>PROMIC, Metodolog\u00eda de desarrollo y formulaci\u00f3n de un plan estrategico de gesti\u00f3n de riesgos en la gesti\u00f3n Municipal. <a rel=\"noopener noreferrer\" href=\"http:\/\/cebem.org\/wp-content\/uploads\/2014\/12\/p-7-doc_promic_01.pdf\" target=\"_blank\"><strong>DESCARGAR<\/strong><\/a><\/li><li>PROMIC, Metodolog\u00eda para la elaboraci\u00f3n de una linea de base, generaci\u00f3n de mapas tem\u00e1ticos y an\u00e1lisis de riesgos. <a rel=\"noopener noreferrer\" href=\"http:\/\/cebem.org\/wp-content\/uploads\/2014\/12\/p-8-doc_promic_02.pdf\" target=\"_blank\"><strong>DESCARGAR<\/strong><\/a><\/li><\/ol>\n","protected":false},"excerpt":{"rendered":"<p>Ecuaci\u00f3n general del riesgo: Una experiencia para construir mapas de riesgos. DESCARGAR Gu\u00eda orientativa de incorporaci\u00f3n de la Reducci\u00f3n del Riesgo de Desastres (RRD) y la Adaptaci\u00f3nal Cambio Clim\u00e1tico (ACC) en Planes de Desarrollo Municipales y Departamentales. DESCARGAR Orientaciones para la zonificacion del riesgo climatico. DESCARGAR Tipolog\u00eda de obras de infraestructura para aumentar la resiliencia &hellip; <\/p>\n<p><a class=\"more-link btn\" href=\"https:\/\/cebem.org\/?page_id=6\">Seguir leyendo<\/a><\/p>\n","protected":false},"author":2,"featured_media":0,"parent":4,"menu_order":0,"comment_status":"open","ping_status":"closed","template":"","meta":{"footnotes":""},"class_list":["post-6","page","type-page","status-publish","hentry","nodate","item-wrap"],"jetpack_sharing_enabled":true,"_links":{"self":[{"href":"https:\/\/cebem.org\/index.php?rest_route=\/wp\/v2\/pages\/6","targetHints":{"allow":["GET"]}}],"collection":[{"href":"https:\/\/cebem.org\/index.php?rest_route=\/wp\/v2\/pages"}],"about":[{"href":"https:\/\/cebem.org\/index.php?rest_route=\/wp\/v2\/types\/page"}],"author":[{"embeddable":true,"href":"https:\/\/cebem.org\/index.php?rest_route=\/wp\/v2\/users\/2"}],"replies":[{"embeddable":true,"href":"https:\/\/cebem.org\/index.php?rest_route=%2Fwp%2Fv2%2Fcomments&post=6"}],"version-history":[{"count":7,"href":"https:\/\/cebem.org\/index.php?rest_route=\/wp\/v2\/pages\/6\/revisions"}],"predecessor-version":[{"id":5590,"href":"https:\/\/cebem.org\/index.php?rest_route=\/wp\/v2\/pages\/6\/revisions\/5590"}],"up":[{"embeddable":true,"href":"https:\/\/cebem.org\/index.php?rest_route=\/wp\/v2\/pages\/4"}],"wp:attachment":[{"href":"https:\/\/cebem.org\/index.php?rest_route=%2Fwp%2Fv2%2Fmedia&parent=6"}],"curies":[{"name":"wp","href":"https:\/\/api.w.org\/{rel}","templated":true}]}}