
{"id":5904,"date":"2019-08-27T20:02:21","date_gmt":"2019-08-28T00:02:21","guid":{"rendered":"http:\/\/cebem.org\/?page_id=5904"},"modified":"2019-11-04T10:38:28","modified_gmt":"2019-11-04T14:38:28","slug":"curso-virtual-economia-social-y-solidaria-gobernanza-territorial-para-alcanzar-los-objetivos-de-desarrollo-sostenible-2da-version","status":"publish","type":"page","link":"https:\/\/cebem.org\/?page_id=5904","title":{"rendered":"Curso Virtual: Econom\u00eda Social y Solidaria: Gobernanza territorial para alcanzar los ODS &#8211; 2da Versi\u00f3n"},"content":{"rendered":"\n<h3 class=\"wp-block-heading\" style=\"text-align:center\">POSTERGADO HASTA NUEVO AVISO<\/h3>\n\n\n\n<div class=\"wp-block-columns has-2-columns is-layout-flex wp-container-core-columns-is-layout-9d6595d7 wp-block-columns-is-layout-flex\">\n<div class=\"wp-block-column is-layout-flow wp-block-column-is-layout-flow\">\n<div class=\"wp-block-image\"><figure class=\"aligncenter\"><img data-recalc-dims=\"1\" fetchpriority=\"high\" decoding=\"async\" width=\"750\" height=\"394\" src=\"https:\/\/i0.wp.com\/cebem.org\/wp-content\/uploads\/2019\/03\/economia-social-ods-1024x538.jpg?resize=750%2C394\" alt=\"\" class=\"wp-image-4884\" srcset=\"https:\/\/i0.wp.com\/cebem.org\/wp-content\/uploads\/2019\/03\/economia-social-ods.jpg?resize=1024%2C538&amp;ssl=1 1024w, https:\/\/i0.wp.com\/cebem.org\/wp-content\/uploads\/2019\/03\/economia-social-ods.jpg?resize=300%2C158&amp;ssl=1 300w, https:\/\/i0.wp.com\/cebem.org\/wp-content\/uploads\/2019\/03\/economia-social-ods.jpg?resize=768%2C403&amp;ssl=1 768w, https:\/\/i0.wp.com\/cebem.org\/wp-content\/uploads\/2019\/03\/economia-social-ods.jpg?resize=600%2C315&amp;ssl=1 600w, https:\/\/i0.wp.com\/cebem.org\/wp-content\/uploads\/2019\/03\/economia-social-ods.jpg?w=1200&amp;ssl=1 1200w\" sizes=\"(max-width: 750px) 100vw, 750px\" \/><\/figure><\/div>\n<\/div>\n\n\n\n<div class=\"wp-block-column is-layout-flow wp-block-column-is-layout-flow\">\n<h3 class=\"wp-block-heading\" style=\"text-align:center\"><strong>\u00bfTe interesa el curso<\/strong>?<\/h3>\n\n\n\n<div class=\"wp-block-button aligncenter\"><a class=\"wp-block-button__link\" href=\"https:\/\/forms.gle\/dPqRYqNJiHkT85Jn7\" target=\"_blank\" rel=\"noopener noreferrer\">PREINSCR\u00cdBETE<\/a><\/div>\n\n\n\n<table class=\"wp-block-table\"><tbody><tr><td><strong>Duraci\u00f3n: <\/strong>4 de noviembre al 15 de diciembre<\/td><\/tr><tr><td><strong>Dedicaci\u00f3n:<\/strong> 5 a 8 horas por semana<\/td><\/tr><tr><td><strong>Precio: <\/strong>900 bolivianos o 130 d\u00f3lares<\/td><\/tr><tr><td><strong>Descuento: <\/strong>Para instituciones o grupo de 5 o m\u00e1s personas, y pagos hasta el 18 de octubre, consultas <a rel=\"noreferrer noopener\" aria-label=\"beatriz@cebem.org (abre en una nueva pesta\u00f1a)\" href=\"mailto:beatriz@cebem.org\" target=\"_blank\">beatriz@cebem.org<\/a><\/td><\/tr><\/tbody><\/table>\n<\/div>\n<\/div>\n\n\n\n<p class=\"has-text-color has-vivid-cyan-blue-color\"> <strong>DESCRIPCI\u00d3N DEL CURSO<\/strong> <\/p>\n\n\n\n<p style=\"text-align:justify\">En el escenario complejo y cambiante de hoy en d\u00eda en la regi\u00f3n de Am\u00e9rica Latina y el Caribe, plantea la necesidad de valorizar las organizaciones de la Econom\u00eda Social y Solidaria (ESyS), as\u00ed como su relaci\u00f3n con la gobernanza local hacia el desarrollo sostenible. Estamos convencidos del rol de la ESyS sentando las bases para el logro de los Objetivos de Desarrollo Sostenible (ODS) establecidos por la Organizaci\u00f3n de las Naciones Unidas (ONU), especialmente en los objetivos relacionados con el crecimiento inclusivo y sostenible para el trabajo decente de todos los trabajadores, la industrializaci\u00f3n inclusiva y la innovaci\u00f3n social.<\/p>\n\n\n\n<p style=\"text-align:justify\">Es por estas y otras razones, que las entidades de la ESyS pueden constituirse en un agente clave en el logro de los ODS, lo que nos lleva a interrogarnos sobre: \u00bfCu\u00e1les son los nuevos retos y los persistentes de la agenda del desarrollo local, territorial y econom\u00eda social?, \u00bfQu\u00e9 estrategias pol\u00edticas e institucionales instrumentan los pa\u00edses de Am\u00e9rica Latina y el Caribe para el desarrollo sostenible?, \u00bfCu\u00e1les son los trazos del modelo de desarrollo deseable y factible?, \u00bfQu\u00e9 lugar ocupa el desarrollo territorial, la gesti\u00f3n local y la econom\u00eda solidaria &#8211; social en relaci\u00f3n al modelo de desarrollo?, \u00bfQu\u00e9 perspectivas, estrategias y pol\u00edticas despliegan en el marco de las transformaciones vigentes los sectores de econom\u00eda solidaria, social y\/o popular?.<\/p>\n\n\n\n<p style=\"text-align:justify\">Abordaremos estos interrogantes desde la dimensi\u00f3n de gobernanza como un proceso con car\u00e1cter espec\u00edfico dado que su objetivo es el territorio, y debido a la complejidad del territorio se considerar\u00e1 las din\u00e1micas del mismo como un todo desde la aplicaci\u00f3n de la planificaci\u00f3n y gesti\u00f3n de din\u00e1micas territoriales innovadoras y compartidas (caracterizada por la relaci\u00f3n de negociaci\u00f3n y formaci\u00f3n de consenso), respaldada por la diversidad de actores que comparten objetivos y asumen cual debe ser su papel en su consecuci\u00f3n.<\/p>\n\n\n\n<p class=\"has-text-color has-vivid-cyan-blue-color\"><strong>OBJETIVO DEL CURSO <\/strong><\/p>\n\n\n\n<p style=\"text-align:justify\">Este curso tiene como objetivo constituirse en un recurso formativo para aquellas personas que busquen incorporar y analizar la contribuci\u00f3n de la ESyS en el contexto de la gobernanza local para lograr los ODS, as\u00ed como su materializaci\u00f3n en experiencias concretas a nivel de Am\u00e9rica Latina y el Caribe.<\/p>\n\n\n\n<p class=\"has-text-color has-vivid-cyan-blue-color\"><strong>P\u00daBLICO DIRIGIDO<\/strong><\/p>\n\n\n\n<ul class=\"wp-block-list\"><li>T\u00e9cnicos de la formulaci\u00f3n de pol\u00edticas de diferentes instituciones de gobierno, ONGs, instituciones de desarrollo, cooperantes, academia y formadores sociales.<\/li><li> Profesionales, promotores, interlocutores de la Econom\u00eda Social (dirigentes y directores de organizaciones de econom\u00eda social organizaciones de trabajadores y de empleadores)<\/li><li> Promotores de la Econom\u00eda Social (socios para el desarrollo, fundaciones, redes de Econom\u00eda social)<\/li><li> Investigadores y acad\u00e9micos que deseen tener una perspectiva pr\u00e1ctica acerca de la aplicaci\u00f3n de la Econom\u00eda Social y Solidaria en los pa\u00edses de Am\u00e9rica Latina.<\/li><li> Profesionales, estudiantes de grado interesados en la Econom\u00eda Social.<\/li><li> Personas interesadas en el desarrollo social y la Econom\u00eda Social y Solidaria.<\/li><\/ul>\n\n\n\n<p class=\"has-text-color has-vivid-cyan-blue-color\"><strong>CONOCIMIENTOS PREVIOS PARA PARTICIPAR<\/strong><\/p>\n\n\n\n<p style=\"text-align:justify\">No necesita tener ning\u00fan conocimiento previo, en el curso se ver\u00e1 desde lo b\u00e1sico.<\/p>\n\n\n\n<p class=\"has-text-color has-vivid-cyan-blue-color\"><strong>POR QU\u00c9 DEBER\u00cdA TOMAR EL CURSO<\/strong><\/p>\n\n\n\n<p style=\"text-align:justify\">El curso brinda una mejor comprensi\u00f3n de las pr\u00e1cticas innovadoras en econom\u00eda social, en particular, con respecto a la gobernanza hacia la Agenda 2030.<br>As\u00ed mismo, mediante el curso se podr\u00e1 visibilizar los modelos de experiencias, estrategias y herramientas de la Econom\u00eda Social, en otros pa\u00edses de Am\u00e9rica Latina.<br>Los participantes estar\u00e1n en capacidad de aplicar los conocimientos adquiridos a sus experiencias pr\u00e1cticas en sus trabajos y estudios.<\/p>\n\n\n\n<p class=\"has-text-color has-vivid-cyan-blue-color\"><strong>QUE APRENDER\u00c1 EN EL CURSO<\/strong><\/p>\n\n\n\n<ul class=\"wp-block-list\"><li>Podr\u00e1 adquirir herramientas para empoderar la ESS en su comunidad siendo un aliado de los Objetivos de la Agenda 2030.<\/li><li>Generar una reflexi\u00f3n participativa que permita incidir en una contribuci\u00f3n a los ODS a partir de los principios y valores de la ESyS en pa\u00edses de Am\u00e9rica Latina.<\/li><li>Fortalecimiento de experiencias sostenibles e innovativas de producci\u00f3n y consumo, en el marco de la gobernanza local en la regi\u00f3n.<\/li><li>La articulaci\u00f3n entre las distintas iniciativas de cara a generar circuitos solidarios (econ\u00f3micos, culturales, educativos) as\u00ed como a visibilizar y profundizar los v\u00ednculos de la ESyS con otros movimientos sociales.<\/li><\/ul>\n\n\n\t\t\t\t\t\t<style>\r\n\t\t\t\t\r\n\t\t\t\t\t#tab_container_5909 {\r\n\toverflow:hidden;\r\n\tdisplay:block;\r\n\twidth:100%;\r\n\tborder:0px solid #ddd;\r\n\tmargin-bottom:30px;\r\n\t}\r\n\r\n#tab_container_5909 .tab-content{\r\n\tpadding:20px;\r\n\tborder: 1px solid #e6e6e6 !important;\r\n\tmargin-top: 0px;\r\n\tbackground-color:#ffffff !important;\r\n\tcolor: #000000 !important;\r\n\tfont-size:15px !important;\r\n\tfont-family: Arial !important;\r\n\t\r\n\t\tborder: 1px solid #e6e6e6 !important;\r\n\t}\r\n#tab_container_5909 .wpsm_nav-tabs {\r\n    border-bottom: 0px solid #ddd;\r\n}\r\n#tab_container_5909 .wpsm_nav-tabs > li.active > a, #tab_container_5909 .wpsm_nav-tabs > li.active > a:hover, #tab_container_5909 .wpsm_nav-tabs > li.active > a:focus {\r\n\tcolor: #000000 !important;\r\n\tcursor: default;\r\n\tbackground-color: #ffffff !important;\r\n\tborder: 1px solid #e6e6e6 !important;\r\n}\r\n\r\n#tab_container_5909 .wpsm_nav-tabs > li > a {\r\n    margin-right: 0px !important; \r\n    line-height: 1.42857143 !important;\r\n    border: 1px solid #0080d0 !important;\r\n    border-radius: 0px 0px 0 0 !important; \r\n\tbackground-color: #0693e3 !important;\r\n\tcolor: #ffffff !important;\r\n\tpadding: 15px 18px 15px 18px !important;\r\n\ttext-decoration: none !important;\r\n\tfont-size: 15px !important;\r\n\ttext-align:center !important;\r\n\tfont-family: Arial !important;\r\n}\r\n#tab_container_5909 .wpsm_nav-tabs > li > a:focus {\r\noutline: 0px !important;\r\n}\r\n\r\n#tab_container_5909 .wpsm_nav-tabs > li > a:before {\r\n\tdisplay:none !important;\r\n}\r\n#tab_container_5909 .wpsm_nav-tabs > li > a:after {\r\n\tdisplay:none !important ;\r\n}\r\n#tab_container_5909 .wpsm_nav-tabs > li{\r\npadding:0px !important ;\r\nmargin:0px;\r\n}\r\n\r\n#tab_container_5909 .wpsm_nav-tabs > li > a:hover , #tab_container_5909 .wpsm_nav-tabs > li > a:focus {\r\n    color: #ffffff !important;\r\n    background-color: #0693e3 !important;\r\n\tborder: 1px solid #0080d0 !important;\r\n\t\r\n}\r\n#tab_container_5909 .wpsm_nav-tabs > li > a .fa{\r\n\r\nmargin-right:5px !important;\r\n\r\nmargin-left:5px !important;\r\n\r\n\r\n}\r\n\r\n\t\t#tab_container_5909 .wpsm_nav-tabs a{\r\n\t\t\tbackground-image: none;\r\n\t\t\tbackground-position: 0 0;\r\n\t\t\tbackground-repeat: repeat-x;\r\n\t\t}\r\n\t\t\t\r\n\r\n\r\n#tab_container_5909 .wpsm_nav-tabs > li {\r\n    float: left;\r\n    margin-bottom: -1px !important;\r\n\tmargin-right:0px !important; \r\n}\r\n\r\n\r\n#tab_container_5909 .tab-content{\r\noverflow:hidden !important;\r\n}\r\n\r\n\r\n@media (min-width: 769px) {\r\n\r\n\t#tab_container_5909 .wpsm_nav-tabs > li{\r\n\t\tfloat:left !important ;\r\n\t\t\t\tmargin-right:-1px !important;\r\n\t\t\t\t\t}\r\n\t#tab_container_5909 .wpsm_nav-tabs{\r\n\t\tfloat:none !important;\r\n\t\tmargin:0px !important;\r\n\t}\r\n\r\n\t#tab_container_5909 .wpsm_nav-tabs > li {\r\n\t\t\t\t\r\n\t}\r\n\t#tab_container_5909 .wpsm_nav{\r\n\t\t\t}\r\n\r\n}\r\n\r\n\r\n\r\n@media (max-width: 768px) {\r\n\t#tab_container_5909 .wpsm_nav-tabs > li {\r\n\t\t\t\t\r\n\t}\r\n\t#tab_container_5909 .wpsm_nav{\r\n\t\t\t}\r\n}\r\n\r\n\r\n\t.wpsm_nav-tabs li:before{\r\n\t\tdisplay:none !important;\r\n\t}\r\n\r\n\t@media (max-width: 768px) {\r\n\t\t\t\t\r\n\t\t\t\t.wpsm_nav-tabs{\r\n\t\t\tmargin-left:0px !important;\r\n\t\t\tmargin-right:0px !important; \r\n\t\t\t\r\n\t\t}\r\n\t\t\t\t#tab_container_5909 .wpsm_nav-tabs > li{\r\n\t\t\tfloat:none !important;\r\n\t\t}\r\n\t\t\t\r\n\t}\t\t\t\t<\/style>\r\n\t\t\t\t<div id=\"tab_container_5909\" >\r\n\t \r\n\t\t\t\t\t<ul class=\"wpsm_nav wpsm_nav-tabs\" role=\"tablist\" id=\"myTab_5909\">\r\n\t\t\t\t\t\t\t\r\n\t\t\t\t\t\t\t<li role=\"presentation\"  class=\"active\"  onclick=\"do_resize()\">\r\n\t\t\t\t\t\t\t\t<a href=\"#tabs_desc_5909_1\" aria-controls=\"tabs_desc_5909_1\" role=\"tab\" data-toggle=\"tab\">\r\n\t\t\t\t\t\t\t\t\t\r\n\t\t\t\t\t\t\t\t\t\t\t\t\t\t\t\t\t\t\t\t\t\t\t\t\t\t\t\t\t\t\t<i class=\"fa fa-group\"><\/i> \t\t\t\t\t\t\t\t\t\t\t\t\t\t\t\t\t\t\t\r\n\t\t\t\t\t\t\t\t\t\t\t\t\t\t\t\t\t\t\r\n\t\t\t\t\t\t\t\t\t<span>FACILITADORAS<\/span>\r\n\t\t\t\t\t\t\t\t\t\r\n\t\t\t\t\t\t\t\t\t\t\t\t\t\t\t\t\t\t\r\n\t\t\t\t\t\t\t\t\t\t\t\t\t\t\t\t\t\t\t\t\r\n\t\t\t\t\t\t\t\t\t\r\n\t\t\t\t\t\t\t\t<\/a>\r\n\t\t\t\t\t\t\t<\/li>\r\n\t\t\t\t\t\t\t\r\n\t\t\t\t\t\t\t<li role=\"presentation\"  onclick=\"do_resize()\">\r\n\t\t\t\t\t\t\t\t<a href=\"#tabs_desc_5909_2\" aria-controls=\"tabs_desc_5909_2\" role=\"tab\" data-toggle=\"tab\">\r\n\t\t\t\t\t\t\t\t\t\r\n\t\t\t\t\t\t\t\t\t\t\t\t\t\t\t\t\t\t\t\t\t\t\t\t\t\t\t\t\t\t\t<i class=\"fa fa-align-left\"><\/i> \t\t\t\t\t\t\t\t\t\t\t\t\t\t\t\t\t\t\t\r\n\t\t\t\t\t\t\t\t\t\t\t\t\t\t\t\t\t\t\r\n\t\t\t\t\t\t\t\t\t<span>CONTENIDO<\/span>\r\n\t\t\t\t\t\t\t\t\t\r\n\t\t\t\t\t\t\t\t\t\t\t\t\t\t\t\t\t\t\r\n\t\t\t\t\t\t\t\t\t\t\t\t\t\t\t\t\t\t\t\t\r\n\t\t\t\t\t\t\t\t\t\r\n\t\t\t\t\t\t\t\t<\/a>\r\n\t\t\t\t\t\t\t<\/li>\r\n\t\t\t\t\t\t\t\r\n\t\t\t\t\t\t\t<li role=\"presentation\"  onclick=\"do_resize()\">\r\n\t\t\t\t\t\t\t\t<a href=\"#tabs_desc_5909_3\" aria-controls=\"tabs_desc_5909_3\" role=\"tab\" data-toggle=\"tab\">\r\n\t\t\t\t\t\t\t\t\t\r\n\t\t\t\t\t\t\t\t\t\t\t\t\t\t\t\t\t\t\t\t\t\t\t\t\t\t\t\t\t\t\t<i class=\"fa fa-cogs\"><\/i> \t\t\t\t\t\t\t\t\t\t\t\t\t\t\t\t\t\t\t\r\n\t\t\t\t\t\t\t\t\t\t\t\t\t\t\t\t\t\t\r\n\t\t\t\t\t\t\t\t\t<span>METODOLOG\u00cdA<\/span>\r\n\t\t\t\t\t\t\t\t\t\r\n\t\t\t\t\t\t\t\t\t\t\t\t\t\t\t\t\t\t\r\n\t\t\t\t\t\t\t\t\t\t\t\t\t\t\t\t\t\t\t\t\r\n\t\t\t\t\t\t\t\t\t\r\n\t\t\t\t\t\t\t\t<\/a>\r\n\t\t\t\t\t\t\t<\/li>\r\n\t\t\t\t\t\t\t\r\n\t\t\t\t\t\t\t<li role=\"presentation\"  onclick=\"do_resize()\">\r\n\t\t\t\t\t\t\t\t<a href=\"#tabs_desc_5909_4\" aria-controls=\"tabs_desc_5909_4\" role=\"tab\" data-toggle=\"tab\">\r\n\t\t\t\t\t\t\t\t\t\r\n\t\t\t\t\t\t\t\t\t\t\t\t\t\t\t\t\t\t\t\t\t\t\t\t\t\t\t\t\t\t\t<i class=\"fa fa-cubes\"><\/i> \t\t\t\t\t\t\t\t\t\t\t\t\t\t\t\t\t\t\t\r\n\t\t\t\t\t\t\t\t\t\t\t\t\t\t\t\t\t\t\r\n\t\t\t\t\t\t\t\t\t<span>FORMATO<\/span>\r\n\t\t\t\t\t\t\t\t\t\r\n\t\t\t\t\t\t\t\t\t\t\t\t\t\t\t\t\t\t\r\n\t\t\t\t\t\t\t\t\t\t\t\t\t\t\t\t\t\t\t\t\r\n\t\t\t\t\t\t\t\t\t\r\n\t\t\t\t\t\t\t\t<\/a>\r\n\t\t\t\t\t\t\t<\/li>\r\n\t\t\t\t\t\t\t\t\t\t\t <\/ul>\r\n\r\n\t\t\t\t\t  <!-- Tab panes -->\r\n\t\t\t\t\t  <div class=\"tab-content\" id=\"tab-content_5909\">\r\n\t\t\t\t\t\t\t\t\t\t\t\t <div role=\"tabpanel\" class=\"tab-pane  in active \" id=\"tabs_desc_5909_1\">\r\n\t\t\t\t\t\t\t\t<table border=\"0\">\r\n<tr>\r\n<td><a href=\"https:\/\/i0.wp.com\/cebem.org\/wp-content\/uploads\/2019\/08\/karen-cis.jpg\"><img data-recalc-dims=\"1\" decoding=\"async\" class=\"alignleft wp-image-5932 size-thumbnail\" src=\"https:\/\/i0.wp.com\/cebem.org\/wp-content\/uploads\/2019\/08\/karen-cis-150x150.jpg?resize=150%2C150\" alt=\"\" width=\"150\" height=\"150\" srcset=\"https:\/\/i0.wp.com\/cebem.org\/wp-content\/uploads\/2019\/08\/karen-cis.jpg?resize=150%2C150&amp;ssl=1 150w, https:\/\/i0.wp.com\/cebem.org\/wp-content\/uploads\/2019\/08\/karen-cis.jpg?resize=300%2C300&amp;ssl=1 300w, https:\/\/i0.wp.com\/cebem.org\/wp-content\/uploads\/2019\/08\/karen-cis.jpg?w=512&amp;ssl=1 512w\" sizes=\"(max-width: 150px) 100vw, 150px\" \/><\/a><strong>De Honduras KAREN PATRICIAS CIS ROSALES<\/strong><br><br>\r\n\r\nMaster en Econom\u00eda Sectorial Internacional, con especializaci\u00f3n en proyectos. Experiencia en el dise\u00f1o, evaluaci\u00f3n, promoci\u00f3n, administraci\u00f3n y ejecuci\u00f3n de proyectos con recursos de organismos internacionales, monitoreo y evaluaci\u00f3n, movilizaci\u00f3n y gesti\u00f3n de recursos y desarrollo de contactos con donantes y organizaciones. \u00c1reas sociales, educaci\u00f3n, salud y derechos humanos, con experiencia en MIPYMES.\r\n<\/td>\r\n<\/tr>\r\n<\/table>\r\n\r\n<table>\r\n<tr>\r\n<td><strong><a href=\"https:\/\/i0.wp.com\/cebem.org\/wp-content\/uploads\/2019\/08\/roxana-arce.jpg\"><img data-recalc-dims=\"1\" decoding=\"async\" class=\"alignleft wp-image-5931 size-thumbnail\" src=\"https:\/\/i0.wp.com\/cebem.org\/wp-content\/uploads\/2019\/08\/roxana-arce-150x150.jpg?resize=150%2C150\" alt=\"\" width=\"150\" height=\"150\" srcset=\"https:\/\/i0.wp.com\/cebem.org\/wp-content\/uploads\/2019\/08\/roxana-arce.jpg?resize=150%2C150&amp;ssl=1 150w, https:\/\/i0.wp.com\/cebem.org\/wp-content\/uploads\/2019\/08\/roxana-arce.jpg?resize=300%2C300&amp;ssl=1 300w, https:\/\/i0.wp.com\/cebem.org\/wp-content\/uploads\/2019\/08\/roxana-arce.jpg?w=512&amp;ssl=1 512w\" sizes=\"(max-width: 150px) 100vw, 150px\" \/><\/a>De Argentina <\/strong><strong>ROXANA MARCELA ARCE<\/strong><br><br>\r\n\r\nLicenciada en Sociolog\u00eda con Posgrado en Ciencias Sociales del Trabajo. Tutor on Line del Centro de Estudios Interdisciplinario de Huancayo (Per\u00fa) y para la Empresa de Formaci\u00f3n Iniciativas Empresariales de Barcelona (Espa\u00f1a). Profesor e investigador de la Universidad Nacional de Santiago del Estero con experiencia en evaluaci\u00f3n de pol\u00edticas p\u00fablicas, en dise\u00f1o, ejecuci\u00f3n, monitoreo de proyectos de intervenci\u00f3n socio comunitario con asociaciones barriales, Asesor y gestor a cooperativas de producci\u00f3n y de trabajo (rurales - urbanas), con microempresas.<\/td>\r\n<\/tr>\r\n<\/table>\t\t\t\t\t\t <\/div>\r\n\t\t\t\t\t\t\t\t\t\t\t\t <div role=\"tabpanel\" class=\"tab-pane \" id=\"tabs_desc_5909_2\">\r\n\t\t\t\t\t\t\t\t<ul>\r\n \t<li><strong>Semana 1:<\/strong> Familiarizaci\u00f3n con la plataforma virtual.<\/li>\r\n \t<li><strong>Semana 2:<\/strong> Marcos conceptuales sobre gobernabilidad vs gobernanza en el SXXI. Aproximaciones te\u00f3ricas y metodol\u00f3gicas. Situaci\u00f3n actual de la ESyS en Am\u00e9rica Latina y el Caribe. Implicancia de los ODS para la Am\u00e9rica Latina y el Caribe: la Cumbre 2015, la Agenda 2030 y los ODS.<\/li>\r\n \t<li><strong>Semana 3:<\/strong> Contextos, actores y procesos de\u00a0 las experiencias de Organizaciones de ESyS en Am\u00e9rica Latina y el Caribe.<\/li>\r\n \t<li><strong>Semana 4:<\/strong> Modelos de gesti\u00f3n de Experiencias de Econom\u00eda Social y Solidaria y su aporte al territorio.<\/li>\r\n \t<li><strong>Semana 5:<\/strong> An\u00e1lisis de experiencias de Argentina, Bolivia y Colombia.<\/li>\r\n \t<li><strong>Semana 6:<\/strong> Gesti\u00f3n de empresas de econom\u00eda social.<\/li>\r\n<\/ul>\r\n\u00a0\r\n\r\n\u00a0\t\t\t\t\t\t <\/div>\r\n\t\t\t\t\t\t\t\t\t\t\t\t <div role=\"tabpanel\" class=\"tab-pane \" id=\"tabs_desc_5909_3\">\r\n\t\t\t\t\t\t\t\tSe prev\u00e9 una metodolog\u00eda interactiva de modalidad virtual.\u00a0 Se abordar\u00e1 con estrategia de desarrollo te\u00f3rico - pr\u00e1ctico, con una gesti\u00f3n del conocimiento de car\u00e1cter horizontal, con valor a experiencias locales.\u00a0 Es importante se\u00f1alar que cada uno de estos temas, han sido seleccionados de forma consistente a la realidad.<br><br>\r\n\r\nSe basa en una propuesta de lectura cr\u00edtica de las unidades did\u00e1cticas. La parte medular de este curso est\u00e1 dirigido a la presentaci\u00f3n de una realidad apoyada en la exposici\u00f3n de Experiencias de ESyS que permita un an\u00e1lisis reflexivo, \u00a0intercambio de ideas y conceptos en los foros, todas estas acciones dirigidas y coordinadas por el profesor-tutor.\t\t\t\t\t\t <\/div>\r\n\t\t\t\t\t\t\t\t\t\t\t\t <div role=\"tabpanel\" class=\"tab-pane \" id=\"tabs_desc_5909_4\">\r\n\t\t\t\t\t\t\t\tLa estructura de este curso es semanal, con recursos, actividades y ejercicios dise\u00f1ados para que el estudiante participe en ellos durante cada una de las seis semanas del curso.<br><br>\r\n\r\nEl curso incluir\u00e1:\r\n<ul>\r\n \t<li>Conversaciones de v\u00eddeo interactivos con expertos de organismos internacionales.<\/li>\r\n \t<li>Recursos: actividades interactivas principales, opcionales (inmersi\u00f3n a fondo)<\/li>\r\n \t<li><em>Ejercicios de aprendizajes <\/em><em>para cada m\u00f3dulo, con participaciones individuales y grupales, <\/em><em>basados en los proyectos que permitir\u00e1n perfeccionar sus capacidades de an\u00e1lisis, reflexi\u00f3n e implementaci\u00f3n de los conceptos trabajados en cada semana.<\/em><\/li>\r\n \t<li>Foros de debate y consulta que permiten el intercambio entre las\/os participantes al curso, enriqueciendo la formaci\u00f3n entre los mismos.<\/li>\r\n<\/ul><br>\r\nEl curso incluir\u00e1, como proyecto final, la presentaci\u00f3n de proyectos implementando los conocimientos adquiridos en cada semana.\t\t\t\t\t\t <\/div>\r\n\t\t\t\t\t\t\t\r\n\t\t\t\t\t <\/div>\r\n\t\t\t\t\t \r\n\t\t\t\t <\/div>\r\n <script>\r\n\t\tjQuery(function () {\r\n\t\t\tjQuery('#myTab_5909 a:first').tab('show')\r\n\t\t});\r\n\t\t\r\n\t\t\t\tjQuery(function(){\r\n\t\t\tvar b=\"fadeIn\";\r\n\t\t\tvar c;\r\n\t\t\tvar a;\r\n\t\t\td(jQuery(\"#myTab_5909 a\"),jQuery(\"#tab-content_5909\"));function d(e,f,g){\r\n\t\t\t\te.click(function(i){\r\n\t\t\t\t\ti.preventDefault();\r\n\t\t\t\t\tjQuery(this).tab(\"show\");\r\n\t\t\t\t\tvar h=jQuery(this).data(\"easein\");\r\n\t\t\t\t\tif(c){c.removeClass(a);}\r\n\t\t\t\t\tif(h){f.find(\"div.active\").addClass(\"animated \"+h);a=h;}\r\n\t\t\t\t\telse{if(g){f.find(\"div.active\").addClass(\"animated \"+g);a=g;}else{f.find(\"div.active\").addClass(\"animated \"+b);a=b;}}c=f.find(\"div.active\");\r\n\t\t\t\t});\r\n\t\t\t}\r\n\t\t});\r\n\t\t\r\n\r\n\t\tfunction do_resize(){\r\n\r\n\t\t\tvar width=jQuery( '.tab-content .tab-pane iframe' ).width();\r\n\t\t\tvar height=jQuery( '.tab-content .tab-pane iframe' ).height();\r\n\r\n\t\t\tvar toggleSize = true;\r\n\t\t\tjQuery('iframe').animate({\r\n\t\t\t    width: toggleSize ? width : 640,\r\n\t\t\t    height: toggleSize ? height : 360\r\n\t\t\t  }, 250);\r\n\r\n\t\t\t  toggleSize = !toggleSize;\r\n\t\t}\r\n\r\n\r\n\t<\/script>\r\n\t\t\t\t\r\n\t\t\t\n\n\n\n<p class=\"has-text-color has-vivid-cyan-blue-color\"><strong>COSTO<\/strong><\/p>\n\n\n\n<p style=\"text-align:justify\">900 bolivianos o su equivalente en d\u00f3lares (130 D\u00f3lares Americanos) que   incluyen todos los materiales de estudio, acceso a todos los recursos y  certificado digital. <\/p>\n\n\n\n<p>\nContamos con algunas opciones de <strong>DESCUENTO<\/strong> al que puede acceder:\n\n<\/p>\n\n\n\n<ul class=\"justext wp-block-list\"><li>Para instituciones o grupo de 5 o m\u00e1s personas, obtendr\u00e1n un descuento especial, para ello escribanos a <a href=\"mailto:beatriz@cebem.org\">beatriz@cebem.org<\/a> <\/li><\/ul>\n\n\n\n<p style=\"text-align:center\" class=\"has-medium-font-size\">Si desea saber nuestras formas de pago, haga <strong><a rel=\"noreferrer noopener\" href=\"http:\/\/campus.cebem.org\/blog\/index.php?entryid=1\" target=\"_blank\">CLIC AQU\u00cd<\/a><\/strong><\/p>\n\n\n\n<h3 class=\"wp-block-heading\" style=\"text-align:center\">\u00bfTe interesa el curso?<\/h3>\n\n\n\n<div class=\"wp-block-button aligncenter\"><a class=\"wp-block-button__link\" href=\"https:\/\/forms.gle\/dPqRYqNJiHkT85Jn7\" target=\"_blank\" rel=\"noopener noreferrer\">PREINSCR\u00cdBETE AQU\u00cd<\/a><\/div>\n\n\n\n<p class=\"has-text-color has-vivid-cyan-blue-color\"><strong>\u00bfTIENES ALGUNA CONSULTA? ESCR\u00cdBENOS:<\/strong><\/p>\n\n\n\n<div class=\"wp-block-columns has-2-columns is-layout-flex wp-container-core-columns-is-layout-9d6595d7 wp-block-columns-is-layout-flex\">\n<div class=\"wp-block-column is-layout-flow wp-block-column-is-layout-flow\">\n<div class=\"wp-block-image\"><figure class=\"aligncenter is-resized\"><img data-recalc-dims=\"1\" loading=\"lazy\" decoding=\"async\" src=\"https:\/\/i0.wp.com\/cebem.org\/wp-content\/uploads\/2019\/07\/envelope-3152053_960_720.png?resize=75%2C57\" alt=\"\" class=\"wp-image-5754\" width=\"75\" height=\"57\"\/><\/figure><\/div>\n\n\n\n<p style=\"text-align:center\"><a href=\"mailto:christian@cebem.org\"><strong>christian@cebem.org<\/strong><\/a><\/p>\n<\/div>\n\n\n\n<div class=\"wp-block-column is-layout-flow wp-block-column-is-layout-flow\">\n<div class=\"wp-block-image\"><figure class=\"aligncenter is-resized\"><img data-recalc-dims=\"1\" loading=\"lazy\" decoding=\"async\" src=\"https:\/\/i0.wp.com\/cebem.org\/wp-content\/uploads\/2019\/07\/Whatsapp_icon-icons.png?resize=75%2C57\" alt=\"\" class=\"wp-image-5755\" width=\"75\" height=\"57\"\/><\/figure><\/div>\n\n\n\n<p style=\"text-align:center\"><strong><a href=\"https:\/\/cutt.ly\/info-curso-economia-social\" target=\"_blank\" rel=\"noreferrer noopener\" aria-label=\" (abre en una nueva pesta\u00f1a)\">Cons\u00faltanos <\/a><\/strong><\/p>\n<\/div>\n<\/div>\n","protected":false},"excerpt":{"rendered":"<p>POSTERGADO HASTA NUEVO AVISO \u00bfTe interesa el curso? PREINSCR\u00cdBETE Duraci\u00f3n: 4 de noviembre al 15 de diciembre Dedicaci\u00f3n: 5 a 8 horas por semana Precio: 900 bolivianos o 130 d\u00f3lares Descuento: Para instituciones o grupo de 5 o m\u00e1s personas, y pagos hasta el 18 de octubre, consultas beatriz@cebem.org DESCRIPCI\u00d3N DEL CURSO En el escenario &hellip; <\/p>\n<p><a class=\"more-link btn\" href=\"https:\/\/cebem.org\/?p=5909\">Seguir leyendo<\/a><\/p>\n","protected":false},"author":2,"featured_media":4884,"parent":0,"menu_order":0,"comment_status":"open","ping_status":"closed","template":"template-onecolumn.php","meta":{"footnotes":""},"class_list":["post-5904","page","type-page","status-publish","has-post-thumbnail","hentry","nodate","item-wrap"],"jetpack_sharing_enabled":true,"_links":{"self":[{"href":"https:\/\/cebem.org\/index.php?rest_route=\/wp\/v2\/pages\/5904","targetHints":{"allow":["GET"]}}],"collection":[{"href":"https:\/\/cebem.org\/index.php?rest_route=\/wp\/v2\/pages"}],"about":[{"href":"https:\/\/cebem.org\/index.php?rest_route=\/wp\/v2\/types\/page"}],"author":[{"embeddable":true,"href":"https:\/\/cebem.org\/index.php?rest_route=\/wp\/v2\/users\/2"}],"replies":[{"embeddable":true,"href":"https:\/\/cebem.org\/index.php?rest_route=%2Fwp%2Fv2%2Fcomments&post=5904"}],"version-history":[{"count":22,"href":"https:\/\/cebem.org\/index.php?rest_route=\/wp\/v2\/pages\/5904\/revisions"}],"predecessor-version":[{"id":6193,"href":"https:\/\/cebem.org\/index.php?rest_route=\/wp\/v2\/pages\/5904\/revisions\/6193"}],"wp:featuredmedia":[{"embeddable":true,"href":"https:\/\/cebem.org\/index.php?rest_route=\/wp\/v2\/media\/4884"}],"wp:attachment":[{"href":"https:\/\/cebem.org\/index.php?rest_route=%2Fwp%2Fv2%2Fmedia&parent=5904"}],"curies":[{"name":"wp","href":"https:\/\/api.w.org\/{rel}","templated":true}]}}