
{"id":5295,"date":"2019-05-20T10:28:08","date_gmt":"2019-05-20T14:28:08","guid":{"rendered":"http:\/\/cebem.org\/?page_id=5295"},"modified":"2021-07-08T09:52:43","modified_gmt":"2021-07-08T13:52:43","slug":"congreso-virtual-desarrollo-sustentable-y-desafios-ambientales","status":"publish","type":"page","link":"https:\/\/cebem.org\/?page_id=5295","title":{"rendered":"Congreso Virtual Desarrollo Sustentable y Desaf\u00edos Ambientales"},"content":{"rendered":"\n<div class=\"wp-block-image\"><figure class=\"aligncenter\"><img data-recalc-dims=\"1\" fetchpriority=\"high\" decoding=\"async\" width=\"700\" height=\"311\" src=\"https:\/\/i0.wp.com\/cebem.org\/wp-content\/uploads\/2019\/05\/ban-congreso-bol-2019.jpg?resize=700%2C311\" alt=\"\" class=\"wp-image-5296\" srcset=\"https:\/\/i0.wp.com\/cebem.org\/wp-content\/uploads\/2019\/05\/ban-congreso-bol-2019.jpg?w=700&amp;ssl=1 700w, https:\/\/i0.wp.com\/cebem.org\/wp-content\/uploads\/2019\/05\/ban-congreso-bol-2019.jpg?resize=300%2C133&amp;ssl=1 300w, https:\/\/i0.wp.com\/cebem.org\/wp-content\/uploads\/2019\/05\/ban-congreso-bol-2019.jpg?resize=600%2C267&amp;ssl=1 600w\" sizes=\"(max-width: 700px) 100vw, 700px\" \/><\/figure><\/div>\n\n\n\n<p>El tema ambiental ofrece desaf\u00edos para la gesti\u00f3n p\u00fablica, privada y \ndel tercer sector, asociado a la diversidad de problemas ambientales \nurbanos y rurales, locales y regionales, multidimensionales y \nmulticausales.<\/p>\n\n\n\n<p>Esta situaci\u00f3n favorece un \u201cabordaje integral y \ncomplejo\u201d de tem\u00e1ticas ambientales de inter\u00e9s y de los actuales \nproblemas ambientales, propiciando la b\u00fasqueda de estrategias \ndireccionadas hacia el desarrollo sustentable.<\/p>\n\n\n\n<p>Trabajar en la \ncomplejidad ambiental demanda el ejercicio de \u201cpensar con otros\u201d \nofreciendo la posibilidad de analizar problemas y buscar soluciones en \nconjunto para su gesti\u00f3n.<\/p>\n\n\n\n<p>Los diferentes pa\u00edses presentan desaf\u00edos\n particulares conforme sus condiciones ambientales (sociales, \nculturales, econ\u00f3micas, pol\u00edticas, f\u00edsico-naturales) y en virtud del \navance y el impacto de las distintas estrategias de planificaci\u00f3n \nregionales, nacionales y locales.<\/p>\n\n\n\n<p>El espacio virtual \u201casincr\u00f3nico\u201d\n que ofrece congreso, como parte de una serie de iniciativas de estas \ncaracter\u00edsticas, intenta fomentar la socializaci\u00f3n de herramientas en \nmateria ambiental y la puesta en di\u00e1logo entre actores que trabajan el \nabordaje de la tem\u00e1tica.<\/p>\n\n\n\n<p>El congreso brinda una serie de espacios \nde trabajo, que permitir\u00e1n el intercambio de aprendizaje para compartir \nexperiencias y socializar conocimientos y rese\u00f1as.<\/p>\n\n\n\n<h3 class=\"wp-block-heading\">Cronograma de fechas<\/h3>\n\n\n\n<ul class=\"wp-block-list\"><li><strong>Periodo de inscripci\u00f3n:<\/strong> 1 de Marzo al 16 de Agosto de 2019<\/li><li><strong>Recepci\u00f3n de Res\u00famenes PERMANENTE:<\/strong> hasta el 31 de Mayo de 2019<\/li><li><strong>Aviso de aceptaci\u00f3n de Resumen:<\/strong>&nbsp;20 al 24 de Mayo de 2019 (entregados en fecha)&nbsp; 31 de Mayo al 7 de Junio de 2019 (entregados en periodo de prorroga)<\/li><li><strong>Env\u00edo de ponencia completa \u00f3 p\u00f3ster:<\/strong> Hasta el 21 de Junio de 2019<\/li><li><strong>Confirmaci\u00f3n a ponentes (con ponencia completa):<\/strong> 22 de julio de 2019<\/li><li><strong>Ajustes y correcciones finales de ponencias aceptadas:<\/strong> Hasta el 16 de Agosto de 2019<\/li><li><strong>Desarrollo del evento:<\/strong> 16 al 20 de Septiembre de 2019<\/li><\/ul>\n\n\n\n<div class=\"wp-block-button aligncenter\"><a class=\"wp-block-button__link\" href=\"http:\/\/congresos.cebem.org\/\">VISITE la p\u00e1gina del congreso<\/a><\/div>\n","protected":false},"excerpt":{"rendered":"<p>El tema ambiental ofrece desaf\u00edos para la gesti\u00f3n p\u00fablica, privada y del tercer sector, asociado a la diversidad de problemas ambientales urbanos y rurales, locales y regionales, multidimensionales y multicausales. Esta situaci\u00f3n favorece un \u201cabordaje integral y complejo\u201d de tem\u00e1ticas ambientales de inter\u00e9s y de los actuales problemas ambientales, propiciando la b\u00fasqueda de estrategias direccionadas &hellip; <\/p>\n<p><a class=\"more-link btn\" href=\"https:\/\/cebem.org\/?page_id=5295\">Seguir leyendo<\/a><\/p>\n","protected":false},"author":2,"featured_media":5296,"parent":865,"menu_order":2,"comment_status":"closed","ping_status":"closed","template":"","meta":{"footnotes":""},"class_list":["post-5295","page","type-page","status-publish","has-post-thumbnail","hentry","nodate","item-wrap"],"jetpack_sharing_enabled":true,"_links":{"self":[{"href":"https:\/\/cebem.org\/index.php?rest_route=\/wp\/v2\/pages\/5295","targetHints":{"allow":["GET"]}}],"collection":[{"href":"https:\/\/cebem.org\/index.php?rest_route=\/wp\/v2\/pages"}],"about":[{"href":"https:\/\/cebem.org\/index.php?rest_route=\/wp\/v2\/types\/page"}],"author":[{"embeddable":true,"href":"https:\/\/cebem.org\/index.php?rest_route=\/wp\/v2\/users\/2"}],"replies":[{"embeddable":true,"href":"https:\/\/cebem.org\/index.php?rest_route=%2Fwp%2Fv2%2Fcomments&post=5295"}],"version-history":[{"count":3,"href":"https:\/\/cebem.org\/index.php?rest_route=\/wp\/v2\/pages\/5295\/revisions"}],"predecessor-version":[{"id":8815,"href":"https:\/\/cebem.org\/index.php?rest_route=\/wp\/v2\/pages\/5295\/revisions\/8815"}],"up":[{"embeddable":true,"href":"https:\/\/cebem.org\/index.php?rest_route=\/wp\/v2\/pages\/865"}],"wp:featuredmedia":[{"embeddable":true,"href":"https:\/\/cebem.org\/index.php?rest_route=\/wp\/v2\/media\/5296"}],"wp:attachment":[{"href":"https:\/\/cebem.org\/index.php?rest_route=%2Fwp%2Fv2%2Fmedia&parent=5295"}],"curies":[{"name":"wp","href":"https:\/\/api.w.org\/{rel}","templated":true}]}}