
{"id":419,"date":"2016-03-24T14:59:08","date_gmt":"2016-03-24T18:59:08","guid":{"rendered":"http:\/\/cebem.org\/?page_id=419"},"modified":"2016-06-28T18:00:08","modified_gmt":"2016-06-28T22:00:08","slug":"catedra-unesco","status":"publish","type":"page","link":"https:\/\/cebem.org\/?page_id=419","title":{"rendered":"C\u00e1tedra UNESCO"},"content":{"rendered":"<h4 class=\"nombre_datos\" style=\"text-align: center;\"><strong>New UNESCO Chair Resources: Video Guide\/Bibliography for Training in CBR<\/strong><\/h4>\n<p>The UNESCO Chair in CBR, in partnership with the Institute for Resources, Environment and Sustainability (IRES) at the University of British Columbia are pleased to share new resources on training in Community-Based Research.\u00a0 These products are some of the outcomes of the SSHRC funded &#8216;Building the Next Generation of Community-based Researchers (\u201cThe NextGen project\u201d) between 2014-2016.<\/p>\n<p><strong>1. VIDEO COLLECTION OF TRAINING IN COMMUNITY BASED RESEARCH<\/strong><\/p>\n<p>This unique resource guide provides a summary of videos on key topic areas related to teaching and training materials for Community Based Research from around the world. A selection of 68 videos were selected as video training materials, falling into six pedagogical themes including: Ethics &amp; Values, Multiple Modes of Inquiry, Researcher as a Facilitator, Power &amp; Partnerships, Balancing Classroom &amp; Field, and a more General category.<\/p>\n<p>The resource guide can also be found online at: <a href=\"http:\/\/unescochair-cbrsr.org\/wp-content\/uploads\/2015\/09\/CBR-Video-Resource-Guide-Final_20160427.pdf\" target=\"_blank\">http:\/\/unescochair-cbrsr.org\/wp-content\/uploads\/2015\/09\/CBR-Video-Resource-Guide-Final_20160427.pdf<\/a><strong><\/p>\n<p>2. Annotated Bibliography: TRAINING IN COMMUNITY BASED RESEARCH (CBR): WATER GOVERNANCE<\/strong><\/p>\n<p>This annotated bibliography includes literature from different countries and regions on the subject of CBR and water governance, with a particular focus on training. The selected literature is categorized within five closely linked typologies, including: 1. Training in Community Based Research in Water Governance; 2. Citizen Science and Water Governance; 3. Participatory Water Governance; 4. Training in Formal Education Programs using Participatory and Community Based Research; and 5. Training in Participatory Research Models for Civil Society and Practitioners.<\/p>\n<p>These resources were compiled by Jessica Jin and Kelly Sharp, graduate students from the University of British Columbia under the guidance of Drs. Leila Harris (UBC) and Crystal Tremblay (University of Victoria).<\/p>\n<p class=\"nombre_datos\" style=\"text-align: left;\">The bibliography can\u00a0be found online at:\u00a0<a href=\"http:\/\/unescochair-cbrsr.org\/pdf\/resource\/CBR_Annotated_Bibliography_Final_May_2016.pdf\" target=\"_blank\">http:\/\/unescochair-cbrsr.org\/pdf\/resource\/CBR_Annotated_Bibliography_Final_May_2016.pdf<\/a>\n<\/p>\n<hr \/>\n<p class=\"nombre_datos\" style=\"text-align: center;\">\n<h4 class=\"nombre_datos\" style=\"text-align: center;\"><strong>I COMUNICADO DE BIG TENT<\/strong><br \/>\n<strong> <em>\u00abIdentidades Locales y Ciudadan\u00eda Global: Un mensaje desde Catania y un desaf\u00edo para las Universidades\u00bb<\/em><\/strong><\/h4>\n<p align=\"justify\"><b>El sexto comunicado de Big Tent \u2013 \u00bfd\u00f3nde y por qu\u00e9?<br \/>\n<\/b> Big Tent es un grupo de redes a nivel regional, nacional y global que comparte un inter\u00e9s en el compromiso entre la Universidad y la Comunidad y la Responsabilidad Social de la Educaci\u00f3n Superior y que ha acordado realizar declaraciones cada cierto tiempo.<\/p>\n<p>El primer comunicado de Big Tent, sobre el compromiso entre las universidades y las comunidades, tuvo su foco en la cooperaci\u00f3n Norte-Sur y fue realizado en 2010. Este nuevo comunicado proviene de la reflexi\u00f3n sobre la celebraci\u00f3n de la Conferencia Anual de Pascal International Observatory del 7 al 9 de Octubre de 2015 en Catania, Sicilia \u2018en la frontera de la fortaleza Europa\u2019. Su tema ha sido c\u00f3mo las ciudades y sus regiones est\u00e1n conectadas con sus universidades en fronteras estrat\u00e9gicas.<\/p>\n<p align=\"center\"><strong><a href=\"http:\/\/cebem.org\/wp-content\/uploads\/2016\/03\/VI_Comunicado_de_BigTent-INGLES.pdf\" target=\"_blank\" rel=\"\">Documento en INGLES<\/a><\/strong>\u00a0| <strong><a href=\"http:\/\/cebem.org\/wp-content\/uploads\/2016\/03\/VI_Comunicado_de_BigTent-ESPANOL.pdf\" target=\"_blank\" rel=\"\">Documento en ESPA\u00d1OL<\/a><\/strong><\/p>\n<hr \/>\n<h4 style=\"text-align: center;\" align=\"justify\"><strong>UNESCO Chair on Community Based Research &amp; Social Responsibility in Higher Education <\/strong><\/h4>\n<p align=\"justify\">We live in uncertain and complex times; citizens around the world are asking their leaders for answers to their daily travails.<\/p>\n<p>The civilizational crises at this juncture of human history are manifested in three distinct, yet interrelated, trends. First, the scale of material prosperity achieved by many households and communities is unprecedented in human history; material well-being, quality of life, longevity of consumption and accumulation of wealth has reached mind-boggling levels today. Yet, such prosperity co-exists with unprecedented and widespread deprivations; shocking as it may seem, deprivation within seas of prosperity can be found around all societies today. If humanity has the means to generate such wealth and material well-being for some, how come those means are not applied for the well-being of all?. <strong><a href=\"http:\/\/cebem.org\/wp-content\/uploads\/2016\/03\/UNESCO_Chair_on_CBR-Final_May2012.pdf\" target=\"_blank\" rel=\"\">M\u00e1s informaci\u00f3n<\/a><\/strong><\/p>\n<hr \/>\n<h4 style=\"text-align: center;\"><strong>MANIFIESTO<\/strong><\/h4>\n<p><strong>GLOBAL ALLIANCE ON COMMUNITY ENGAGED RESEARCH <\/strong><\/p>\n<p><em>GACER <\/em><\/p>\n<p><img data-recalc-dims=\"1\" decoding=\"async\" class=\"alignright size-full wp-image-427\" src=\"https:\/\/i0.wp.com\/cebem.org\/wp-content\/uploads\/2016\/03\/24_300_5979_ar-img1.jpg?resize=180%2C161\" alt=\"24_300_5979_ar-img1\" width=\"180\" height=\"161\" \/>Global Dialogue Enhancing North-South Cooperation in Community-University Engagement<br \/>\nOn September 23rd 2010, GACER gathered eight international networks supporting community university engagement across the world gathered to participate in the first Global Video Dialogue on Enhancing North-South Cooperation in Community-University Engagement. Representing several thousand universities, both university-led and community-led professional bodies and civil society organisations. Networks that gathered for the Global Dialogue on Enhancing North-South Cooperation in Community-University Engagement were as follows: Centro Boliviano de Estudios Multidisciplinarios, Commonwealth Uni-versities Extension and Engagement Net-work, Global Alliance on Community En-gaged Research (GACER), Global Univer-sities Network for Innovation (GUNI), Liv-ing Knowledge Network, PASCAL Inter-national Observatory, Participatory Re-search in Asia, and the Talloires Network.<\/p>\n<p><strong><a href=\"http:\/\/cebem.org\/wp-content\/uploads\/2016\/03\/GACER_Brochure_Nov18_2010.pdf\" target=\"_blank\" rel=\"\">DESCARGAR PDF<\/a><\/strong><\/p>\n<hr \/>\n<h4 style=\"text-align: center;\"><strong>PUBLICACIONES<\/strong><\/h4>\n<ul>\n<li><strong>Titulo:<\/strong> Constructing North-South Knowledge Community for Development Research<br \/>\n<strong>Autor:<\/strong> CCNS<br \/>\n<a href=\"http:\/\/cebem.org\/wp-content\/uploads\/2016\/03\/ccns_ingles.pdf\" target=\"_blank\" rel=\"\">Descargar PDF<\/a><\/li>\n<li><strong>Titulo:<\/strong> UNESCO Chair on Community Based Research &amp; Social Responsibility in Higher Education<br \/>\n<strong>Autor:<\/strong> Dr. Rajesh Tandon Dr. Budd Hall<br \/>\n<a href=\"http:\/\/cebem.org\/wp-content\/uploads\/2016\/03\/UNESCO_Chair_on_CBR-Final_May2012.pdf\" target=\"_blank\" rel=\"\">Descargar PDF<\/a><\/li>\n<li><strong>Titulo:<\/strong> UNESCO Chair-GACER News October 31, 2012<br \/>\n<strong>Autor:<\/strong> Budd Hall<br \/>\n<a href=\"http:\/\/pascalobservatory.org\/pascalnow\/blogentry\/unesco-chair-gacer-news-october-31-2012\" target=\"_blank\">M\u00e1s informaci\u00f3n<\/a><\/li>\n<li><strong>Titulo:<\/strong> Higher Education for Sustainability: A Global Overview of Commitment and Progress<br \/>\n<strong>Autor:<\/strong> Daniella Tilbury &#8211; GUNI<br \/>\n<a href=\"http:\/\/cebem.org\/wp-content\/uploads\/2016\/03\/HEs_Committment_to_Sustainability_GUNI_HE_in_the_World_43.pdf\" target=\"_blank\" rel=\"\">Descargar PDF<\/a><\/li>\n<li><strong>Titulo:<\/strong> Community- University Engagement in 2030 a Scenario<br \/>\n<strong>Autor:<\/strong> Big Tent Group<br \/>\n<a href=\"http:\/\/cebem.org\/wp-content\/uploads\/2016\/03\/Corrected_Nov2-Final_Communique.pdf\" target=\"_blank\" rel=\"\">Descargar PDF<\/a><\/li>\n<li><strong>Titulo:<\/strong> Mejorar la cooperaci\u00f3n Norte-Sur a trav\u00e9s del compromiso entre la universidad y la comunidad<br \/>\n<strong>Autor:<\/strong> UNESCO<br \/>\n<a href=\"http:\/\/cebem.org\/wp-content\/uploads\/2016\/03\/Final_communique-sept_28_ES.pdf\" target=\"_blank\" rel=\"\">Descargar PDF<\/a><\/li>\n<\/ul>\n<p>&nbsp;<\/p>\n","protected":false},"excerpt":{"rendered":"<p>New UNESCO Chair Resources: Video Guide\/Bibliography for Training in CBR The UNESCO Chair in CBR, in partnership with the Institute for Resources, Environment and Sustainability (IRES) at the University of British Columbia are pleased to share new resources on training in Community-Based Research.\u00a0 These products are some of the outcomes of the SSHRC funded &#8216;Building &hellip; <\/p>\n<p><a class=\"more-link btn\" href=\"https:\/\/cebem.org\/?page_id=419\">Seguir leyendo<\/a><\/p>\n","protected":false},"author":2,"featured_media":420,"parent":97,"menu_order":0,"comment_status":"closed","ping_status":"closed","template":"","meta":{"footnotes":""},"class_list":["post-419","page","type-page","status-publish","has-post-thumbnail","hentry","nodate","item-wrap"],"jetpack_sharing_enabled":true,"_links":{"self":[{"href":"https:\/\/cebem.org\/index.php?rest_route=\/wp\/v2\/pages\/419","targetHints":{"allow":["GET"]}}],"collection":[{"href":"https:\/\/cebem.org\/index.php?rest_route=\/wp\/v2\/pages"}],"about":[{"href":"https:\/\/cebem.org\/index.php?rest_route=\/wp\/v2\/types\/page"}],"author":[{"embeddable":true,"href":"https:\/\/cebem.org\/index.php?rest_route=\/wp\/v2\/users\/2"}],"replies":[{"embeddable":true,"href":"https:\/\/cebem.org\/index.php?rest_route=%2Fwp%2Fv2%2Fcomments&post=419"}],"version-history":[{"count":6,"href":"https:\/\/cebem.org\/index.php?rest_route=\/wp\/v2\/pages\/419\/revisions"}],"predecessor-version":[{"id":11303,"href":"https:\/\/cebem.org\/index.php?rest_route=\/wp\/v2\/pages\/419\/revisions\/11303"}],"up":[{"embeddable":true,"href":"https:\/\/cebem.org\/index.php?rest_route=\/wp\/v2\/pages\/97"}],"wp:featuredmedia":[{"embeddable":true,"href":"https:\/\/cebem.org\/index.php?rest_route=\/wp\/v2\/media\/420"}],"wp:attachment":[{"href":"https:\/\/cebem.org\/index.php?rest_route=%2Fwp%2Fv2%2Fmedia&parent=419"}],"curies":[{"name":"wp","href":"https:\/\/api.w.org\/{rel}","templated":true}]}}