
{"id":4,"date":"2014-12-19T14:18:22","date_gmt":"2014-12-19T14:18:22","guid":{"rendered":"http:\/\/www.redesma.org\/helvetas\/?page_id=4"},"modified":"2019-07-17T16:25:07","modified_gmt":"2019-07-17T20:25:07","slug":"1-instrumentos-metodologicos-para-la-reduccion-del-riesgo-de-desastres-rrd-y-la-adaptacion-al-cambio-climatico-acc-y-sistematizacion-de-propuestas","status":"publish","type":"page","link":"https:\/\/cebem.org\/?page_id=4","title":{"rendered":"TEMA 1. Instrumentos metodol\u00f3gicos para la Reducci\u00f3n del Riesgo de Desastres (RRD) y la Adaptaci\u00f3n al Cambio Clim\u00e1tico (ACC) y sistematizaci\u00f3n de propuestas"},"content":{"rendered":"\n<p>Este es el primer tema de seis que contendr\u00e1 la Maleta de la Reducci\u00f3n del Riesgo de Desastres, fruto del trabajo con socios locales e institucionales del Proyecto Reducci\u00f3n del riesgo de desastres de la Cooperaci\u00f3n Suiza en Bolivia, implementado por HELVETAS Swiss Intercooperation.<\/p>\n\n\n\n<p>Al ingresar a la maleta usted podr\u00e1 revisar el primer conjunto de publicaciones (a nivel de instrumentos metodol\u00f3gicos y experiencias) producidas en las fases I, II y III de este Proyecto entre los a\u00f1os 2005 y 2014. B\u00e1sicamente, se comparten con los lectores metodolog\u00edas, por ejemplo, para la zonificaci\u00f3n del riesgo (elaboraci\u00f3n de mapas de riesgo), el funcionamiento de las Unidades de Gesti\u00f3n del Riesgo (UGR) municipales, tipolog\u00edas de obras de infraestructuras para aumentar las resiliencia del sector agropecuario, la incorporaci\u00f3n de la RRD y ACC en Planes de Desarrollo Municipales y Departamentales, entre varios otros. Tambi\u00e9n se ha a\u00f1adido una carpeta de sistematizaci\u00f3n de peque\u00f1os y grandes proyectos enmarcados en la gobernabilidad de la RRD y ACC y la gesti\u00f3n de riesgo agr\u00edcola, as\u00ed como experiencias obtenidas en respuesta a la emergencia de los desastres naturales.<\/p>\n\n\n\n<p>Invitamos al lector interesado en los temas de RRD y ACC -entre los que posiblemente se encuentren estudiosos, investigadores y t\u00e9cnicos de campo- a compartir sus propias experiencias y comentar los contenidos de los materiales que se ponen a su disposici\u00f3n.<\/p>\n\n\n\n<h3 class=\"wp-block-heading\">Vea nuestros documentos:<\/h3>\n\n\n\n<h2 class=\"wp-block-heading\" style=\"text-align:center\"><strong><span style=\"color: #ff0000;\"><a style=\"color: #ff0000;\" title=\"Instrumentos\" href=\"http:\/\/cebem.org\/?page_id=6\">Instrumentos<\/a><\/span><\/strong>&nbsp;&nbsp;&nbsp; &#8211;&nbsp;&nbsp;&nbsp; <strong><span style=\"color: #ff0000;\"><a style=\"color: #ff0000;\" title=\"Sistematizaci\u00f3n de propuestas\" href=\"http:\/\/cebem.org\/?page_id=352\">Sistematizaci\u00f3n de propuestas<\/a><\/span><\/strong><\/h2>\n","protected":false},"excerpt":{"rendered":"<p>Este es el primer tema de seis que contendr\u00e1 la Maleta de la Reducci\u00f3n del Riesgo de Desastres, fruto del trabajo con socios locales e institucionales del Proyecto Reducci\u00f3n del riesgo de desastres de la Cooperaci\u00f3n Suiza en Bolivia, implementado por HELVETAS Swiss Intercooperation. Al ingresar a la maleta usted podr\u00e1 revisar el primer conjunto &hellip; <\/p>\n<p><a class=\"more-link btn\" href=\"https:\/\/cebem.org\/?page_id=4\">Seguir leyendo<\/a><\/p>\n","protected":false},"author":2,"featured_media":5668,"parent":379,"menu_order":0,"comment_status":"open","ping_status":"closed","template":"","meta":{"footnotes":""},"class_list":["post-4","page","type-page","status-publish","has-post-thumbnail","hentry","nodate","item-wrap"],"jetpack_sharing_enabled":true,"_links":{"self":[{"href":"https:\/\/cebem.org\/index.php?rest_route=\/wp\/v2\/pages\/4","targetHints":{"allow":["GET"]}}],"collection":[{"href":"https:\/\/cebem.org\/index.php?rest_route=\/wp\/v2\/pages"}],"about":[{"href":"https:\/\/cebem.org\/index.php?rest_route=\/wp\/v2\/types\/page"}],"author":[{"embeddable":true,"href":"https:\/\/cebem.org\/index.php?rest_route=\/wp\/v2\/users\/2"}],"replies":[{"embeddable":true,"href":"https:\/\/cebem.org\/index.php?rest_route=%2Fwp%2Fv2%2Fcomments&post=4"}],"version-history":[{"count":7,"href":"https:\/\/cebem.org\/index.php?rest_route=\/wp\/v2\/pages\/4\/revisions"}],"predecessor-version":[{"id":5678,"href":"https:\/\/cebem.org\/index.php?rest_route=\/wp\/v2\/pages\/4\/revisions\/5678"}],"up":[{"embeddable":true,"href":"https:\/\/cebem.org\/index.php?rest_route=\/wp\/v2\/pages\/379"}],"wp:featuredmedia":[{"embeddable":true,"href":"https:\/\/cebem.org\/index.php?rest_route=\/wp\/v2\/media\/5668"}],"wp:attachment":[{"href":"https:\/\/cebem.org\/index.php?rest_route=%2Fwp%2Fv2%2Fmedia&parent=4"}],"curies":[{"name":"wp","href":"https:\/\/api.w.org\/{rel}","templated":true}]}}