
{"id":379,"date":"2016-03-23T12:18:18","date_gmt":"2016-03-23T16:18:18","guid":{"rendered":"http:\/\/cebem.org\/?page_id=379"},"modified":"2019-07-17T11:39:04","modified_gmt":"2019-07-17T15:39:04","slug":"maletin-de-la-reduccion-del-riesgo-de-desastres","status":"publish","type":"page","link":"https:\/\/cebem.org\/?page_id=379","title":{"rendered":"Malet\u00edn de la Reducci\u00f3n del Riesgo de Desastres"},"content":{"rendered":"<p style=\"text-align: left;\"><img data-recalc-dims=\"1\" fetchpriority=\"high\" decoding=\"async\" class=\"aligncenter wp-image-398 size-full\" src=\"https:\/\/i0.wp.com\/cebem.org\/wp-content\/uploads\/2016\/03\/maletin-rrd.jpg?resize=750%2C464\" alt=\"maletin-rrd\" width=\"750\" height=\"464\" srcset=\"https:\/\/i0.wp.com\/cebem.org\/wp-content\/uploads\/2016\/03\/maletin-rrd.jpg?w=825&amp;ssl=1 825w, https:\/\/i0.wp.com\/cebem.org\/wp-content\/uploads\/2016\/03\/maletin-rrd.jpg?resize=300%2C185&amp;ssl=1 300w, https:\/\/i0.wp.com\/cebem.org\/wp-content\/uploads\/2016\/03\/maletin-rrd.jpg?resize=768%2C475&amp;ssl=1 768w, https:\/\/i0.wp.com\/cebem.org\/wp-content\/uploads\/2016\/03\/maletin-rrd.jpg?resize=600%2C371&amp;ssl=1 600w\" sizes=\"(max-width: 750px) 100vw, 750px\" \/><\/p>\n<p style=\"text-align: left;\"><strong>Bienvenido<\/strong><\/p>\n<p>El proyecto <em>Reducci\u00f3n del riesgo de desastres<\/em> de la Cooperaci\u00f3n Suiza en Bolivia implementado por HELVETAS Swiss Intercooperation y el Centro Boliviano de Estudios Multidisciplinarios (CEBEM), tiene el agrado de anunciar a sus lectores una nueva iniciativa que ser\u00e1 difundida en los pr\u00f3ximos seis n\u00fameros de este bolet\u00edn, denominada <strong>MALET\u00cdN DE LA REDUCCI\u00d3N DEL RIESGO DE DESASTRES.<\/strong><\/p>\n<p>Se trata de la compilaci\u00f3n bibliogr\u00e1fica de las fases I, II y III del proyecto de Reducci\u00f3n del riesgo de desastres en Bolivia (a\u00f1os 2005 al 2014), ordenada en una serie de carpetas tem\u00e1ticas que presentan experiencia vividas y herramientas elaboradas por sus socios locales en temas de Reducci\u00f3n de Desastres (RRD) y Adaptaci\u00f3n al Cambio Clim\u00e1tico (ACC).<\/p>\n<p>Este Malet\u00edn cuenta tambi\u00e9n con un bolsillo especial para colocar aportes bibliogr\u00e1ficos, art\u00edculos, comentarios o solicitudes de informaci\u00f3n, proveniente de personas o instituciones que trabajan en la RRD y ACC en Bolivia y tambi\u00e9n en el exterior.<\/p>\n<blockquote><p>\u00a1Esperamos que este malet\u00edn le sea de mucha utilidad y pueda enriquecerlo con sus aportes!<\/p><\/blockquote>\n","protected":false},"excerpt":{"rendered":"<p>Bienvenido El proyecto Reducci\u00f3n del riesgo de desastres de la Cooperaci\u00f3n Suiza en Bolivia implementado por HELVETAS Swiss Intercooperation y el Centro Boliviano de Estudios Multidisciplinarios (CEBEM), tiene el agrado de anunciar a sus lectores una nueva iniciativa que ser\u00e1 difundida en los pr\u00f3ximos seis n\u00fameros de este bolet\u00edn, denominada MALET\u00cdN DE LA REDUCCI\u00d3N DEL &hellip; <\/p>\n<p><a class=\"more-link btn\" href=\"https:\/\/cebem.org\/?page_id=379\">Seguir leyendo<\/a><\/p>\n","protected":false},"author":2,"featured_media":398,"parent":0,"menu_order":0,"comment_status":"closed","ping_status":"closed","template":"","meta":{"footnotes":""},"class_list":["post-379","page","type-page","status-publish","has-post-thumbnail","hentry","nodate","item-wrap"],"jetpack_sharing_enabled":true,"_links":{"self":[{"href":"https:\/\/cebem.org\/index.php?rest_route=\/wp\/v2\/pages\/379","targetHints":{"allow":["GET"]}}],"collection":[{"href":"https:\/\/cebem.org\/index.php?rest_route=\/wp\/v2\/pages"}],"about":[{"href":"https:\/\/cebem.org\/index.php?rest_route=\/wp\/v2\/types\/page"}],"author":[{"embeddable":true,"href":"https:\/\/cebem.org\/index.php?rest_route=\/wp\/v2\/users\/2"}],"replies":[{"embeddable":true,"href":"https:\/\/cebem.org\/index.php?rest_route=%2Fwp%2Fv2%2Fcomments&post=379"}],"version-history":[{"count":4,"href":"https:\/\/cebem.org\/index.php?rest_route=\/wp\/v2\/pages\/379\/revisions"}],"predecessor-version":[{"id":5650,"href":"https:\/\/cebem.org\/index.php?rest_route=\/wp\/v2\/pages\/379\/revisions\/5650"}],"wp:featuredmedia":[{"embeddable":true,"href":"https:\/\/cebem.org\/index.php?rest_route=\/wp\/v2\/media\/398"}],"wp:attachment":[{"href":"https:\/\/cebem.org\/index.php?rest_route=%2Fwp%2Fv2%2Fmedia&parent=379"}],"curies":[{"name":"wp","href":"https:\/\/api.w.org\/{rel}","templated":true}]}}