
{"id":366,"date":"2015-05-31T10:23:38","date_gmt":"2015-05-31T14:23:38","guid":{"rendered":"http:\/\/www.redesma.org\/helvetas\/?page_id=293"},"modified":"2019-07-17T16:59:37","modified_gmt":"2019-07-17T20:59:37","slug":"tema-6-herramientas-de-apoyo-a-la-politica-y-normativa-nacional-y-subnacional-en-rrd-y-acc","status":"publish","type":"page","link":"https:\/\/cebem.org\/?page_id=366","title":{"rendered":"TEMA 6: Herramientas de apoyo a la pol\u00edtica y normativa nacional y subnacional en RRD y ACC"},"content":{"rendered":"\n<p>Estimados lectores:<\/p>\n\n\n\n<p>Con este tema completamos el Malet\u00edn de la Reducci\u00f3n del Riesgo de Desastres ofreciendo herramientas generadas entre el Estado y el proyecto de <em>Reducci\u00f3n del riesgo de desastres<\/em> en la definici\u00f3n de pol\u00edticas y normas que orienten acciones a nivel nacional y subnacional<strong>. <\/strong><\/p>\n\n\n\n<p>Se presenta, por ejemplo, <strong><em>el Sistema Integral de Informaci\u00f3n Agroclim\u00e1tica para la Gesti\u00f3n del Riesgo y la Seguridad Alimentaria con soberan\u00eda <\/em><\/strong>(SIAGERSA) una estrategia del Viceministerio de Desarrollo Rural y Tierras (VDRA) basada tanto en informaci\u00f3n agrometeorol\u00f3gica como en saberes locales para la predicci\u00f3n clim\u00e1tica.<\/p>\n\n\n\n<p>De igual manera, <strong>el Manual de Organizaci\u00f3n y Funcionamiento de la Unidad de Gesti\u00f3n del riesgo (UGR<\/strong>) <strong>municipal<\/strong> que resume el contexto normativo y orienta sobre la conformaci\u00f3n de las UGR, a partir de las diferentes estructuras de funcionamiento de los municipios, se elabor\u00f3 con el Viceministerio de Defensa Civil.<\/p>\n\n\n\n<p>El malet\u00edn contiene tambi\u00e9n Planes Departamentales de Gesti\u00f3n del Riesgo de los departamentos de Cochabamba, Potos\u00ed, Oruro, Chuquisaca y Tarija, algunos de ellos en proceso de aprobaci\u00f3n; asimismo, otros documentos que muestran el alineamiento del Proyecto a las pol\u00edticas estatales y, consecuentemente, el trabajo conjunto desarrollado en la reducci\u00f3n del riesgo de desastres y la adaptaci\u00f3n al cambio clim\u00e1tico.<\/p>\n\n\n\n<blockquote class=\"wp-block-quote is-layout-flow wp-block-quote-is-layout-flow\"><p>Al concluir este \u00faltimo tema del Malet\u00edn, los equipos de trabajo del Proyecto <em>Reducci\u00f3n del riesgo de desastres<\/em> y de REDESMA, se sienten muy satisfechos por esta iniciativa que logr\u00f3 despertar el inter\u00e9s de muchas personas y les permiti\u00f3 contar con una peque\u00f1a biblioteca virtual ordenada por grandes temas.<\/p><p>De aqu\u00ed en adelante, el Malet\u00edn completo se podr\u00e1 encontrar en la p\u00e1gina <a href=\"http:\/\/www.rrd.com.bo\" target=\"_blank\" rel=\"noopener noreferrer\">www.rrd.com.bo<\/a><\/p><p>Muchas gracias.<\/p><\/blockquote>\n\n\n\n<ol class=\"espacio wp-block-list\"><li>Cuadernode Registro Productivo Comunal, Aprendiendo a generar informaci\u00f3n para desarrollar nuestra comunidad y municipio. <a rel=\"noreferrer noopener\" aria-label=\" (opens in a new tab)\" href=\"http:\/\/cebem.org\/wp-content\/uploads\/2019\/07\/6-1-09cuaderno_registrobr.pdf\" target=\"_blank\"><strong>DESCARGAR<\/strong><\/a><\/li><li>Sintesis de Normativas para la Producci\u00f3n Ecol\u00f3gica y Org\u00e1nica con enfoque de Reducci\u00f3n de Riesgos. <a rel=\"noreferrer noopener\" aria-label=\"DESCARGAR (opens in a new tab)\" href=\"http:\/\/cebem.org\/wp-content\/uploads\/2019\/07\/6-2-06sintesis_normativabr.pdf\" target=\"_blank\"><strong>DESCARGAR<\/strong><\/a><\/li><li>La Reducci\u00f3n del Riesgo de Desastres y la Adaptaci\u00f3n al Cambio Clim\u00e1tico en Estatutos Auton\u00f3micos y Cartas Org\u00e1nicas. <a rel=\"noreferrer noopener\" aria-label=\"DESCARGA (opens in a new tab)\" href=\"http:\/\/cebem.org\/wp-content\/uploads\/2019\/07\/6-3-05prrdacc.pdf\" target=\"_blank\"><strong>DESCARGAR<\/strong><\/a><\/li><li>Primera Feria a la Inversa en gesti\u00f3n municipal de riesgos de desastres, Mancomunidad Regi\u00f3n Andina de Cochabamba. <a rel=\"noreferrer noopener\" aria-label=\" (opens in a new tab)\" href=\"http:\/\/cebem.org\/wp-content\/uploads\/2019\/07\/6-4-04feriainversa.pdf\" target=\"_blank\"><strong>DESCARGAR<\/strong><\/a><\/li><li>Sistema Integral de Informaci\u00f3n Agroclim\u00e1tica para la Gesti\u00f3n del Riesgo y la Seguridad Alimentaria con Soberan\u00eda. <a rel=\"noreferrer noopener\" aria-label=\" (opens in a new tab)\" href=\"http:\/\/cebem.org\/wp-content\/uploads\/2019\/07\/6-5-03siagersa.pdf\" target=\"_blank\"><strong>DESCARGAR<\/strong><\/a><\/li><li>Gu\u00eda orientativa de incorporaci\u00f3n de la Reducci\u00f3n del Riesgo de Desastres (RRD) y la Adaptaci\u00f3n al Cambio Clim\u00e1tico (ACC), en Planes de Desarrollo Municipales y Departamentales. <a rel=\"noreferrer noopener\" aria-label=\" (opens in a new tab)\" href=\"http:\/\/cebem.org\/wp-content\/uploads\/2019\/07\/6-6-24guia_orientativah1.pdf\" target=\"_blank\"><strong>DESCARGAR<\/strong><\/a><\/li><li>Manual de Organizaci\u00f3n y Funcionamiento de la Unidad de Gesti\u00f3n del Riesgo (UGR) Municipal. <ul><li><a rel=\"noreferrer noopener\" aria-label=\" (opens in a new tab)\" href=\"http:\/\/cebem.org\/wp-content\/uploads\/2019\/07\/6-7-a-10manual_iugr.pdf\" target=\"_blank\"><strong>DESCARGAR archivo A<\/strong><\/a><\/li><li><a rel=\"noreferrer noopener\" aria-label=\" (opens in a new tab)\" href=\"http:\/\/cebem.org\/wp-content\/uploads\/2019\/07\/6-7-b-13ugr_videcih2.pdf\" target=\"_blank\"><strong>DESCARGAR archivo B<\/strong><\/a> <\/li><\/ul><\/li><li>Plan Departamental de Gesti\u00f3n de Riesgos y Adaptaci\u00f3n al Cambio Clim\u00e1tico del Departamento de: <ul><li><a rel=\"noreferrer noopener\" aria-label=\" (opens in a new tab)\" href=\"http:\/\/cebem.org\/wp-content\/uploads\/2019\/07\/h3PlanChuqui.pdf\" target=\"_blank\"><strong>Chuquisaca<\/strong><\/a><\/li><li><a rel=\"noreferrer noopener\" aria-label=\" (opens in a new tab)\" href=\"http:\/\/cebem.org\/wp-content\/uploads\/2019\/07\/h3PlanCocha.pdf\" target=\"_blank\"><strong>Cochabamba<\/strong><\/a><\/li><li><a rel=\"noreferrer noopener\" aria-label=\" (opens in a new tab)\" href=\"http:\/\/cebem.org\/wp-content\/uploads\/2019\/07\/h3PlanOruro.pdf\" target=\"_blank\"><strong>Oruro<\/strong><\/a><\/li><li><a rel=\"noreferrer noopener\" aria-label=\" (opens in a new tab)\" href=\"http:\/\/cebem.org\/wp-content\/uploads\/2019\/07\/h3PlanPotosi.pdf\" target=\"_blank\"><strong>Potosi<\/strong><\/a><\/li><li><a rel=\"noreferrer noopener\" aria-label=\" (opens in a new tab)\" href=\"http:\/\/cebem.org\/wp-content\/uploads\/2019\/07\/h3PlanTarija.pdf\" target=\"_blank\"><strong>Tarija<\/strong><\/a> <\/li><\/ul><\/li><li>Mapas Departamentales de: <ul><li><a rel=\"noreferrer noopener\" aria-label=\" (opens in a new tab)\" href=\"http:\/\/cebem.org\/wp-content\/uploads\/2019\/07\/h3PlanOruro.pdf\" target=\"_blank\"><strong>Oruro<\/strong><\/a>, <em>122 Mb<\/em><\/li><li><a rel=\"noreferrer noopener\" aria-label=\" (opens in a new tab)\" href=\"http:\/\/cebem.org\/wp-content\/uploads\/2019\/07\/h3AtlasTarija.pdf\" target=\"_blank\"><strong>Tarija<\/strong>,<\/a> <em>26 Mb<\/em> <\/li><\/ul><\/li><li>Metodol\u00f3gica de desarrollo y formulaci\u00f3n de un plan estrat\u00e9gico de gesti\u00f3n de riesgos en la gesti\u00f3n Municipal. <a rel=\"noreferrer noopener\" aria-label=\" (opens in a new tab)\" href=\"http:\/\/cebem.org\/wp-content\/uploads\/2019\/07\/6-10-eje05.pdf\" target=\"_blank\"><strong>DESCARGAR<\/strong><\/a><\/li><\/ol>\n","protected":false},"excerpt":{"rendered":"<p>Estimados lectores: Con este tema completamos el Malet\u00edn de la Reducci\u00f3n del Riesgo de Desastres ofreciendo herramientas generadas entre el Estado y el proyecto de Reducci\u00f3n del riesgo de desastres en la definici\u00f3n de pol\u00edticas y normas que orienten acciones a nivel nacional y subnacional. Se presenta, por ejemplo, el Sistema Integral de Informaci\u00f3n Agroclim\u00e1tica &hellip; <\/p>\n<p><a class=\"more-link btn\" href=\"https:\/\/cebem.org\/?page_id=366\">Seguir leyendo<\/a><\/p>\n","protected":false},"author":2,"featured_media":5667,"parent":379,"menu_order":5,"comment_status":"open","ping_status":"closed","template":"","meta":{"footnotes":""},"class_list":["post-366","page","type-page","status-publish","has-post-thumbnail","hentry","nodate","item-wrap"],"jetpack_sharing_enabled":true,"_links":{"self":[{"href":"https:\/\/cebem.org\/index.php?rest_route=\/wp\/v2\/pages\/366","targetHints":{"allow":["GET"]}}],"collection":[{"href":"https:\/\/cebem.org\/index.php?rest_route=\/wp\/v2\/pages"}],"about":[{"href":"https:\/\/cebem.org\/index.php?rest_route=\/wp\/v2\/types\/page"}],"author":[{"embeddable":true,"href":"https:\/\/cebem.org\/index.php?rest_route=\/wp\/v2\/users\/2"}],"replies":[{"embeddable":true,"href":"https:\/\/cebem.org\/index.php?rest_route=%2Fwp%2Fv2%2Fcomments&post=366"}],"version-history":[{"count":7,"href":"https:\/\/cebem.org\/index.php?rest_route=\/wp\/v2\/pages\/366\/revisions"}],"predecessor-version":[{"id":5683,"href":"https:\/\/cebem.org\/index.php?rest_route=\/wp\/v2\/pages\/366\/revisions\/5683"}],"up":[{"embeddable":true,"href":"https:\/\/cebem.org\/index.php?rest_route=\/wp\/v2\/pages\/379"}],"wp:featuredmedia":[{"embeddable":true,"href":"https:\/\/cebem.org\/index.php?rest_route=\/wp\/v2\/media\/5667"}],"wp:attachment":[{"href":"https:\/\/cebem.org\/index.php?rest_route=%2Fwp%2Fv2%2Fmedia&parent=366"}],"curies":[{"name":"wp","href":"https:\/\/api.w.org\/{rel}","templated":true}]}}