
{"id":358,"date":"2015-02-26T18:09:09","date_gmt":"2015-02-26T22:09:09","guid":{"rendered":"http:\/\/www.redesma.org\/helvetas\/?page_id=124"},"modified":"2019-07-17T16:43:32","modified_gmt":"2019-07-17T20:43:32","slug":"tema-3-buenas-practicas-en-rrd-y-acc-en-el-nivel-municipal","status":"publish","type":"page","link":"https:\/\/cebem.org\/?page_id=358","title":{"rendered":"TEMA 3: Buenas pr\u00e1cticas en Reducci\u00f3n del Riesgo de Desastres (RRD) y Adaptaci\u00f3n al Cambio Clim\u00e1tico  (ACC) en el nivel municipal"},"content":{"rendered":"\n<p>Este es el <strong>tercer tema<\/strong> de seis que contendr\u00e1 el Malet\u00edn de la Reducci\u00f3n del Riesgo de Desastres, fruto del trabajo con socios locales e institucionales del proyecto <strong><em>Reducci\u00f3n del riesgo de desastres<\/em><\/strong> de la Cooperaci\u00f3n Suiza en Bolivia, implementado por HELVETAS Swiss Intercooperation.<\/p>\n\n\n\n<p>En este tema se presentan varias publicaciones que ejemplifican las buenas pr\u00e1cticas en RRD y ACC en el nivel municipal reunidas en la serie \u201cSistematizaci\u00f3n de experiencias de socios\u201d (11 publicaciones), en la cual las mancomunidades e instituciones que trabajaron con el Proyecto dan a conocer su experiencia m\u00e1s relevante, esperando que pueda ser replicada en otras regiones del pa\u00eds.<\/p>\n\n\n\n<p>Dichas publicaciones giran en torno a procesos de conformaci\u00f3n de Unidades de Gesti\u00f3n de Riesgos (UGR), participaci\u00f3n activa de la mujer en su b\u00fasqueda de espacios de discusi\u00f3n sobre la RRD y la ACC, instalaci\u00f3n de los sistemas de alerta temprana y consolidaci\u00f3n de la gesti\u00f3n del riesgo agr\u00edcola integral, entre otros temas.<\/p>\n\n\n\n<p>Tambi\u00e9n se presentan experiencias de buenas pr\u00e1cticas a nivel de peque\u00f1as infraestructuras y una publicaci\u00f3n con propuestas de los actores locales respecto a la manera de introducir las RRD y ACC en los estatutos auton\u00f3micos y las cartas org\u00e1nicas.<\/p>\n\n\n\n<blockquote class=\"wp-block-quote is-layout-flow wp-block-quote-is-layout-flow\"><p>Invitamos a los lectores frecuentes del bolet\u00edn de REDESMA a continuar acompa\u00f1\u00e1ndonos en el descubrimiento paulatino de los temas que hacen a la RRD y ACC en la experiencia de la Cooperaci\u00f3n Suiza en Bolivia. Esperamos tambi\u00e9n seguir recibiendo sus comentarios y consultas que con gusto son atendidas por el equipo del Proyecto.<\/p><\/blockquote>\n\n\n\n<p><strong>Documentos:<\/strong><\/p>\n\n\n\n<ol class=\"espacio wp-block-list\"><li>Procesos participativos en la creaci\u00f3n e implementaci\u00f3n de Unidades de Gesti\u00f3n del Riesgo (UGR) municipales Mancomunidad Aymaras Sin Fronteras.<strong> <\/strong><a rel=\"noreferrer noopener\" aria-label=\" (opens in a new tab)\" href=\"http:\/\/cebem.org\/wp-content\/uploads\/2019\/07\/3-1-334ASF01.pdf\" target=\"_blank\"><strong>DESCARGAR<\/strong><\/a><\/li><li>Sobrevivir en las monta\u00f1as y valles de Bolivia. Testimonios de campesinos y dirigentes confrontados con los riesgos del cambio clim\u00e1tico. <a rel=\"noreferrer noopener\" aria-label=\" (opens in a new tab)\" href=\"http:\/\/cebem.org\/wp-content\/uploads\/2019\/07\/3-2-Relatosdevida_commOSPtit.pdf\" target=\"_blank\"><strong>DESCARGAR<\/strong><\/a><\/li><li>Implementaci\u00f3n gradual de un Sistema de Alerta Temprana (SAT) para la Reducci\u00f3n del Riesgo de Desastres (RRD) y la Adaptaci\u00f3n al Cambio Clim\u00e1tico (ACC) Mancomunidad Caine. <a rel=\"noreferrer noopener\" aria-label=\" (opens in a new tab)\" href=\"http:\/\/cebem.org\/wp-content\/uploads\/2019\/07\/3-3-32CAI1.pdf\" target=\"_blank\"><strong>DESCARGAR<\/strong><\/a><\/li><li>Protecci\u00f3n del \u00e1rea de recarga h\u00eddrica en la comunidad de Pucahuasi. <a rel=\"noreferrer noopener\" aria-label=\" (opens in a new tab)\" href=\"http:\/\/cebem.org\/wp-content\/uploads\/2019\/07\/3-4-31CHCHU.pdf\" target=\"_blank\"><strong>DESCARGAR<\/strong><\/a><\/li><li>Proceso de Implementaci\u00f3n de un Sistema de Alerta Temprana (SAT) para reducir el riesgo de desastres de agricultores Mancomunidad de los Cintis. <a rel=\"noreferrer noopener\" aria-label=\" (opens in a new tab)\" href=\"http:\/\/cebem.org\/wp-content\/uploads\/2019\/07\/3-5-30CIN01.pdf\" target=\"_blank\"><strong>DESCARGAR<\/strong><\/a><\/li><li>Adaptaci\u00f3n al Cambio Clim\u00e1tico (ACC) de los recursos h\u00eddricos, mediante la gesti\u00f3n integral participativa Mancomunidad H\u00e9roes de la Independencia. <a rel=\"noreferrer noopener\" aria-label=\" (opens in a new tab)\" href=\"http:\/\/cebem.org\/wp-content\/uploads\/2019\/07\/3-6-23HI01.pdf\" target=\"_blank\"><strong>DESCARGAR<\/strong><\/a><\/li><li>Concurso de medidas de Reducci\u00f3n del Riesgo de Desastres (RRD) para la conservaci\u00f3n de suelos y protecci\u00f3n de vertientes Mancomunidad Norte Potos\u00ed. <a rel=\"noreferrer noopener\" aria-label=\" (opens in a new tab)\" href=\"http:\/\/cebem.org\/wp-content\/uploads\/2019\/07\/3-7-NPOT.pdf\" target=\"_blank\"><strong>DESCARGAR<\/strong><\/a><\/li><li>Incorporaci\u00f3n de la Reducci\u00f3n del Riesgo de Desastres (RRD) en la planificaci\u00f3n municipal Mancomunidad Norte Pace\u00f1o Tropical. <a rel=\"noreferrer noopener\" aria-label=\" (opens in a new tab)\" href=\"http:\/\/cebem.org\/wp-content\/uploads\/2019\/07\/3-8-21NPT01.pdf\" target=\"_blank\"><strong>DESCARGAR<\/strong><\/a><\/li><li>Consolidaci\u00f3n de la Gesti\u00f3n del Riesgo Agr\u00edcola Integral (GRAI) PROSUCO \u2013 PROFIN. <a rel=\"noreferrer noopener\" aria-label=\" (opens in a new tab)\" href=\"http:\/\/cebem.org\/wp-content\/uploads\/2019\/07\/3-9-19PROS.pdf\" target=\"_blank\"><strong>DESCARGAR<\/strong><\/a><\/li><li>Agua segura e higiene en la prevenci\u00f3n de desastres en unidades educativas y hogares: \u201csoluciones simples que salvan vidas\u201d SODIS. <a rel=\"noreferrer noopener\" aria-label=\" (opens in a new tab)\" href=\"http:\/\/cebem.org\/wp-content\/uploads\/2019\/07\/3-10-16SODIS.pdf\" target=\"_blank\"><strong>DESCARGAR<\/strong><\/a><\/li><li>Incidencia de la mujer en la Reducci\u00f3n del Riesgo de Desastres (RRD) y la Adaptaci\u00f3n al Cambio Clim\u00e1tico (ACC) Mancomunidad Gran Centro Potos\u00ed.\u00a0<a rel=\"noreferrer noopener\" aria-label=\" (opens in a new tab)\" href=\"http:\/\/cebem.org\/wp-content\/uploads\/2019\/07\/3-11-25GCP.pdf\" target=\"_blank\"><\/a><strong><a href=\"http:\/\/cebem.org\/wp-content\/uploads\/2019\/07\/3-11-25GCP.pdf\" target=\"_blank\" rel=\"noreferrer noopener\" aria-label=\" (opens in a new tab)\">DESCARGAR<\/a><\/strong><\/li><li>PROFIN &#8211; PROSUKO &#8211; UNAPA, Planificador Fondo de Mitigaci\u00f3n del Riesgo Agr\u00edcola FMRA. <a rel=\"noreferrer noopener\" aria-label=\" (opens in a new tab)\" href=\"http:\/\/cebem.org\/wp-content\/uploads\/2019\/07\/3-12-planificador-final.pdf\" target=\"_blank\"><strong>DESCARGAR<\/strong><\/a><\/li><\/ol>\n","protected":false},"excerpt":{"rendered":"<p>Este es el tercer tema de seis que contendr\u00e1 el Malet\u00edn de la Reducci\u00f3n del Riesgo de Desastres, fruto del trabajo con socios locales e institucionales del proyecto Reducci\u00f3n del riesgo de desastres de la Cooperaci\u00f3n Suiza en Bolivia, implementado por HELVETAS Swiss Intercooperation. En este tema se presentan varias publicaciones que ejemplifican las buenas &hellip; <\/p>\n<p><a class=\"more-link btn\" href=\"https:\/\/cebem.org\/?page_id=358\">Seguir leyendo<\/a><\/p>\n","protected":false},"author":2,"featured_media":5670,"parent":379,"menu_order":2,"comment_status":"open","ping_status":"closed","template":"","meta":{"footnotes":""},"class_list":["post-358","page","type-page","status-publish","has-post-thumbnail","hentry","nodate","item-wrap"],"jetpack_sharing_enabled":true,"_links":{"self":[{"href":"https:\/\/cebem.org\/index.php?rest_route=\/wp\/v2\/pages\/358","targetHints":{"allow":["GET"]}}],"collection":[{"href":"https:\/\/cebem.org\/index.php?rest_route=\/wp\/v2\/pages"}],"about":[{"href":"https:\/\/cebem.org\/index.php?rest_route=\/wp\/v2\/types\/page"}],"author":[{"embeddable":true,"href":"https:\/\/cebem.org\/index.php?rest_route=\/wp\/v2\/users\/2"}],"replies":[{"embeddable":true,"href":"https:\/\/cebem.org\/index.php?rest_route=%2Fwp%2Fv2%2Fcomments&post=358"}],"version-history":[{"count":4,"href":"https:\/\/cebem.org\/index.php?rest_route=\/wp\/v2\/pages\/358\/revisions"}],"predecessor-version":[{"id":5679,"href":"https:\/\/cebem.org\/index.php?rest_route=\/wp\/v2\/pages\/358\/revisions\/5679"}],"up":[{"embeddable":true,"href":"https:\/\/cebem.org\/index.php?rest_route=\/wp\/v2\/pages\/379"}],"wp:featuredmedia":[{"embeddable":true,"href":"https:\/\/cebem.org\/index.php?rest_route=\/wp\/v2\/media\/5670"}],"wp:attachment":[{"href":"https:\/\/cebem.org\/index.php?rest_route=%2Fwp%2Fv2%2Fmedia&parent=358"}],"curies":[{"name":"wp","href":"https:\/\/api.w.org\/{rel}","templated":true}]}}