
{"id":15694,"date":"2025-09-16T16:23:57","date_gmt":"2025-09-16T20:23:57","guid":{"rendered":"https:\/\/cebem.org\/?page_id=15694"},"modified":"2025-09-16T16:23:58","modified_gmt":"2025-09-16T20:23:58","slug":"politicas-de-privacidad-censos-bolivia","status":"publish","type":"page","link":"https:\/\/cebem.org\/?page_id=15694","title":{"rendered":"Pol\u00edticas de Privacidad &#8211; Censos Bolivia"},"content":{"rendered":"\n<p>La aplicaci\u00f3n Censos Bolivia no recopila informaci\u00f3n personal identificable de los usuarios.<\/p>\n\n\n\n<p>Todos los datos mostrados en la aplicaci\u00f3n provienen de fuentes p\u00fablicas oficiales del INE Bolivia y se usan \u00fanicamente con fines informativos y educativos.<\/p>\n\n\n\n<ul class=\"wp-block-list\">\n<li>No solicitamos nombre, correo, ubicaci\u00f3n ni ning\u00fan otro dato personal.<\/li>\n\n\n\n<li>No compartimos informci\u00f3n con terceros.<\/li>\n<\/ul>\n\n\n\n<p>En caso de que en futuras versiones se recolecten datos, estos se notificar\u00e1n claramente y se pedir\u00e1 autorizaci\u00f3n expresa.<\/p>\n\n\n\n<p><\/p>\n","protected":false},"excerpt":{"rendered":"<p>La aplicaci\u00f3n Censos Bolivia no recopila informaci\u00f3n personal identificable de los usuarios. Todos los datos mostrados en la aplicaci\u00f3n provienen de fuentes p\u00fablicas oficiales del INE Bolivia y se usan \u00fanicamente con fines informativos y educativos. En caso de que en futuras versiones se recolecten datos, estos se notificar\u00e1n claramente y se pedir\u00e1 autorizaci\u00f3n expresa.<\/p>\n","protected":false},"author":15,"featured_media":0,"parent":0,"menu_order":0,"comment_status":"closed","ping_status":"closed","template":"","meta":{"footnotes":""},"class_list":["post-15694","page","type-page","status-publish","hentry","nodate","item-wrap"],"jetpack_sharing_enabled":true,"_links":{"self":[{"href":"https:\/\/cebem.org\/index.php?rest_route=\/wp\/v2\/pages\/15694","targetHints":{"allow":["GET"]}}],"collection":[{"href":"https:\/\/cebem.org\/index.php?rest_route=\/wp\/v2\/pages"}],"about":[{"href":"https:\/\/cebem.org\/index.php?rest_route=\/wp\/v2\/types\/page"}],"author":[{"embeddable":true,"href":"https:\/\/cebem.org\/index.php?rest_route=\/wp\/v2\/users\/15"}],"replies":[{"embeddable":true,"href":"https:\/\/cebem.org\/index.php?rest_route=%2Fwp%2Fv2%2Fcomments&post=15694"}],"version-history":[{"count":1,"href":"https:\/\/cebem.org\/index.php?rest_route=\/wp\/v2\/pages\/15694\/revisions"}],"predecessor-version":[{"id":15695,"href":"https:\/\/cebem.org\/index.php?rest_route=\/wp\/v2\/pages\/15694\/revisions\/15695"}],"wp:attachment":[{"href":"https:\/\/cebem.org\/index.php?rest_route=%2Fwp%2Fv2%2Fmedia&parent=15694"}],"curies":[{"name":"wp","href":"https:\/\/api.w.org\/{rel}","templated":true}]}}