
{"id":15576,"date":"2025-07-23T15:40:21","date_gmt":"2025-07-23T19:40:21","guid":{"rendered":"https:\/\/cebem.org\/?page_id=15576"},"modified":"2025-07-23T16:40:19","modified_gmt":"2025-07-23T20:40:19","slug":"periodista-argentina-jazmin-bazan","status":"publish","type":"page","link":"https:\/\/cebem.org\/?page_id=15576","title":{"rendered":"Periodista Argentina: Jazm\u00edn Baz\u00e1n"},"content":{"rendered":"\n<p>Jazm\u00edn Baz\u00e1n: Periodista e historiadora que desea realizar un reportaje en profundidad sobre las estrategias de conservaci\u00f3n y gobernanza aut\u00f3noma del pueblo guaran\u00ed en Charagua Iyambae, con especial atenci\u00f3n en el \u00c1rea de Conservaci\u00f3n \u00d1embi Guasu.<\/p>\n\n\n\n<p>Pretende realizar un art\u00edculo que ser\u00e1 publicado en ingl\u00e9s y espa\u00f1ol por la plataforma Dialogue Earth, con el apoyo de Earth Journalism Network. La investigaci\u00f3n tiene como objetivo visibilizar el conocimiento ancestral guaran\u00ed como tecnolog\u00eda viva para la protecci\u00f3n de la biodiversidad, y destacar su liderazgo frente a amenazas ambientales, pol\u00edticas y econ\u00f3micas.<\/p>\n\n\n\n<p>Viajar\u00e1 pr\u00f3ximamente a Charagua y al \u00d1embi Guasu para documentar en territorio el trabajo de las comunidades. En ese marco, le gustar\u00eda realizar entrevistas para conocer en profundidad esta experiencia.<\/p>\n\n\n\n<p>Contactarse con Jazm\u00edn Bazan al correo electr\u00f3nico:&nbsp;&nbsp;<a href=\"mailto:jazmin.bazan.rey@gmail.com\">jazmin.bazan.rey@gmail.com<\/a><\/p>\n\n\n\n<p><strong>Algunos art\u00edculos de Jazm\u00edn Baz\u00e1n:<\/strong><br><em><strong>&#8211; \u00abA orillas del lago Titicaca, comunidades sufren la presi\u00f3n del cambio clim\u00e1tico y la contaminaci\u00f3n\u00bb:<\/strong>\u00a0<a href=\"https:\/\/dialogue.earth\/es\/clima\/comunidades-lago-titicaca-sufren-presion-cambio-climatico-contaminacion\/?fbclid=PAY2xjawI9bjpleHRuA2FlbQIxMQABpkESNYBG6nFpL7CM_S7LPsDxANwazypgM-U7S21f4ctLq9rd5oysdoVVRw_aem_M0kZzYmZddLMU4EopBahxQ\" target=\"_blank\" rel=\"noreferrer noopener\">https:\/\/dialogue.earth\/es\/clima\/comunidades-lago-titicaca-sufren-presion-cambio-climatico-contaminacion\/?fbclid=PAY2xjawI9bjpleHRuA2FlbQIxMQABpkESNYBG6nFpL7CM_S7LPsDxANwazypgM-U7S21f4ctLq9rd5oysdoVVRw_aem_M0kZzYmZddLMU4EopBahxQ<\/a><br><strong>&#8211; \u00abCalcatreu, un proyecto minero a cielo abierto que divide entre la esperanza y las alertas medioambientales\u00bb:\u00a0<\/strong><a href=\"https:\/\/www.eldiarioar.com\/sociedad\/medio-ambiente\/calcatreu-proyecto-minero-cielo-abierto-divide-esperanza-alertas-medioambientales_1_11627040.html\" target=\"_blank\" rel=\"noreferrer noopener\">https:\/\/www.eldiarioar.com\/sociedad\/medio-ambiente\/calcatreu-proyecto-minero-cielo-abierto-divide-esperanza-alertas-medioambientales_1_11627040.html<\/a><br><strong>&#8211; \u00abCriadazgo: la explotaci\u00f3n infantil atrapada entre las paredes del silencio\u00bb:<\/strong>\u00a0<a href=\"https:\/\/elsurti.com\/reportaje\/2024\/01\/26\/criadazgo-la-explotacion-infantil-atrapada-entre-las-paredes-del-silencio\/\" target=\"_blank\" rel=\"noreferrer noopener\">https:\/\/elsurti.com\/reportaje\/2024\/01\/26\/criadazgo-la-explotacion-infantil-atrapada-entre-las-paredes-del-silencio\/<\/a><\/em><\/p>\n","protected":false},"excerpt":{"rendered":"<p>Jazm\u00edn Baz\u00e1n: Periodista e historiadora que desea realizar un reportaje en profundidad sobre las estrategias de conservaci\u00f3n y gobernanza aut\u00f3noma del pueblo guaran\u00ed en Charagua Iyambae, con especial atenci\u00f3n en el \u00c1rea de Conservaci\u00f3n \u00d1embi Guasu. Pretende realizar un art\u00edculo que ser\u00e1 publicado en ingl\u00e9s y espa\u00f1ol por la plataforma Dialogue Earth, con el apoyo &hellip; <\/p>\n<p><a class=\"more-link btn\" href=\"https:\/\/cebem.org\/?page_id=15576\">Seguir leyendo<\/a><\/p>\n","protected":false},"author":15,"featured_media":15577,"parent":0,"menu_order":0,"comment_status":"closed","ping_status":"closed","template":"","meta":{"footnotes":""},"class_list":["post-15576","page","type-page","status-publish","has-post-thumbnail","hentry","nodate","item-wrap"],"jetpack_sharing_enabled":true,"_links":{"self":[{"href":"https:\/\/cebem.org\/index.php?rest_route=\/wp\/v2\/pages\/15576","targetHints":{"allow":["GET"]}}],"collection":[{"href":"https:\/\/cebem.org\/index.php?rest_route=\/wp\/v2\/pages"}],"about":[{"href":"https:\/\/cebem.org\/index.php?rest_route=\/wp\/v2\/types\/page"}],"author":[{"embeddable":true,"href":"https:\/\/cebem.org\/index.php?rest_route=\/wp\/v2\/users\/15"}],"replies":[{"embeddable":true,"href":"https:\/\/cebem.org\/index.php?rest_route=%2Fwp%2Fv2%2Fcomments&post=15576"}],"version-history":[{"count":3,"href":"https:\/\/cebem.org\/index.php?rest_route=\/wp\/v2\/pages\/15576\/revisions"}],"predecessor-version":[{"id":15585,"href":"https:\/\/cebem.org\/index.php?rest_route=\/wp\/v2\/pages\/15576\/revisions\/15585"}],"wp:featuredmedia":[{"embeddable":true,"href":"https:\/\/cebem.org\/index.php?rest_route=\/wp\/v2\/media\/15577"}],"wp:attachment":[{"href":"https:\/\/cebem.org\/index.php?rest_route=%2Fwp%2Fv2%2Fmedia&parent=15576"}],"curies":[{"name":"wp","href":"https:\/\/api.w.org\/{rel}","templated":true}]}}