
{"id":12072,"date":"2023-01-20T12:27:35","date_gmt":"2023-01-20T16:27:35","guid":{"rendered":"https:\/\/cebem.org\/?page_id=12072"},"modified":"2023-06-28T12:16:34","modified_gmt":"2023-06-28T16:16:34","slug":"micrositio-datos-del-observatorio-ambiental-cebem-redesma","status":"publish","type":"page","link":"https:\/\/cebem.org\/?page_id=12072","title":{"rendered":"Micrositio &#8211; Datos del Observatorio Ambiental CEBEM REDESMA"},"content":{"rendered":"\n<p>Compartimos en esta p\u00e1gina la serie de infograf\u00eda interactivas que genera el Observatorio en materia de informaci\u00f3n ambiental para 20 pa\u00edses de Am\u00e9rica Latina. <\/p>\n\n\n\n<p>La primer serie de infograf\u00edas las presentamos en el marco de la \u00abSemana del Ambiente 2023 organizada por REDESMA\u00bb .<\/p>\n\n\n\n<p>A continuaci\u00f3n puede acceder a cada una de las variables relevadas para esta primer serie. <\/p>\n\n\n\n<p>Cada infograf\u00eda cuenta con dos hojas, en la primera pueden acceder a los textos normativos (o sitios referenciados) y en la segunda encontrar\u00e1n el cuadro s\u00edntesis.<\/p>\n\n\n\n<p>Para obtener m\u00e1s informaci\u00f3n sobre las actividades del Observatorio, puede ingresar a la <a rel=\"noreferrer noopener\" href=\"https:\/\/cebem.org\/?page_id=8812\" target=\"_blank\">pagina oficial.<\/a><\/p>\n\n\n\n<h3 class=\"has-text-align-center has-large-font-size wp-block-heading\"><strong>Serie de Infograf\u00edas 2023 &#8211; Primera serie<\/strong><\/h3>\n\n\n\n<div class=\"wp-block-media-text is-stacked-on-mobile\"><figure class=\"wp-block-media-text__media\"><a href=\"https:\/\/view.genial.ly\/639b2911eac5380012ea7a76\/interactive-content-producto-leyes-turismo-sostenible-observatorio-ambiental-redesma\"><img data-recalc-dims=\"1\" fetchpriority=\"high\" decoding=\"async\" width=\"661\" height=\"277\" src=\"https:\/\/i0.wp.com\/cebem.org\/wp-content\/uploads\/2023\/01\/infografia1.jpg?resize=661%2C277&#038;ssl=1\" alt=\"\" class=\"wp-image-12073 size-full\" srcset=\"https:\/\/i0.wp.com\/cebem.org\/wp-content\/uploads\/2023\/01\/infografia1.jpg?w=661&amp;ssl=1 661w, https:\/\/i0.wp.com\/cebem.org\/wp-content\/uploads\/2023\/01\/infografia1.jpg?resize=300%2C126&amp;ssl=1 300w, https:\/\/i0.wp.com\/cebem.org\/wp-content\/uploads\/2023\/01\/infografia1.jpg?resize=600%2C251&amp;ssl=1 600w\" sizes=\"(max-width: 661px) 100vw, 661px\" \/><\/a><\/figure><div class=\"wp-block-media-text__content\">\n<p class=\"has-large-font-size\"><a rel=\"noreferrer noopener\" href=\"https:\/\/view.genial.ly\/639b2911eac5380012ea7a76\/interactive-content-producto-leyes-turismo-sostenible-observatorio-ambiental-redesma\" target=\"_blank\"><strong>Ver la infograf\u00eda<\/strong><\/a><\/p>\n<\/div><\/div>\n\n\n\n<div class=\"wp-block-media-text has-media-on-the-right is-stacked-on-mobile\"><div class=\"wp-block-media-text__content\">\n<p class=\"has-large-font-size\"><strong><a href=\"https:\/\/view.genial.ly\/63b853d88e6a95001926936d\/interactive-content-producto-marco-institucional-turismo-observatorio-ambiental-redesma\" data-type=\"URL\" data-id=\"https:\/\/view.genial.ly\/63b853d88e6a95001926936d\/interactive-content-producto-marco-institucional-turismo-observatorio-ambiental-redesma\" target=\"_blank\" rel=\"noreferrer noopener\">Ver la infograf\u00eda<\/a><\/strong><\/p>\n<\/div><figure class=\"wp-block-media-text__media\"><img data-recalc-dims=\"1\" decoding=\"async\" width=\"669\" height=\"278\" src=\"https:\/\/i0.wp.com\/cebem.org\/wp-content\/uploads\/2023\/01\/infografia2.jpg?resize=669%2C278&#038;ssl=1\" alt=\"\" class=\"wp-image-12077 size-full\" srcset=\"https:\/\/i0.wp.com\/cebem.org\/wp-content\/uploads\/2023\/01\/infografia2.jpg?w=669&amp;ssl=1 669w, https:\/\/i0.wp.com\/cebem.org\/wp-content\/uploads\/2023\/01\/infografia2.jpg?resize=300%2C125&amp;ssl=1 300w, https:\/\/i0.wp.com\/cebem.org\/wp-content\/uploads\/2023\/01\/infografia2.jpg?resize=600%2C249&amp;ssl=1 600w\" sizes=\"(max-width: 669px) 100vw, 669px\" \/><\/figure><\/div>\n\n\n\n<div class=\"wp-block-media-text is-stacked-on-mobile\"><figure class=\"wp-block-media-text__media\"><img data-recalc-dims=\"1\" decoding=\"async\" width=\"657\" height=\"288\" src=\"https:\/\/i0.wp.com\/cebem.org\/wp-content\/uploads\/2023\/01\/infografia3.jpg?resize=657%2C288&#038;ssl=1\" alt=\"\" class=\"wp-image-12078 size-full\" srcset=\"https:\/\/i0.wp.com\/cebem.org\/wp-content\/uploads\/2023\/01\/infografia3.jpg?w=657&amp;ssl=1 657w, https:\/\/i0.wp.com\/cebem.org\/wp-content\/uploads\/2023\/01\/infografia3.jpg?resize=300%2C132&amp;ssl=1 300w, https:\/\/i0.wp.com\/cebem.org\/wp-content\/uploads\/2023\/01\/infografia3.jpg?resize=600%2C263&amp;ssl=1 600w\" sizes=\"(max-width: 657px) 100vw, 657px\" \/><\/figure><div class=\"wp-block-media-text__content\">\n<p class=\"has-large-font-size\"><a rel=\"noreferrer noopener\" href=\"https:\/\/view.genial.ly\/63b856f8a9be3a001053d60f\/interactive-content-producto-planes-turismo-sostenible-observatorio-ambiental-redesma\" data-type=\"URL\" data-id=\"https:\/\/view.genial.ly\/63b856f8a9be3a001053d60f\/interactive-content-producto-planes-turismo-sostenible-observatorio-ambiental-redesma\" target=\"_blank\"><strong>Ver la infograf\u00eda<\/strong><\/a><\/p>\n<\/div><\/div>\n\n\n\n<div class=\"wp-block-media-text has-media-on-the-right is-stacked-on-mobile\"><div class=\"wp-block-media-text__content\">\n<p class=\"has-large-font-size\"><a href=\"https:\/\/view.genial.ly\/62a3ec62e91b0a00154ba9a2\/interactive-content-leyes-educacion-ambiental-observatorio-ambiental\" data-type=\"URL\" data-id=\"https:\/\/view.genial.ly\/62a3ec62e91b0a00154ba9a2\/interactive-content-leyes-educacion-ambiental-observatorio-ambiental\" target=\"_blank\" rel=\"noreferrer noopener\"><strong>Ver la infograf\u00eda<\/strong><\/a><\/p>\n<\/div><figure class=\"wp-block-media-text__media\"><a href=\"https:\/\/view.genial.ly\/62a3ec62e91b0a00154ba9a2\/interactive-content-leyes-educacion-ambiental-observatorio-ambiental\" target=\"_blank\" rel=\"noreferrer noopener\"><img data-recalc-dims=\"1\" loading=\"lazy\" decoding=\"async\" width=\"673\" height=\"236\" src=\"https:\/\/i0.wp.com\/cebem.org\/wp-content\/uploads\/2023\/01\/infografia4.jpg?resize=673%2C236&#038;ssl=1\" alt=\"\" class=\"wp-image-12079 size-full\" srcset=\"https:\/\/i0.wp.com\/cebem.org\/wp-content\/uploads\/2023\/01\/infografia4.jpg?w=673&amp;ssl=1 673w, https:\/\/i0.wp.com\/cebem.org\/wp-content\/uploads\/2023\/01\/infografia4.jpg?resize=300%2C105&amp;ssl=1 300w, https:\/\/i0.wp.com\/cebem.org\/wp-content\/uploads\/2023\/01\/infografia4.jpg?resize=600%2C210&amp;ssl=1 600w\" sizes=\"(max-width: 673px) 100vw, 673px\" \/><\/a><\/figure><\/div>\n\n\n\n<div class=\"wp-block-media-text is-stacked-on-mobile\"><figure class=\"wp-block-media-text__media\"><a href=\"https:\/\/view.genial.ly\/63bd77d9da64960019068891\/interactive-content-producto-leyes-de-rse-observatorio-ambiental-redesma\" target=\"_blank\" rel=\"noreferrer noopener\"><img data-recalc-dims=\"1\" loading=\"lazy\" decoding=\"async\" width=\"671\" height=\"287\" src=\"https:\/\/i0.wp.com\/cebem.org\/wp-content\/uploads\/2023\/01\/infografia05-1.jpg?resize=671%2C287&#038;ssl=1\" alt=\"\" class=\"wp-image-12081 size-full\" srcset=\"https:\/\/i0.wp.com\/cebem.org\/wp-content\/uploads\/2023\/01\/infografia05-1.jpg?w=671&amp;ssl=1 671w, https:\/\/i0.wp.com\/cebem.org\/wp-content\/uploads\/2023\/01\/infografia05-1.jpg?resize=300%2C128&amp;ssl=1 300w, https:\/\/i0.wp.com\/cebem.org\/wp-content\/uploads\/2023\/01\/infografia05-1.jpg?resize=600%2C257&amp;ssl=1 600w\" sizes=\"(max-width: 671px) 100vw, 671px\" \/><\/a><\/figure><div class=\"wp-block-media-text__content\">\n<p class=\"has-large-font-size\"><strong><a href=\"https:\/\/view.genial.ly\/63bd77d9da64960019068891\/interactive-content-producto-leyes-de-rse-observatorio-ambiental-redesma\" data-type=\"URL\" data-id=\"https:\/\/view.genial.ly\/63bd77d9da64960019068891\/interactive-content-producto-leyes-de-rse-observatorio-ambiental-redesma\" target=\"_blank\" rel=\"noreferrer noopener\">Ver la infograf\u00eda<\/a><\/strong><\/p>\n<\/div><\/div>\n\n\n\n<div class=\"wp-block-media-text has-media-on-the-right is-stacked-on-mobile\"><div class=\"wp-block-media-text__content\">\n<p class=\"has-large-font-size\"><a rel=\"noreferrer noopener\" href=\"https:\/\/view.genial.ly\/63c745e51264c20011ddadea\/interactive-content-producto-planes-y-programa-de-rse-observatorio-ambiental-redesma\" data-type=\"URL\" data-id=\"https:\/\/view.genial.ly\/63c745e51264c20011ddadea\/interactive-content-producto-planes-y-programa-de-rse-observatorio-ambiental-redesma\" target=\"_blank\"><strong>Ver la infograf\u00eda<\/strong><\/a><\/p>\n<\/div><figure class=\"wp-block-media-text__media\"><a href=\"https:\/\/view.genial.ly\/63c745e51264c20011ddadea\/interactive-content-producto-planes-y-programa-de-rse-observatorio-ambiental-redesma\" target=\"_blank\" rel=\"noreferrer noopener\"><img data-recalc-dims=\"1\" loading=\"lazy\" decoding=\"async\" width=\"655\" height=\"279\" src=\"https:\/\/i0.wp.com\/cebem.org\/wp-content\/uploads\/2023\/01\/infografia6.jpg?resize=655%2C279&#038;ssl=1\" alt=\"\" class=\"wp-image-12082 size-full\" srcset=\"https:\/\/i0.wp.com\/cebem.org\/wp-content\/uploads\/2023\/01\/infografia6.jpg?w=655&amp;ssl=1 655w, https:\/\/i0.wp.com\/cebem.org\/wp-content\/uploads\/2023\/01\/infografia6.jpg?resize=300%2C128&amp;ssl=1 300w, https:\/\/i0.wp.com\/cebem.org\/wp-content\/uploads\/2023\/01\/infografia6.jpg?resize=600%2C256&amp;ssl=1 600w\" sizes=\"(max-width: 655px) 100vw, 655px\" \/><\/a><\/figure><\/div>\n\n\n\n<h3 class=\"has-text-align-center wp-block-heading\"><strong>Serie de Infograf\u00edas 2022 \u2013 Primera serie<\/strong><\/h3>\n\n\n\n<div class=\"wp-block-columns is-layout-flex wp-container-core-columns-is-layout-9d6595d7 wp-block-columns-is-layout-flex\">\n<div class=\"wp-block-column is-layout-flow wp-block-column-is-layout-flow\">\n<figure class=\"wp-block-image is-resized\"><img data-recalc-dims=\"1\" loading=\"lazy\" decoding=\"async\" src=\"https:\/\/i0.wp.com\/cebem.org\/wp-content\/uploads\/2022\/06\/leyes-marco-ambiental-1.jpg?resize=352%2C135&#038;ssl=1\" alt=\"\" class=\"wp-image-10829\" width=\"352\" height=\"135\" srcset=\"https:\/\/i0.wp.com\/cebem.org\/wp-content\/uploads\/2022\/06\/leyes-marco-ambiental-1.jpg?w=704&amp;ssl=1 704w, https:\/\/i0.wp.com\/cebem.org\/wp-content\/uploads\/2022\/06\/leyes-marco-ambiental-1.jpg?resize=300%2C115&amp;ssl=1 300w, https:\/\/i0.wp.com\/cebem.org\/wp-content\/uploads\/2022\/06\/leyes-marco-ambiental-1.jpg?resize=600%2C230&amp;ssl=1 600w\" sizes=\"(max-width: 352px) 100vw, 352px\" \/><\/figure>\n<\/div>\n\n\n\n<div class=\"wp-block-column is-layout-flow wp-block-column-is-layout-flow\">\n<p><\/p>\n\n\n\n<p class=\"has-text-align-center has-large-font-size\"><a rel=\"noreferrer noopener\" href=\"https:\/\/view.genial.ly\/624c56d7fff3aa0018e78510\/interactive-content-producto-leyes-ambientales-observatorio-ambiental-redesma\" target=\"_blank\"><strong>Ver la infograf\u00eda<\/strong><\/a><\/p>\n<\/div>\n<\/div>\n\n\n\n<div class=\"wp-block-columns is-layout-flex wp-container-core-columns-is-layout-9d6595d7 wp-block-columns-is-layout-flex\">\n<div class=\"wp-block-column is-layout-flow wp-block-column-is-layout-flow\">\n<p><\/p>\n\n\n\n<p class=\"has-text-align-center has-large-font-size\"><a rel=\"noreferrer noopener\" href=\"https:\/\/view.genial.ly\/629a89fdddd1550013095b44\/interactive-content-producto-marco-institucional-ambiental-observatorio-ambiental-redesma\" target=\"_blank\"><strong>Ver la infograf\u00eda<\/strong><\/a><\/p>\n<\/div>\n\n\n\n<div class=\"wp-block-column is-layout-flow wp-block-column-is-layout-flow\">\n<figure class=\"wp-block-image\"><img data-recalc-dims=\"1\" loading=\"lazy\" decoding=\"async\" width=\"704\" height=\"270\" src=\"https:\/\/i0.wp.com\/cebem.org\/wp-content\/uploads\/2022\/06\/marco-constitucional-2.jpg?resize=704%2C270&#038;ssl=1\" alt=\"\" class=\"wp-image-10830\" srcset=\"https:\/\/i0.wp.com\/cebem.org\/wp-content\/uploads\/2022\/06\/marco-constitucional-2.jpg?w=704&amp;ssl=1 704w, https:\/\/i0.wp.com\/cebem.org\/wp-content\/uploads\/2022\/06\/marco-constitucional-2.jpg?resize=300%2C115&amp;ssl=1 300w, https:\/\/i0.wp.com\/cebem.org\/wp-content\/uploads\/2022\/06\/marco-constitucional-2.jpg?resize=600%2C230&amp;ssl=1 600w\" sizes=\"(max-width: 704px) 100vw, 704px\" \/><\/figure>\n<\/div>\n<\/div>\n\n\n\n<div class=\"wp-block-columns is-layout-flex wp-container-core-columns-is-layout-9d6595d7 wp-block-columns-is-layout-flex\">\n<div class=\"wp-block-column is-layout-flow wp-block-column-is-layout-flow\">\n<figure class=\"wp-block-image\"><img data-recalc-dims=\"1\" loading=\"lazy\" decoding=\"async\" width=\"704\" height=\"270\" src=\"https:\/\/i0.wp.com\/cebem.org\/wp-content\/uploads\/2022\/06\/leyes-acceso-3.jpg?resize=704%2C270&#038;ssl=1\" alt=\"\" class=\"wp-image-10831\" srcset=\"https:\/\/i0.wp.com\/cebem.org\/wp-content\/uploads\/2022\/06\/leyes-acceso-3.jpg?w=704&amp;ssl=1 704w, https:\/\/i0.wp.com\/cebem.org\/wp-content\/uploads\/2022\/06\/leyes-acceso-3.jpg?resize=300%2C115&amp;ssl=1 300w, https:\/\/i0.wp.com\/cebem.org\/wp-content\/uploads\/2022\/06\/leyes-acceso-3.jpg?resize=600%2C230&amp;ssl=1 600w\" sizes=\"(max-width: 704px) 100vw, 704px\" \/><\/figure>\n<\/div>\n\n\n\n<div class=\"wp-block-column is-layout-flow wp-block-column-is-layout-flow\">\n<p><\/p>\n\n\n\n<p class=\"has-text-align-center has-large-font-size\"><a rel=\"noreferrer noopener\" href=\"https:\/\/view.genial.ly\/629a6396f81c3400179e0c9d\/interactive-content-producto-acceso-a-la-informacion-observatorio-ambiental-redesma\" target=\"_blank\"><strong>Ver la infograf\u00eda<\/strong><\/a><\/p>\n<\/div>\n<\/div>\n\n\n\n<div class=\"wp-block-columns is-layout-flex wp-container-core-columns-is-layout-9d6595d7 wp-block-columns-is-layout-flex\">\n<div class=\"wp-block-column is-layout-flow wp-block-column-is-layout-flow\">\n<p><\/p>\n\n\n\n<p class=\"has-text-align-center has-large-font-size\"><a rel=\"noreferrer noopener\" href=\"https:\/\/view.genial.ly\/62a27fb56a630c0018a0c057\/interactive-content-producto-leyes-residuos-industriales-observatorio-ambiental\" target=\"_blank\"><strong>Ver la infograf\u00eda<\/strong><\/a><\/p>\n<\/div>\n\n\n\n<div class=\"wp-block-column is-layout-flow wp-block-column-is-layout-flow\">\n<figure class=\"wp-block-image\"><img data-recalc-dims=\"1\" loading=\"lazy\" decoding=\"async\" width=\"704\" height=\"270\" src=\"https:\/\/i0.wp.com\/cebem.org\/wp-content\/uploads\/2022\/06\/leyes-residuo-4.jpg?resize=704%2C270&#038;ssl=1\" alt=\"\" class=\"wp-image-10832\" srcset=\"https:\/\/i0.wp.com\/cebem.org\/wp-content\/uploads\/2022\/06\/leyes-residuo-4.jpg?w=704&amp;ssl=1 704w, https:\/\/i0.wp.com\/cebem.org\/wp-content\/uploads\/2022\/06\/leyes-residuo-4.jpg?resize=300%2C115&amp;ssl=1 300w, https:\/\/i0.wp.com\/cebem.org\/wp-content\/uploads\/2022\/06\/leyes-residuo-4.jpg?resize=600%2C230&amp;ssl=1 600w\" sizes=\"(max-width: 704px) 100vw, 704px\" \/><\/figure>\n<\/div>\n<\/div>\n\n\n\n<div class=\"wp-block-columns is-layout-flex wp-container-core-columns-is-layout-9d6595d7 wp-block-columns-is-layout-flex\">\n<div class=\"wp-block-column is-layout-flow wp-block-column-is-layout-flow\">\n<figure class=\"wp-block-image\"><img data-recalc-dims=\"1\" loading=\"lazy\" decoding=\"async\" width=\"704\" height=\"270\" src=\"https:\/\/i0.wp.com\/cebem.org\/wp-content\/uploads\/2022\/06\/leyes-residuo-peligroso-5.jpg?resize=704%2C270&#038;ssl=1\" alt=\"\" class=\"wp-image-10833\" srcset=\"https:\/\/i0.wp.com\/cebem.org\/wp-content\/uploads\/2022\/06\/leyes-residuo-peligroso-5.jpg?w=704&amp;ssl=1 704w, https:\/\/i0.wp.com\/cebem.org\/wp-content\/uploads\/2022\/06\/leyes-residuo-peligroso-5.jpg?resize=300%2C115&amp;ssl=1 300w, https:\/\/i0.wp.com\/cebem.org\/wp-content\/uploads\/2022\/06\/leyes-residuo-peligroso-5.jpg?resize=600%2C230&amp;ssl=1 600w\" sizes=\"(max-width: 704px) 100vw, 704px\" \/><\/figure>\n<\/div>\n\n\n\n<div class=\"wp-block-column is-layout-flow wp-block-column-is-layout-flow\">\n<p><\/p>\n\n\n\n<p class=\"has-text-align-center has-large-font-size\"><a rel=\"noreferrer noopener\" href=\"https:\/\/view.genial.ly\/629d43ea4646ac00196d228a\/interactive-content-producto-leyes-de-residuos-peligrosos-observatorio-ambiental\" target=\"_blank\"><strong>Ver la infograf\u00eda<\/strong><\/a><\/p>\n<\/div>\n<\/div>\n\n\n\n<div class=\"wp-block-columns is-layout-flex wp-container-core-columns-is-layout-9d6595d7 wp-block-columns-is-layout-flex\">\n<div class=\"wp-block-column is-layout-flow wp-block-column-is-layout-flow\">\n<p><\/p>\n\n\n\n<p class=\"has-text-align-center has-large-font-size\"><a rel=\"noreferrer noopener\" href=\"https:\/\/view.genial.ly\/629d398057b87400124e238d\/interactive-content-producto-leyes-de-rsu-modelo-observatorio-ambiental\" target=\"_blank\"><strong>Ver la infograf\u00eda<\/strong><\/a><\/p>\n<\/div>\n\n\n\n<div class=\"wp-block-column is-layout-flow wp-block-column-is-layout-flow\">\n<figure class=\"wp-block-image\"><img data-recalc-dims=\"1\" loading=\"lazy\" decoding=\"async\" width=\"704\" height=\"270\" src=\"https:\/\/i0.wp.com\/cebem.org\/wp-content\/uploads\/2022\/06\/leyes-residuo-solidos-urbanos-6.jpg?resize=704%2C270&#038;ssl=1\" alt=\"\" class=\"wp-image-10834\" srcset=\"https:\/\/i0.wp.com\/cebem.org\/wp-content\/uploads\/2022\/06\/leyes-residuo-solidos-urbanos-6.jpg?w=704&amp;ssl=1 704w, https:\/\/i0.wp.com\/cebem.org\/wp-content\/uploads\/2022\/06\/leyes-residuo-solidos-urbanos-6.jpg?resize=300%2C115&amp;ssl=1 300w, https:\/\/i0.wp.com\/cebem.org\/wp-content\/uploads\/2022\/06\/leyes-residuo-solidos-urbanos-6.jpg?resize=600%2C230&amp;ssl=1 600w\" sizes=\"(max-width: 704px) 100vw, 704px\" \/><\/figure>\n<\/div>\n<\/div>\n\n\n\n<div class=\"wp-block-columns is-layout-flex wp-container-core-columns-is-layout-9d6595d7 wp-block-columns-is-layout-flex\">\n<div class=\"wp-block-column is-layout-flow wp-block-column-is-layout-flow\">\n<figure class=\"wp-block-image\"><img data-recalc-dims=\"1\" loading=\"lazy\" decoding=\"async\" width=\"704\" height=\"270\" src=\"https:\/\/i0.wp.com\/cebem.org\/wp-content\/uploads\/2022\/06\/leyes-cambio-climatico-al-7.jpg?resize=704%2C270&#038;ssl=1\" alt=\"\" class=\"wp-image-10835\" srcset=\"https:\/\/i0.wp.com\/cebem.org\/wp-content\/uploads\/2022\/06\/leyes-cambio-climatico-al-7.jpg?w=704&amp;ssl=1 704w, https:\/\/i0.wp.com\/cebem.org\/wp-content\/uploads\/2022\/06\/leyes-cambio-climatico-al-7.jpg?resize=300%2C115&amp;ssl=1 300w, https:\/\/i0.wp.com\/cebem.org\/wp-content\/uploads\/2022\/06\/leyes-cambio-climatico-al-7.jpg?resize=600%2C230&amp;ssl=1 600w\" sizes=\"(max-width: 704px) 100vw, 704px\" \/><\/figure>\n<\/div>\n\n\n\n<div class=\"wp-block-column is-layout-flow wp-block-column-is-layout-flow\">\n<p><\/p>\n\n\n\n<p class=\"has-text-align-center has-large-font-size\"><a rel=\"noreferrer noopener\" href=\"https:\/\/view.genial.ly\/62a3e54eb500e8001162d761\/interactive-content-producto-leyes-de-cambio-climatico-observatorio-ambiental-redesma\" target=\"_blank\"><strong>Ver la infograf\u00eda<\/strong><\/a><\/p>\n<\/div>\n<\/div>\n\n\n\n<div class=\"wp-block-columns is-layout-flex wp-container-core-columns-is-layout-9d6595d7 wp-block-columns-is-layout-flex\">\n<div class=\"wp-block-column is-layout-flow wp-block-column-is-layout-flow\">\n<p><\/p>\n\n\n\n<p class=\"has-text-align-center has-large-font-size\"><a rel=\"noreferrer noopener\" href=\"https:\/\/view.genial.ly\/62a3e545ebed24001c84a406\/interactive-content-producto-leyes-riesgo-de-desastre-observatorio-ambiental\" target=\"_blank\"><strong>Ver la infograf\u00eda<\/strong><\/a><\/p>\n<\/div>\n\n\n\n<div class=\"wp-block-column is-layout-flow wp-block-column-is-layout-flow\">\n<figure class=\"wp-block-image\"><img data-recalc-dims=\"1\" loading=\"lazy\" decoding=\"async\" width=\"704\" height=\"270\" src=\"https:\/\/i0.wp.com\/cebem.org\/wp-content\/uploads\/2022\/06\/leyes-riesgo-desastre-al-8.jpg?resize=704%2C270&#038;ssl=1\" alt=\"\" class=\"wp-image-10836\" srcset=\"https:\/\/i0.wp.com\/cebem.org\/wp-content\/uploads\/2022\/06\/leyes-riesgo-desastre-al-8.jpg?w=704&amp;ssl=1 704w, https:\/\/i0.wp.com\/cebem.org\/wp-content\/uploads\/2022\/06\/leyes-riesgo-desastre-al-8.jpg?resize=300%2C115&amp;ssl=1 300w, https:\/\/i0.wp.com\/cebem.org\/wp-content\/uploads\/2022\/06\/leyes-riesgo-desastre-al-8.jpg?resize=600%2C230&amp;ssl=1 600w\" sizes=\"(max-width: 704px) 100vw, 704px\" \/><\/figure>\n<\/div>\n<\/div>\n","protected":false},"excerpt":{"rendered":"<p>Compartimos en esta p\u00e1gina la serie de infograf\u00eda interactivas que genera el Observatorio en materia de informaci\u00f3n ambiental para 20 pa\u00edses de Am\u00e9rica Latina. La primer serie de infograf\u00edas las presentamos en el marco de la \u00abSemana del Ambiente 2023 organizada por REDESMA\u00bb . A continuaci\u00f3n puede acceder a cada una de las variables relevadas &hellip; <\/p>\n<p><a class=\"more-link btn\" href=\"https:\/\/cebem.org\/?page_id=12072\">Seguir leyendo<\/a><\/p>\n","protected":false},"author":15,"featured_media":10853,"parent":0,"menu_order":0,"comment_status":"closed","ping_status":"closed","template":"","meta":{"footnotes":""},"class_list":["post-12072","page","type-page","status-publish","has-post-thumbnail","hentry","nodate","item-wrap"],"jetpack_sharing_enabled":true,"_links":{"self":[{"href":"https:\/\/cebem.org\/index.php?rest_route=\/wp\/v2\/pages\/12072","targetHints":{"allow":["GET"]}}],"collection":[{"href":"https:\/\/cebem.org\/index.php?rest_route=\/wp\/v2\/pages"}],"about":[{"href":"https:\/\/cebem.org\/index.php?rest_route=\/wp\/v2\/types\/page"}],"author":[{"embeddable":true,"href":"https:\/\/cebem.org\/index.php?rest_route=\/wp\/v2\/users\/15"}],"replies":[{"embeddable":true,"href":"https:\/\/cebem.org\/index.php?rest_route=%2Fwp%2Fv2%2Fcomments&post=12072"}],"version-history":[{"count":9,"href":"https:\/\/cebem.org\/index.php?rest_route=\/wp\/v2\/pages\/12072\/revisions"}],"predecessor-version":[{"id":12902,"href":"https:\/\/cebem.org\/index.php?rest_route=\/wp\/v2\/pages\/12072\/revisions\/12902"}],"wp:featuredmedia":[{"embeddable":true,"href":"https:\/\/cebem.org\/index.php?rest_route=\/wp\/v2\/media\/10853"}],"wp:attachment":[{"href":"https:\/\/cebem.org\/index.php?rest_route=%2Fwp%2Fv2%2Fmedia&parent=12072"}],"curies":[{"name":"wp","href":"https:\/\/api.w.org\/{rel}","templated":true}]}}