
{"id":114,"date":"2016-01-26T17:11:12","date_gmt":"2016-01-26T21:11:12","guid":{"rendered":"http:\/\/cebem.org\/?page_id=114"},"modified":"2016-01-26T17:11:12","modified_gmt":"2016-01-26T21:11:12","slug":"cursos","status":"publish","type":"page","link":"https:\/\/cebem.org\/?page_id=114","title":{"rendered":"Cursos"},"content":{"rendered":"<p>Los cursos de actualizaci\u00f3n profesional que imparte del CEBEM con el apoyo de docentes de varias partes del mundo, se orientan a la formaci\u00f3n de comunidades del conocimiento en temas espec\u00edficos.<\/p>\n<p>Est\u00e1n destinados a la actualizaci\u00f3n de profesionales, t\u00e9cnicos y estudiantes universitarios en diferentes temas y disciplinas del conocimiento. No son cursos de la curr\u00edcula universitaria orientados a la obtenci\u00f3n de grados acad\u00e9micos.<\/p>\n","protected":false},"excerpt":{"rendered":"<p>Los cursos de actualizaci\u00f3n profesional que imparte del CEBEM con el apoyo de docentes de varias partes del mundo, se orientan a la formaci\u00f3n de comunidades del conocimiento en temas espec\u00edficos. Est\u00e1n destinados a la actualizaci\u00f3n de profesionales, t\u00e9cnicos y estudiantes universitarios en diferentes temas y disciplinas del conocimiento. No son cursos de la curr\u00edcula &hellip; <\/p>\n<p><a class=\"more-link btn\" href=\"https:\/\/cebem.org\/?page_id=114\">Seguir leyendo<\/a><\/p>\n","protected":false},"author":2,"featured_media":0,"parent":0,"menu_order":2,"comment_status":"closed","ping_status":"closed","template":"","meta":{"footnotes":""},"class_list":["post-114","page","type-page","status-publish","hentry","nodate","item-wrap"],"jetpack_sharing_enabled":true,"_links":{"self":[{"href":"https:\/\/cebem.org\/index.php?rest_route=\/wp\/v2\/pages\/114","targetHints":{"allow":["GET"]}}],"collection":[{"href":"https:\/\/cebem.org\/index.php?rest_route=\/wp\/v2\/pages"}],"about":[{"href":"https:\/\/cebem.org\/index.php?rest_route=\/wp\/v2\/types\/page"}],"author":[{"embeddable":true,"href":"https:\/\/cebem.org\/index.php?rest_route=\/wp\/v2\/users\/2"}],"replies":[{"embeddable":true,"href":"https:\/\/cebem.org\/index.php?rest_route=%2Fwp%2Fv2%2Fcomments&post=114"}],"version-history":[{"count":1,"href":"https:\/\/cebem.org\/index.php?rest_route=\/wp\/v2\/pages\/114\/revisions"}],"predecessor-version":[{"id":115,"href":"https:\/\/cebem.org\/index.php?rest_route=\/wp\/v2\/pages\/114\/revisions\/115"}],"wp:attachment":[{"href":"https:\/\/cebem.org\/index.php?rest_route=%2Fwp%2Fv2%2Fmedia&parent=114"}],"curies":[{"name":"wp","href":"https:\/\/api.w.org\/{rel}","templated":true}]}}