
{"id":10810,"date":"2022-06-13T11:48:22","date_gmt":"2022-06-13T15:48:22","guid":{"rendered":"https:\/\/cebem.org\/?page_id=10810"},"modified":"2023-02-08T11:39:30","modified_gmt":"2023-02-08T15:39:30","slug":"datos-sobre-el-observatorio","status":"publish","type":"page","link":"https:\/\/cebem.org\/?page_id=10810","title":{"rendered":"Micrositio &#8211; Datos del Observatorio Ambiental CEBEM REDESMA"},"content":{"rendered":"\n<p>Compartimos en esta p\u00e1gina la serie de infograf\u00eda interactivas que genera el Observatorio en materia de informaci\u00f3n ambiental para 20 pa\u00edses de Am\u00e9rica Latina. <\/p>\n\n\n\n<p>La primer serie de infograf\u00edas las presentamos en el marco de la \u00abSemana del Ambiente 2022 organizada por REDESMA\u00bb .<\/p>\n\n\n\n<p>A continuaci\u00f3n puede acceder a cada una de las variables relevadas para esta primer serie. <\/p>\n\n\n\n<p>Cada infograf\u00eda cuenta con dos hojas, en la primera pueden acceder a los textos normativos (o sitios referenciados) y en la segunda encontrar\u00e1n el cuadro s\u00edntesis.<\/p>\n\n\n\n<p>Para obtener m\u00e1s informaci\u00f3n sobre las actividades del Observatorio, puede ingresar a la <a rel=\"noreferrer noopener\" href=\"https:\/\/cebem.org\/?page_id=8812\" target=\"_blank\">pagina oficial.<\/a><\/p>\n\n\n\n<h3 class=\"has-text-align-center has-large-font-size wp-block-heading\"><strong>Serie de Infograf\u00edas 2022 &#8211; Primera serie<\/strong><\/h3>\n\n\n\n<div class=\"wp-block-media-text is-stacked-on-mobile\"><figure class=\"wp-block-media-text__media\"><img data-recalc-dims=\"1\" fetchpriority=\"high\" decoding=\"async\" width=\"704\" height=\"270\" src=\"https:\/\/i0.wp.com\/cebem.org\/wp-content\/uploads\/2022\/06\/leyes-marco-ambiental-1.jpg?resize=704%2C270&#038;ssl=1\" alt=\"\" class=\"wp-image-10829 size-full\" srcset=\"https:\/\/i0.wp.com\/cebem.org\/wp-content\/uploads\/2022\/06\/leyes-marco-ambiental-1.jpg?w=704&amp;ssl=1 704w, https:\/\/i0.wp.com\/cebem.org\/wp-content\/uploads\/2022\/06\/leyes-marco-ambiental-1.jpg?resize=300%2C115&amp;ssl=1 300w, https:\/\/i0.wp.com\/cebem.org\/wp-content\/uploads\/2022\/06\/leyes-marco-ambiental-1.jpg?resize=600%2C230&amp;ssl=1 600w\" sizes=\"(max-width: 704px) 100vw, 704px\" \/><\/figure><div class=\"wp-block-media-text__content\">\n<p class=\"has-large-font-size\"><a href=\"https:\/\/view.genial.ly\/624c56d7fff3aa0018e78510\/interactive-content-producto-leyes-ambientales-observatorio-ambiental-redesma\" target=\"_blank\" rel=\"noreferrer noopener\">Ver la infograf\u00eda<\/a><\/p>\n<\/div><\/div>\n\n\n\n<div class=\"wp-block-media-text has-media-on-the-right is-stacked-on-mobile\"><div class=\"wp-block-media-text__content\">\n<p class=\"has-large-font-size\"><a href=\"https:\/\/view.genial.ly\/629a89fdddd1550013095b44\/interactive-content-producto-marco-institucional-ambiental-observatorio-ambiental-redesma\" target=\"_blank\" rel=\"noreferrer noopener\">Ver la infograf\u00eda<\/a><\/p>\n<\/div><figure class=\"wp-block-media-text__media\"><img data-recalc-dims=\"1\" decoding=\"async\" width=\"704\" height=\"270\" src=\"https:\/\/i0.wp.com\/cebem.org\/wp-content\/uploads\/2022\/06\/marco-constitucional-2.jpg?resize=704%2C270&#038;ssl=1\" alt=\"\" class=\"wp-image-10830 size-full\" srcset=\"https:\/\/i0.wp.com\/cebem.org\/wp-content\/uploads\/2022\/06\/marco-constitucional-2.jpg?w=704&amp;ssl=1 704w, https:\/\/i0.wp.com\/cebem.org\/wp-content\/uploads\/2022\/06\/marco-constitucional-2.jpg?resize=300%2C115&amp;ssl=1 300w, https:\/\/i0.wp.com\/cebem.org\/wp-content\/uploads\/2022\/06\/marco-constitucional-2.jpg?resize=600%2C230&amp;ssl=1 600w\" sizes=\"(max-width: 704px) 100vw, 704px\" \/><\/figure><\/div>\n\n\n\n<div class=\"wp-block-media-text is-stacked-on-mobile\"><figure class=\"wp-block-media-text__media\"><img data-recalc-dims=\"1\" decoding=\"async\" width=\"704\" height=\"270\" src=\"https:\/\/i0.wp.com\/cebem.org\/wp-content\/uploads\/2022\/06\/leyes-acceso-3.jpg?resize=704%2C270&#038;ssl=1\" alt=\"\" class=\"wp-image-10831 size-full\" srcset=\"https:\/\/i0.wp.com\/cebem.org\/wp-content\/uploads\/2022\/06\/leyes-acceso-3.jpg?w=704&amp;ssl=1 704w, https:\/\/i0.wp.com\/cebem.org\/wp-content\/uploads\/2022\/06\/leyes-acceso-3.jpg?resize=300%2C115&amp;ssl=1 300w, https:\/\/i0.wp.com\/cebem.org\/wp-content\/uploads\/2022\/06\/leyes-acceso-3.jpg?resize=600%2C230&amp;ssl=1 600w\" sizes=\"(max-width: 704px) 100vw, 704px\" \/><\/figure><div class=\"wp-block-media-text__content\">\n<p class=\"has-large-font-size\"><a href=\"https:\/\/view.genial.ly\/629a6396f81c3400179e0c9d\/interactive-content-producto-acceso-a-la-informacion-observatorio-ambiental-redesma\" target=\"_blank\" rel=\"noreferrer noopener\">Ver la infograf\u00eda<\/a><\/p>\n<\/div><\/div>\n\n\n\n<div class=\"wp-block-media-text has-media-on-the-right is-stacked-on-mobile\"><div class=\"wp-block-media-text__content\">\n<p class=\"has-large-font-size\"><a href=\"https:\/\/view.genial.ly\/62a27fb56a630c0018a0c057\/interactive-content-producto-leyes-residuos-industriales-observatorio-ambiental\" target=\"_blank\" rel=\"noreferrer noopener\">Ver la infograf\u00eda<\/a><\/p>\n<\/div><figure class=\"wp-block-media-text__media\"><img data-recalc-dims=\"1\" loading=\"lazy\" decoding=\"async\" width=\"704\" height=\"270\" src=\"https:\/\/i0.wp.com\/cebem.org\/wp-content\/uploads\/2022\/06\/leyes-residuo-4.jpg?resize=704%2C270&#038;ssl=1\" alt=\"\" class=\"wp-image-10832 size-full\" srcset=\"https:\/\/i0.wp.com\/cebem.org\/wp-content\/uploads\/2022\/06\/leyes-residuo-4.jpg?w=704&amp;ssl=1 704w, https:\/\/i0.wp.com\/cebem.org\/wp-content\/uploads\/2022\/06\/leyes-residuo-4.jpg?resize=300%2C115&amp;ssl=1 300w, https:\/\/i0.wp.com\/cebem.org\/wp-content\/uploads\/2022\/06\/leyes-residuo-4.jpg?resize=600%2C230&amp;ssl=1 600w\" sizes=\"(max-width: 704px) 100vw, 704px\" \/><\/figure><\/div>\n\n\n\n<div class=\"wp-block-media-text is-stacked-on-mobile\"><figure class=\"wp-block-media-text__media\"><img data-recalc-dims=\"1\" loading=\"lazy\" decoding=\"async\" width=\"704\" height=\"270\" src=\"https:\/\/i0.wp.com\/cebem.org\/wp-content\/uploads\/2022\/06\/leyes-residuo-peligroso-5.jpg?resize=704%2C270&#038;ssl=1\" alt=\"\" class=\"wp-image-10833 size-full\" srcset=\"https:\/\/i0.wp.com\/cebem.org\/wp-content\/uploads\/2022\/06\/leyes-residuo-peligroso-5.jpg?w=704&amp;ssl=1 704w, https:\/\/i0.wp.com\/cebem.org\/wp-content\/uploads\/2022\/06\/leyes-residuo-peligroso-5.jpg?resize=300%2C115&amp;ssl=1 300w, https:\/\/i0.wp.com\/cebem.org\/wp-content\/uploads\/2022\/06\/leyes-residuo-peligroso-5.jpg?resize=600%2C230&amp;ssl=1 600w\" sizes=\"(max-width: 704px) 100vw, 704px\" \/><\/figure><div class=\"wp-block-media-text__content\">\n<p class=\"has-large-font-size\"><a href=\"https:\/\/view.genial.ly\/629d43ea4646ac00196d228a\/interactive-content-producto-leyes-de-residuos-peligrosos-observatorio-ambiental\" target=\"_blank\" rel=\"noreferrer noopener\">Ver la infograf\u00eda<\/a><\/p>\n<\/div><\/div>\n\n\n\n<div class=\"wp-block-media-text has-media-on-the-right is-stacked-on-mobile\"><div class=\"wp-block-media-text__content\">\n<p class=\"has-large-font-size\"><a href=\"https:\/\/view.genial.ly\/629d398057b87400124e238d\/interactive-content-producto-leyes-de-rsu-modelo-observatorio-ambiental\" target=\"_blank\" rel=\"noreferrer noopener\">Ver la infograf\u00eda<\/a><\/p>\n<\/div><figure class=\"wp-block-media-text__media\"><img data-recalc-dims=\"1\" loading=\"lazy\" decoding=\"async\" width=\"704\" height=\"270\" src=\"https:\/\/i0.wp.com\/cebem.org\/wp-content\/uploads\/2022\/06\/leyes-residuo-solidos-urbanos-6.jpg?resize=704%2C270&#038;ssl=1\" alt=\"\" class=\"wp-image-10834 size-full\" srcset=\"https:\/\/i0.wp.com\/cebem.org\/wp-content\/uploads\/2022\/06\/leyes-residuo-solidos-urbanos-6.jpg?w=704&amp;ssl=1 704w, https:\/\/i0.wp.com\/cebem.org\/wp-content\/uploads\/2022\/06\/leyes-residuo-solidos-urbanos-6.jpg?resize=300%2C115&amp;ssl=1 300w, https:\/\/i0.wp.com\/cebem.org\/wp-content\/uploads\/2022\/06\/leyes-residuo-solidos-urbanos-6.jpg?resize=600%2C230&amp;ssl=1 600w\" sizes=\"(max-width: 704px) 100vw, 704px\" \/><\/figure><\/div>\n\n\n\n<div class=\"wp-block-media-text is-stacked-on-mobile\"><figure class=\"wp-block-media-text__media\"><img data-recalc-dims=\"1\" loading=\"lazy\" decoding=\"async\" width=\"704\" height=\"270\" src=\"https:\/\/i0.wp.com\/cebem.org\/wp-content\/uploads\/2022\/06\/leyes-cambio-climatico-al-7.jpg?resize=704%2C270&#038;ssl=1\" alt=\"\" class=\"wp-image-10835 size-full\" srcset=\"https:\/\/i0.wp.com\/cebem.org\/wp-content\/uploads\/2022\/06\/leyes-cambio-climatico-al-7.jpg?w=704&amp;ssl=1 704w, https:\/\/i0.wp.com\/cebem.org\/wp-content\/uploads\/2022\/06\/leyes-cambio-climatico-al-7.jpg?resize=300%2C115&amp;ssl=1 300w, https:\/\/i0.wp.com\/cebem.org\/wp-content\/uploads\/2022\/06\/leyes-cambio-climatico-al-7.jpg?resize=600%2C230&amp;ssl=1 600w\" sizes=\"(max-width: 704px) 100vw, 704px\" \/><\/figure><div class=\"wp-block-media-text__content\">\n<p class=\"has-large-font-size\"><a href=\"https:\/\/view.genial.ly\/62a3e54eb500e8001162d761\/interactive-content-producto-leyes-de-cambio-climatico-observatorio-ambiental-redesma\" target=\"_blank\" rel=\"noreferrer noopener\">Ver la infograf\u00eda<\/a><\/p>\n<\/div><\/div>\n\n\n\n<div class=\"wp-block-media-text has-media-on-the-right is-stacked-on-mobile\"><div class=\"wp-block-media-text__content\">\n<p class=\"has-large-font-size\"><a href=\"https:\/\/view.genial.ly\/62a3e545ebed24001c84a406\/interactive-content-producto-leyes-riesgo-de-desastre-observatorio-ambiental\" target=\"_blank\" rel=\"noreferrer noopener\">Ver la infograf\u00eda<\/a><\/p>\n<\/div><figure class=\"wp-block-media-text__media\"><img data-recalc-dims=\"1\" loading=\"lazy\" decoding=\"async\" width=\"704\" height=\"270\" src=\"https:\/\/i0.wp.com\/cebem.org\/wp-content\/uploads\/2022\/06\/leyes-riesgo-desastre-al-8.jpg?resize=704%2C270&#038;ssl=1\" alt=\"\" class=\"wp-image-10836 size-full\" srcset=\"https:\/\/i0.wp.com\/cebem.org\/wp-content\/uploads\/2022\/06\/leyes-riesgo-desastre-al-8.jpg?w=704&amp;ssl=1 704w, https:\/\/i0.wp.com\/cebem.org\/wp-content\/uploads\/2022\/06\/leyes-riesgo-desastre-al-8.jpg?resize=300%2C115&amp;ssl=1 300w, https:\/\/i0.wp.com\/cebem.org\/wp-content\/uploads\/2022\/06\/leyes-riesgo-desastre-al-8.jpg?resize=600%2C230&amp;ssl=1 600w\" sizes=\"(max-width: 704px) 100vw, 704px\" \/><\/figure><\/div>\n","protected":false},"excerpt":{"rendered":"<p>Compartimos en esta p\u00e1gina la serie de infograf\u00eda interactivas que genera el Observatorio en materia de informaci\u00f3n ambiental para 20 pa\u00edses de Am\u00e9rica Latina. La primer serie de infograf\u00edas las presentamos en el marco de la \u00abSemana del Ambiente 2022 organizada por REDESMA\u00bb . A continuaci\u00f3n puede acceder a cada una de las variables relevadas &hellip; <\/p>\n<p><a class=\"more-link btn\" href=\"https:\/\/cebem.org\/?page_id=10810\">Seguir leyendo<\/a><\/p>\n","protected":false},"author":2,"featured_media":10853,"parent":0,"menu_order":0,"comment_status":"closed","ping_status":"closed","template":"","meta":{"footnotes":""},"class_list":["post-10810","page","type-page","status-publish","has-post-thumbnail","hentry","nodate","item-wrap"],"jetpack_sharing_enabled":true,"_links":{"self":[{"href":"https:\/\/cebem.org\/index.php?rest_route=\/wp\/v2\/pages\/10810","targetHints":{"allow":["GET"]}}],"collection":[{"href":"https:\/\/cebem.org\/index.php?rest_route=\/wp\/v2\/pages"}],"about":[{"href":"https:\/\/cebem.org\/index.php?rest_route=\/wp\/v2\/types\/page"}],"author":[{"embeddable":true,"href":"https:\/\/cebem.org\/index.php?rest_route=\/wp\/v2\/users\/2"}],"replies":[{"embeddable":true,"href":"https:\/\/cebem.org\/index.php?rest_route=%2Fwp%2Fv2%2Fcomments&post=10810"}],"version-history":[{"count":10,"href":"https:\/\/cebem.org\/index.php?rest_route=\/wp\/v2\/pages\/10810\/revisions"}],"predecessor-version":[{"id":12190,"href":"https:\/\/cebem.org\/index.php?rest_route=\/wp\/v2\/pages\/10810\/revisions\/12190"}],"wp:featuredmedia":[{"embeddable":true,"href":"https:\/\/cebem.org\/index.php?rest_route=\/wp\/v2\/media\/10853"}],"wp:attachment":[{"href":"https:\/\/cebem.org\/index.php?rest_route=%2Fwp%2Fv2%2Fmedia&parent=10810"}],"curies":[{"name":"wp","href":"https:\/\/api.w.org\/{rel}","templated":true}]}}