
{"id":102,"date":"2016-01-18T18:31:35","date_gmt":"2016-01-18T22:31:35","guid":{"rendered":"http:\/\/cebem.org\/?page_id=102"},"modified":"2022-08-15T10:29:02","modified_gmt":"2022-08-15T14:29:02","slug":"chipaya","status":"publish","type":"page","link":"https:\/\/cebem.org\/?page_id=102","title":{"rendered":"Chipaya"},"content":{"rendered":"<p><strong><img data-recalc-dims=\"1\" fetchpriority=\"high\" decoding=\"async\" class=\"alignleft wp-image-106 size-medium\" src=\"https:\/\/i0.wp.com\/cebem.org\/wp-content\/uploads\/2016\/01\/cebem.org-p102-logo_chipaya-300x224.jpg?resize=300%2C224\" alt=\"cebem.org-p102-logo_chipaya\" width=\"300\" height=\"224\" srcset=\"https:\/\/i0.wp.com\/cebem.org\/wp-content\/uploads\/2016\/01\/cebem.org-p102-logo_chipaya.jpg?resize=300%2C224&amp;ssl=1 300w, https:\/\/i0.wp.com\/cebem.org\/wp-content\/uploads\/2016\/01\/cebem.org-p102-logo_chipaya.jpg?w=375&amp;ssl=1 375w\" sizes=\"(max-width: 300px) 100vw, 300px\" \/>Cebem<\/strong> es, junto al&nbsp;<strong>Gruppo di Volontariato Civile (<a href=\"http:\/\/www.gvc-italia.org\/\" target=\"_blank\" rel=\"noopener\">GVC<\/a>)<\/strong>, ejecutor del proyecto \u00abQnas So\u00f1i (Hombres del Agua): Chipaya, entre tradici\u00f3n y tecnolog\u00eda, hacia un municipio resiliente\u00bb. El mismo tiene como objetivo central mejorar la condici\u00f3n de vida del pueblo ind\u00edgena Uru Chipaya, del departamento boliviano de Oruro, diversificando y fortaleciendo sus medios de vida.<\/p>\n<p><strong>visite la web del proyecto:<\/strong> <a href=\"http:\/\/chipaya.org\" target=\"_blank\" rel=\"noopener\">http:\/\/chipaya.org<\/a><\/p>\n","protected":false},"excerpt":{"rendered":"<p>Cebem es, junto al&nbsp;Gruppo di Volontariato Civile (GVC), ejecutor del proyecto \u00abQnas So\u00f1i (Hombres del Agua): Chipaya, entre tradici\u00f3n y tecnolog\u00eda, hacia un municipio resiliente\u00bb. El mismo tiene como objetivo central mejorar la condici\u00f3n de vida del pueblo ind\u00edgena Uru Chipaya, del departamento boliviano de Oruro, diversificando y fortaleciendo sus medios de vida. visite la &hellip; <\/p>\n<p><a class=\"more-link btn\" href=\"https:\/\/cebem.org\/?page_id=102\">Seguir leyendo<\/a><\/p>\n","protected":false},"author":13,"featured_media":106,"parent":1051,"menu_order":1,"comment_status":"closed","ping_status":"closed","template":"","meta":{"footnotes":""},"class_list":["post-102","page","type-page","status-publish","has-post-thumbnail","hentry","nodate","item-wrap"],"jetpack_sharing_enabled":true,"_links":{"self":[{"href":"https:\/\/cebem.org\/index.php?rest_route=\/wp\/v2\/pages\/102","targetHints":{"allow":["GET"]}}],"collection":[{"href":"https:\/\/cebem.org\/index.php?rest_route=\/wp\/v2\/pages"}],"about":[{"href":"https:\/\/cebem.org\/index.php?rest_route=\/wp\/v2\/types\/page"}],"author":[{"embeddable":true,"href":"https:\/\/cebem.org\/index.php?rest_route=\/wp\/v2\/users\/13"}],"replies":[{"embeddable":true,"href":"https:\/\/cebem.org\/index.php?rest_route=%2Fwp%2Fv2%2Fcomments&post=102"}],"version-history":[{"count":5,"href":"https:\/\/cebem.org\/index.php?rest_route=\/wp\/v2\/pages\/102\/revisions"}],"predecessor-version":[{"id":11294,"href":"https:\/\/cebem.org\/index.php?rest_route=\/wp\/v2\/pages\/102\/revisions\/11294"}],"up":[{"embeddable":true,"href":"https:\/\/cebem.org\/index.php?rest_route=\/wp\/v2\/pages\/1051"}],"wp:featuredmedia":[{"embeddable":true,"href":"https:\/\/cebem.org\/index.php?rest_route=\/wp\/v2\/media\/106"}],"wp:attachment":[{"href":"https:\/\/cebem.org\/index.php?rest_route=%2Fwp%2Fv2%2Fmedia&parent=102"}],"curies":[{"name":"wp","href":"https:\/\/api.w.org\/{rel}","templated":true}]}}